{"id":14,"date":"2022-11-03T16:10:18","date_gmt":"2022-11-03T16:10:18","guid":{"rendered":"https:\/\/rot-weisse-husaren.de\/?page_id=14"},"modified":"2022-11-06T21:32:51","modified_gmt":"2022-11-06T21:32:51","slug":"impressum","status":"publish","type":"page","link":"https:\/\/rot-weisse-husaren.de\/?page_id=14","title":{"rendered":"Impressum"},"content":{"rendered":"\n<h2 class=\"has-medium-font-size wp-block-heading\">Angaben gem\u00e4\u00df \u00a7 5 TMG:<\/h2>\n\n\n\n<p class=\"has-medium-font-size\">K.G. Rot-Wei\u00dfe Husaren 1953 e. V. Andernach<br>Goethestra\u00dfe 16<br>56626 Andernach<\/p>\n\n\n\n<h2 class=\"has-medium-font-size wp-block-heading\">Vertreten durch:<\/h2>\n\n\n\n<p class=\"has-medium-font-size\">Sascha Schulz, Torben Salmon, Monika Hochgeschurz<br><a href=\"mailto:info@rot-weisse-husaren.de\" data-type=\"mailto\" data-id=\"mailto:info@rot-weisse-husaren.de\">Info (at) rot-weisse-husaren.de<\/a><\/p>\n\n\n\n<h2 class=\"has-medium-font-size wp-block-heading\">Registereintrag:<\/h2>\n\n\n\n<p class=\"has-medium-font-size\">Vereinsregister: VR-10237<br>Registergericht: Amtsgericht Koblenz<br><\/p>\n\n\n\n<h2 class=\"has-medium-font-size wp-block-heading\">Umsatzsteuer-ID:<\/h2>\n\n\n\n<p class=\"has-medium-font-size\">Umsatzsteuer-Identifikationsnummer gem\u00e4\u00df \u00a727 a Umsatzsteuergesetz:<br>DE51ZZZ00000059676<\/p>\n\n\n\n<h2 class=\"has-medium-font-size wp-block-heading\">Verantwortlich f\u00fcr den Inhalt nach \u00a7 55 Abs. 2 RStV:<\/h2>\n\n\n\n<p class=\"has-medium-font-size\">K.G. Rot-Wei\u00dfe Husaren 1953 e. V. Andernach<br>Kommandeur Sascha Schulz<br>Goethestra\u00dfe 16<br>56626 Andernach<\/p>\n\n\n\n<h2 class=\"wp-block-heading\">Bankverbindungen:<\/h2>\n\n\n\n<p class=\"has-medium-font-size\"><strong>Volksbank RheinAhrEifel<br><\/strong>IBAN: DE75577615910290114400<br>BIC GENODEDIBNA<\/p>\n\n\n\n<p class=\"has-medium-font-size\"><strong>Kreissparkasse Mayen<\/strong><br>IBAN: DE21576500100020004677<br>BIC MALADE51MYN<\/p>\n\n\n\n<h2 class=\"has-medium-font-size wp-block-heading\">Verantwortlich f\u00fcr die Gestaltung und Layout:<\/h2>\n\n\n\n<p class=\"has-medium-font-size\">Torben Salmon<br><a href=\"mailto:webmaster@rot-weisse-husaren.de\">webmaster(at)rot-weisse-husaren.de<\/a><\/p>\n\n\n\n<hr class=\"wp-block-separator has-alpha-channel-opacity is-style-wide\"\/>\n\n\n\n<p class=\"has-medium-font-size\"><strong>Streitschlichtung:<\/strong><br>Die Europ\u00e4ische Kommission stellt eine Plattform zur Online-Streitbeilegung (OS) bereit: https:\/\/ec.europa.eu\/consumers\/odr<br>Unsere E-Mail-Adresse finden Sie oben im Impressum.<br>Wir sind nicht bereit oder verpflichtet, an Streitbeilegungsverfahren vor einer Verbraucherschlichtungsstelle teilzunehmen.<\/p>\n\n\n\n<p class=\"has-small-font-size\">Quelle:&nbsp;Erstellt mit dem&nbsp;<a href=\"http:\/\/www.e-recht24.de\/impressum-generator.html\">Impressum-Generator eingetragener Verein (e. V.)<\/a>&nbsp;von eRecht24.<\/p>\n\n\n\n<hr class=\"wp-block-separator has-alpha-channel-opacity is-style-wide\"\/>\n\n\n\n<h1 class=\"has-medium-font-size wp-block-heading\" style=\"font-style:normal;font-weight:700;line-height:2.5\">Haftungsausschluss (Disclaimer)<\/h1>\n\n\n\n<h2 class=\"has-medium-font-size wp-block-heading\">Haftung f\u00fcr Inhalte<\/h2>\n\n\n\n<p class=\"has-medium-font-size\">Als Diensteanbieter sind wir gem\u00e4\u00df \u00a7 7 Abs.1 TMG f\u00fcr eigene Inhalte auf diesen Seiten nach den allgemeinen Gesetzen verantwortlich. Nach \u00a7\u00a7 8 bis 10 TMG sind wir als Diensteanbieter jedoch nicht verpflichtet, \u00fcbermittelte oder gespeicherte fremde Informationen zu \u00fcberwachen oder nach Umst\u00e4nden zu forschen, die auf eine rechtswidrige T\u00e4tigkeit hinweisen.<\/p>\n\n\n\n<p class=\"has-medium-font-size\">Verpflichtungen zur Entfernung oder Sperrung der Nutzung von Informationen nach den allgemeinen Gesetzen bleiben hiervon unber\u00fchrt. Eine diesbez\u00fcgliche Haftung ist jedoch erst ab dem Zeitpunkt der Kenntnis einer konkreten Rechtsverletzung m\u00f6glich. Bei Bekanntwerden von entsprechenden Rechtsverletzungen werden wir diese Inhalte umgehend entfernen.<\/p>\n\n\n\n<h2 class=\"has-medium-font-size wp-block-heading\">Haftung f\u00fcr Links<\/h2>\n\n\n\n<p class=\"has-medium-font-size\">Unser Angebot enth\u00e4lt Links zu externen Websites Dritter, auf deren Inhalte wir keinen Einfluss haben. Deshalb k\u00f6nnen wir f\u00fcr diese fremden Inhalte auch keine Gew\u00e4hr \u00fcbernehmen. F\u00fcr die Inhalte der verlinkten Seiten ist stets der jeweilige Anbieter oder Betreiber der Seiten verantwortlich. Die verlinkten Seiten wurden zum Zeitpunkt der Verlinkung auf m\u00f6gliche Rechtsverst\u00f6\u00dfe \u00fcberpr\u00fcft. Rechtswidrige Inhalte waren zum Zeitpunkt der Verlinkung nicht erkennbar.<\/p>\n\n\n\n<p class=\"has-medium-font-size\">Eine permanente inhaltliche Kontrolle der verlinkten Seiten ist jedoch ohne konkrete Anhaltspunkte einer Rechtsverletzung nicht zumutbar. Bei Bekanntwerden von Rechtsverletzungen werden wir derartige Links umgehend entfernen.<\/p>\n\n\n\n<h2 class=\"has-medium-font-size wp-block-heading\">Urheberrecht<\/h2>\n\n\n\n<p class=\"has-medium-font-size\">Die durch die Seitenbetreiber erstellten Inhalte und Werke auf diesen Seiten unterliegen dem deutschen Urheberrecht. Die Vervielf\u00e4ltigung, Bearbeitung, Verbreitung und jede Art der Verwertung au\u00dferhalb der Grenzen des Urheberrechtes bed\u00fcrfen der schriftlichen Zustimmung des jeweiligen Autors bzw. Erstellers. Downloads und Kopien dieser Seite sind nur f\u00fcr den privaten, nicht kommerziellen Gebrauch gestattet.<\/p>\n\n\n\n<p class=\"has-medium-font-size\">Soweit die Inhalte auf dieser Seite nicht vom Betreiber erstellt wurden, werden die Urheberrechte Dritter beachtet. Insbesondere werden Inhalte Dritter als solche gekennzeichnet. Sollten Sie trotzdem auf eine Urheberrechtsverletzung aufmerksam werden, bitten wir um einen entsprechenden Hinweis. Bei Bekanntwerden von Rechtsverletzungen werden wir derartige Inhalte umgehend entfernen.<\/p>\n\n\n\n<p class=\"has-small-font-size\">Quellenangabe: https:\/\/www.e-recht24.de<\/p>\n","protected":false},"excerpt":{"rendered":"<p>Angaben gem\u00e4\u00df \u00a7 5 TMG: K.G. Rot-Wei\u00dfe Husaren 1953 e. V. AndernachGoethestra\u00dfe 1656626 Andernach Vertreten durch: Sascha Schulz, Torben Salmon, Monika HochgeschurzInfo (at) rot-weisse-husaren.de Registereintrag: Vereinsregister: VR-10237Registergericht: Amtsgericht Koblenz Umsatzsteuer-ID: Umsatzsteuer-Identifikationsnummer gem\u00e4\u00df \u00a727 a Umsatzsteuergesetz:DE51ZZZ00000059676 Verantwortlich f\u00fcr den Inhalt nach \u00a7 55 Abs. 2 RStV: K.G. Rot-Wei\u00dfe Husaren 1953 e. V. AndernachKommandeur Sascha SchulzGoethestra\u00dfe 1656626 [&hellip;]<\/p>\n","protected":false},"author":1,"featured_media":0,"parent":0,"menu_order":10,"comment_status":"closed","ping_status":"closed","template":"","meta":{"footnotes":""},"class_list":["post-14","page","type-page","status-publish","hentry","entry"],"_links":{"self":[{"href":"https:\/\/rot-weisse-husaren.de\/index.php?rest_route=\/wp\/v2\/pages\/14","targetHints":{"allow":["GET"]}}],"collection":[{"href":"https:\/\/rot-weisse-husaren.de\/index.php?rest_route=\/wp\/v2\/pages"}],"about":[{"href":"https:\/\/rot-weisse-husaren.de\/index.php?rest_route=\/wp\/v2\/types\/page"}],"author":[{"embeddable":true,"href":"https:\/\/rot-weisse-husaren.de\/index.php?rest_route=\/wp\/v2\/users\/1"}],"replies":[{"embeddable":true,"href":"https:\/\/rot-weisse-husaren.de\/index.php?rest_route=%2Fwp%2Fv2%2Fcomments&post=14"}],"version-history":[{"count":5,"href":"https:\/\/rot-weisse-husaren.de\/index.php?rest_route=\/wp\/v2\/pages\/14\/revisions"}],"predecessor-version":[{"id":177,"href":"https:\/\/rot-weisse-husaren.de\/index.php?rest_route=\/wp\/v2\/pages\/14\/revisions\/177"}],"wp:attachment":[{"href":"https:\/\/rot-weisse-husaren.de\/index.php?rest_route=%2Fwp%2Fv2%2Fmedia&parent=14"}],"curies":[{"name":"wp","href":"https:\/\/api.w.org\/{rel}","templated":true}]}}