{"id":1674,"date":"2023-06-06T17:58:13","date_gmt":"2023-06-06T17:58:13","guid":{"rendered":"https:\/\/rot-weisse-husaren.de\/?page_id=1674"},"modified":"2025-03-02T22:50:44","modified_gmt":"2025-03-02T21:50:44","slug":"sessionsorden-2","status":"publish","type":"page","link":"https:\/\/rot-weisse-husaren.de\/?page_id=1674","title":{"rendered":"Nicht zugeordnete Orden"},"content":{"rendered":"<hr \/>\n<div class=\"auto-style31\" style=\"text-align: center;\">\n<p><span class=\"auto-style27\">An dieser Stelle findet ihr Orden der Rot-Wei\u00dfen Husaren, die wir bislang noch nicht zuordnen konnten.<\/span><\/p>\n<p>Vielleicht erinnert sich ja jemand um welche Orden es sich handelt, und kann uns helfen unser Archiv zu vervollst\u00e4ndigen.<\/p>\n<\/div>\n<p style=\"text-align: center;\"><span class=\"d2edcug0 hpfvmrgz qv66sw1b c1et5uql lr9zc1uh a8c37x1j keod5gw0 nxhoafnm aigsh9s9 d3f4x2em fe6kdd0r mau55g9w c8b282yb iv3no6db jq4qci2q a3bd9o3v knj5qynh oo9gr5id hzawbc8m\" dir=\"auto\"><strong><span style=\"color: #ff0000;\">Wie bei den Sessionsorden bitten wir euch auch hier:<\/span><\/strong><br \/>\nWenn jemand von euch einen Orden oder Ehrenzeichen der Rot-Wei\u00dfen Husaren besitzt, das noch nicht auf unserer Homepage abgebildet ist, w\u00e4re es sch\u00f6n, wenn ihr uns den Orden f\u00fcr ein Foto leihweise zur Verf\u00fcgung stellen w\u00fcrdet, damit wir ihn hier an dieser Stelle ver\u00f6ffentlichen k\u00f6nnen.<br \/>\n<\/span><br \/>\nHerzlichen Dank daf\u00fcr!<\/p>\n<hr \/>\n<div id='gallery-1' class='gallery galleryid-1674 gallery-columns-3 gallery-size-medium'><figure class='gallery-item'>\n\t\t\t<div class='gallery-icon portrait'>\n\t\t\t\t<a href='https:\/\/rot-weisse-husaren.de\/wp-content\/uploads\/2023\/06\/u_001.jpg'><img loading=\"lazy\" decoding=\"async\" width=\"274\" height=\"300\" src=\"https:\/\/rot-weisse-husaren.de\/wp-content\/uploads\/2023\/06\/u_001-274x300.jpg\" class=\"attachment-medium size-medium\" alt=\"\" srcset=\"https:\/\/rot-weisse-husaren.de\/wp-content\/uploads\/2023\/06\/u_001-274x300.jpg 274w, https:\/\/rot-weisse-husaren.de\/wp-content\/uploads\/2023\/06\/u_001.jpg 400w\" sizes=\"auto, (max-width: 274px) 100vw, 274px\" \/><\/a>\n\t\t\t<\/div><\/figure><figure class='gallery-item'>\n\t\t\t<div class='gallery-icon portrait'>\n\t\t\t\t<a href='https:\/\/rot-weisse-husaren.de\/wp-content\/uploads\/2023\/06\/u_012.jpg'><img loading=\"lazy\" decoding=\"async\" width=\"227\" height=\"300\" src=\"https:\/\/rot-weisse-husaren.de\/wp-content\/uploads\/2023\/06\/u_012-227x300.jpg\" class=\"attachment-medium size-medium\" alt=\"\" srcset=\"https:\/\/rot-weisse-husaren.de\/wp-content\/uploads\/2023\/06\/u_012-227x300.jpg 227w, https:\/\/rot-weisse-husaren.de\/wp-content\/uploads\/2023\/06\/u_012.jpg 400w\" sizes=\"auto, (max-width: 227px) 100vw, 227px\" \/><\/a>\n\t\t\t<\/div><\/figure><figure class='gallery-item'>\n\t\t\t<div class='gallery-icon portrait'>\n\t\t\t\t<a href='https:\/\/rot-weisse-husaren.de\/wp-content\/uploads\/2023\/06\/u_011.jpg'><img loading=\"lazy\" decoding=\"async\" width=\"184\" height=\"300\" src=\"https:\/\/rot-weisse-husaren.de\/wp-content\/uploads\/2023\/06\/u_011-184x300.jpg\" class=\"attachment-medium size-medium\" alt=\"\" srcset=\"https:\/\/rot-weisse-husaren.de\/wp-content\/uploads\/2023\/06\/u_011-184x300.jpg 184w, https:\/\/rot-weisse-husaren.de\/wp-content\/uploads\/2023\/06\/u_011.jpg 400w\" sizes=\"auto, (max-width: 184px) 100vw, 184px\" \/><\/a>\n\t\t\t<\/div><\/figure><figure class='gallery-item'>\n\t\t\t<div class='gallery-icon portrait'>\n\t\t\t\t<a href='https:\/\/rot-weisse-husaren.de\/wp-content\/uploads\/2023\/06\/u_010.jpg'><img loading=\"lazy\" decoding=\"async\" width=\"293\" height=\"300\" src=\"https:\/\/rot-weisse-husaren.de\/wp-content\/uploads\/2023\/06\/u_010-293x300.jpg\" class=\"attachment-medium size-medium\" alt=\"\" srcset=\"https:\/\/rot-weisse-husaren.de\/wp-content\/uploads\/2023\/06\/u_010-293x300.jpg 293w, https:\/\/rot-weisse-husaren.de\/wp-content\/uploads\/2023\/06\/u_010.jpg 400w\" sizes=\"auto, (max-width: 293px) 100vw, 293px\" \/><\/a>\n\t\t\t<\/div><\/figure><figure class='gallery-item'>\n\t\t\t<div class='gallery-icon portrait'>\n\t\t\t\t<a href='https:\/\/rot-weisse-husaren.de\/wp-content\/uploads\/2023\/06\/u_009.jpg'><img loading=\"lazy\" decoding=\"async\" width=\"284\" height=\"300\" src=\"https:\/\/rot-weisse-husaren.de\/wp-content\/uploads\/2023\/06\/u_009-284x300.jpg\" class=\"attachment-medium size-medium\" alt=\"\" srcset=\"https:\/\/rot-weisse-husaren.de\/wp-content\/uploads\/2023\/06\/u_009-284x300.jpg 284w, https:\/\/rot-weisse-husaren.de\/wp-content\/uploads\/2023\/06\/u_009.jpg 400w\" sizes=\"auto, (max-width: 284px) 100vw, 284px\" \/><\/a>\n\t\t\t<\/div><\/figure><figure class='gallery-item'>\n\t\t\t<div class='gallery-icon landscape'>\n\t\t\t\t<a href='https:\/\/rot-weisse-husaren.de\/wp-content\/uploads\/2023\/06\/u_008.jpg'><img loading=\"lazy\" decoding=\"async\" width=\"300\" height=\"289\" src=\"https:\/\/rot-weisse-husaren.de\/wp-content\/uploads\/2023\/06\/u_008-300x289.jpg\" class=\"attachment-medium size-medium\" alt=\"\" srcset=\"https:\/\/rot-weisse-husaren.de\/wp-content\/uploads\/2023\/06\/u_008-300x289.jpg 300w, https:\/\/rot-weisse-husaren.de\/wp-content\/uploads\/2023\/06\/u_008.jpg 400w\" sizes=\"auto, (max-width: 300px) 100vw, 300px\" \/><\/a>\n\t\t\t<\/div><\/figure><figure class='gallery-item'>\n\t\t\t<div class='gallery-icon portrait'>\n\t\t\t\t<a href='https:\/\/rot-weisse-husaren.de\/wp-content\/uploads\/2023\/06\/u_007.jpg'><img loading=\"lazy\" decoding=\"async\" width=\"135\" height=\"300\" src=\"https:\/\/rot-weisse-husaren.de\/wp-content\/uploads\/2023\/06\/u_007-135x300.jpg\" class=\"attachment-medium size-medium\" alt=\"\" srcset=\"https:\/\/rot-weisse-husaren.de\/wp-content\/uploads\/2023\/06\/u_007-135x300.jpg 135w, https:\/\/rot-weisse-husaren.de\/wp-content\/uploads\/2023\/06\/u_007.jpg 400w\" sizes=\"auto, (max-width: 135px) 100vw, 135px\" \/><\/a>\n\t\t\t<\/div><\/figure><figure class='gallery-item'>\n\t\t\t<div class='gallery-icon portrait'>\n\t\t\t\t<a href='https:\/\/rot-weisse-husaren.de\/wp-content\/uploads\/2023\/06\/u_006.jpg'><img loading=\"lazy\" decoding=\"async\" width=\"143\" height=\"300\" src=\"https:\/\/rot-weisse-husaren.de\/wp-content\/uploads\/2023\/06\/u_006-143x300.jpg\" class=\"attachment-medium size-medium\" alt=\"\" srcset=\"https:\/\/rot-weisse-husaren.de\/wp-content\/uploads\/2023\/06\/u_006-143x300.jpg 143w, https:\/\/rot-weisse-husaren.de\/wp-content\/uploads\/2023\/06\/u_006.jpg 400w\" sizes=\"auto, (max-width: 143px) 100vw, 143px\" \/><\/a>\n\t\t\t<\/div><\/figure><figure class='gallery-item'>\n\t\t\t<div class='gallery-icon landscape'>\n\t\t\t\t<a href='https:\/\/rot-weisse-husaren.de\/wp-content\/uploads\/2023\/06\/u_005.jpg'><img loading=\"lazy\" decoding=\"async\" width=\"300\" height=\"282\" src=\"https:\/\/rot-weisse-husaren.de\/wp-content\/uploads\/2023\/06\/u_005-300x282.jpg\" class=\"attachment-medium size-medium\" alt=\"\" srcset=\"https:\/\/rot-weisse-husaren.de\/wp-content\/uploads\/2023\/06\/u_005-300x282.jpg 300w, https:\/\/rot-weisse-husaren.de\/wp-content\/uploads\/2023\/06\/u_005.jpg 400w\" sizes=\"auto, (max-width: 300px) 100vw, 300px\" \/><\/a>\n\t\t\t<\/div><\/figure><figure class='gallery-item'>\n\t\t\t<div class='gallery-icon portrait'>\n\t\t\t\t<a href='https:\/\/rot-weisse-husaren.de\/wp-content\/uploads\/2023\/06\/u_004.jpg'><img loading=\"lazy\" decoding=\"async\" width=\"262\" height=\"300\" src=\"https:\/\/rot-weisse-husaren.de\/wp-content\/uploads\/2023\/06\/u_004-262x300.jpg\" class=\"attachment-medium size-medium\" alt=\"\" srcset=\"https:\/\/rot-weisse-husaren.de\/wp-content\/uploads\/2023\/06\/u_004-262x300.jpg 262w, https:\/\/rot-weisse-husaren.de\/wp-content\/uploads\/2023\/06\/u_004.jpg 400w\" sizes=\"auto, (max-width: 262px) 100vw, 262px\" \/><\/a>\n\t\t\t<\/div><\/figure><figure class='gallery-item'>\n\t\t\t<div class='gallery-icon portrait'>\n\t\t\t\t<a href='https:\/\/rot-weisse-husaren.de\/wp-content\/uploads\/2023\/06\/u_003.jpg'><img loading=\"lazy\" decoding=\"async\" width=\"168\" height=\"300\" src=\"https:\/\/rot-weisse-husaren.de\/wp-content\/uploads\/2023\/06\/u_003-168x300.jpg\" class=\"attachment-medium size-medium\" alt=\"\" srcset=\"https:\/\/rot-weisse-husaren.de\/wp-content\/uploads\/2023\/06\/u_003-168x300.jpg 168w, https:\/\/rot-weisse-husaren.de\/wp-content\/uploads\/2023\/06\/u_003.jpg 400w\" sizes=\"auto, (max-width: 168px) 100vw, 168px\" \/><\/a>\n\t\t\t<\/div><\/figure><figure class='gallery-item'>\n\t\t\t<div class='gallery-icon portrait'>\n\t\t\t\t<a href='https:\/\/rot-weisse-husaren.de\/wp-content\/uploads\/2023\/06\/u_002.jpeg'><img loading=\"lazy\" decoding=\"async\" width=\"192\" height=\"300\" src=\"https:\/\/rot-weisse-husaren.de\/wp-content\/uploads\/2023\/06\/u_002-192x300.jpeg\" class=\"attachment-medium size-medium\" alt=\"\" srcset=\"https:\/\/rot-weisse-husaren.de\/wp-content\/uploads\/2023\/06\/u_002-192x300.jpeg 192w, https:\/\/rot-weisse-husaren.de\/wp-content\/uploads\/2023\/06\/u_002.jpeg 400w\" sizes=\"auto, (max-width: 192px) 100vw, 192px\" \/><\/a>\n\t\t\t<\/div><\/figure>\n\t\t<\/div>\n\n","protected":false},"excerpt":{"rendered":"<p>An dieser Stelle findet ihr Orden der Rot-Wei\u00dfen Husaren, die wir bislang noch nicht zuordnen konnten. Vielleicht erinnert sich ja jemand um welche Orden es sich handelt, und kann uns helfen unser Archiv zu vervollst\u00e4ndigen. Wie bei den Sessionsorden bitten wir euch auch hier: Wenn jemand von euch einen Orden oder Ehrenzeichen der Rot-Wei\u00dfen Husaren [&hellip;]<\/p>\n","protected":false},"author":1,"featured_media":0,"parent":0,"menu_order":0,"comment_status":"closed","ping_status":"closed","template":"","meta":{"footnotes":""},"class_list":["post-1674","page","type-page","status-publish","hentry","entry"],"_links":{"self":[{"href":"https:\/\/rot-weisse-husaren.de\/index.php?rest_route=\/wp\/v2\/pages\/1674","targetHints":{"allow":["GET"]}}],"collection":[{"href":"https:\/\/rot-weisse-husaren.de\/index.php?rest_route=\/wp\/v2\/pages"}],"about":[{"href":"https:\/\/rot-weisse-husaren.de\/index.php?rest_route=\/wp\/v2\/types\/page"}],"author":[{"embeddable":true,"href":"https:\/\/rot-weisse-husaren.de\/index.php?rest_route=\/wp\/v2\/users\/1"}],"replies":[{"embeddable":true,"href":"https:\/\/rot-weisse-husaren.de\/index.php?rest_route=%2Fwp%2Fv2%2Fcomments&post=1674"}],"version-history":[{"count":5,"href":"https:\/\/rot-weisse-husaren.de\/index.php?rest_route=\/wp\/v2\/pages\/1674\/revisions"}],"predecessor-version":[{"id":2629,"href":"https:\/\/rot-weisse-husaren.de\/index.php?rest_route=\/wp\/v2\/pages\/1674\/revisions\/2629"}],"wp:attachment":[{"href":"https:\/\/rot-weisse-husaren.de\/index.php?rest_route=%2Fwp%2Fv2%2Fmedia&parent=1674"}],"curies":[{"name":"wp","href":"https:\/\/api.w.org\/{rel}","templated":true}]}}