{"id":1779,"date":"2023-06-07T09:07:52","date_gmt":"2023-06-07T09:07:52","guid":{"rendered":"https:\/\/rot-weisse-husaren.de\/?page_id=1779"},"modified":"2023-06-07T09:07:52","modified_gmt":"2023-06-07T09:07:52","slug":"orden","status":"publish","type":"page","link":"https:\/\/rot-weisse-husaren.de\/?page_id=1779","title":{"rendered":"Orden"},"content":{"rendered":"<hr \/>\n<p style=\"text-align: center;\">Auf den nachfolgenden Seiten zeigen wir Euch unter anderem die Sessionsorden,<\/p>\n<p style=\"text-align: center;\">sowie den gro\u00dfen Verdienstorden der Rot-Wei\u00dfen Husaren inkl. aller Empf\u00e4nger.<\/p>\n<hr \/>\n<p>&nbsp;<\/p>\n","protected":false},"excerpt":{"rendered":"<p>Auf den nachfolgenden Seiten zeigen wir Euch unter anderem die Sessionsorden, sowie den gro\u00dfen Verdienstorden der Rot-Wei\u00dfen Husaren inkl. aller Empf\u00e4nger. &nbsp;<\/p>\n","protected":false},"author":1,"featured_media":0,"parent":0,"menu_order":0,"comment_status":"closed","ping_status":"closed","template":"","meta":{"footnotes":""},"class_list":["post-1779","page","type-page","status-publish","hentry","entry"],"_links":{"self":[{"href":"https:\/\/rot-weisse-husaren.de\/index.php?rest_route=\/wp\/v2\/pages\/1779","targetHints":{"allow":["GET"]}}],"collection":[{"href":"https:\/\/rot-weisse-husaren.de\/index.php?rest_route=\/wp\/v2\/pages"}],"about":[{"href":"https:\/\/rot-weisse-husaren.de\/index.php?rest_route=\/wp\/v2\/types\/page"}],"author":[{"embeddable":true,"href":"https:\/\/rot-weisse-husaren.de\/index.php?rest_route=\/wp\/v2\/users\/1"}],"replies":[{"embeddable":true,"href":"https:\/\/rot-weisse-husaren.de\/index.php?rest_route=%2Fwp%2Fv2%2Fcomments&post=1779"}],"version-history":[{"count":1,"href":"https:\/\/rot-weisse-husaren.de\/index.php?rest_route=\/wp\/v2\/pages\/1779\/revisions"}],"predecessor-version":[{"id":1780,"href":"https:\/\/rot-weisse-husaren.de\/index.php?rest_route=\/wp\/v2\/pages\/1779\/revisions\/1780"}],"wp:attachment":[{"href":"https:\/\/rot-weisse-husaren.de\/index.php?rest_route=%2Fwp%2Fv2%2Fmedia&parent=1779"}],"curies":[{"name":"wp","href":"https:\/\/api.w.org\/{rel}","templated":true}]}}