{"id":1781,"date":"2023-06-07T09:11:14","date_gmt":"2023-06-07T09:11:14","guid":{"rendered":"https:\/\/rot-weisse-husaren.de\/?page_id=1781"},"modified":"2025-10-29T18:35:33","modified_gmt":"2025-10-29T17:35:33","slug":"grosser-verdienstorden","status":"publish","type":"page","link":"https:\/\/rot-weisse-husaren.de\/?page_id=1781","title":{"rendered":"Gro\u00dfer Verdienstorden"},"content":{"rendered":"<hr \/>\n<p style=\"text-align: center;\">Der gro\u00dfe Verdienstorden wurde geschaffen, um Karnevalisten, die sich \u00fcber einen l\u00e4ngeren Zeitraum mit viel Idealismus und Engagement in den Dienst der Sache gestellt haben, eine besondere Ehrung zu Teil werden zu lassen.<\/p>\n<p style=\"text-align: center;\"><img loading=\"lazy\" decoding=\"async\" class=\"aligncenter wp-image-2168 size-medium\" src=\"https:\/\/rot-weisse-husaren.de\/wp-content\/uploads\/2023\/11\/GVO-200x300.png\" alt=\"\" width=\"200\" height=\"300\" srcset=\"https:\/\/rot-weisse-husaren.de\/wp-content\/uploads\/2023\/11\/GVO-200x300.png 200w, https:\/\/rot-weisse-husaren.de\/wp-content\/uploads\/2023\/11\/GVO-684x1024.png 684w, https:\/\/rot-weisse-husaren.de\/wp-content\/uploads\/2023\/11\/GVO-768x1151.png 768w, https:\/\/rot-weisse-husaren.de\/wp-content\/uploads\/2023\/11\/GVO-1025x1536.png 1025w, https:\/\/rot-weisse-husaren.de\/wp-content\/uploads\/2023\/11\/GVO-1367x2048.png 1367w, https:\/\/rot-weisse-husaren.de\/wp-content\/uploads\/2023\/11\/GVO.png 1871w\" sizes=\"auto, (max-width: 200px) 100vw, 200px\" \/><\/p>\n<p style=\"text-align: center;\">F\u00fcr besondere Leistungen im Korps wurden seit 1989 folgende Personen ausgezeichnet:<\/p>\n<hr \/>\n<p style=\"text-align: center;\"><strong>1989<\/strong> <strong>Friedhelm Bodemann<br \/>\n<\/strong><em>Gesch\u00e4ftsf\u00fchrer a. D., Ehrenkommandeur und\u00a0<\/em><em>Prinz 1978<\/em><\/p>\n<p style=\"text-align: center;\"><strong>1989 Peter Mentges \u2020<br \/>\n<\/strong><em>Ehrenkommandeur<\/em><\/p>\n<p style=\"text-align: center;\"><strong>1989 Heinrich Latterich \u2020<br \/>\n<\/strong><em>Mitglied Festausschuss, Ehrenkommandeur\u00a0<\/em><em>\u00a0und Prinz 1962<\/em><\/p>\n<p style=\"text-align: center;\"><strong>1990<\/strong> <strong>Rudi Gr\u00f6sgen<br \/>\n<\/strong><em>Mitglied Festausschuss, N\u00e4rrischer Minister 1970, Verpflegungsoffizier a. D.,<\/em> <em>Adjutant a. D.<\/em><\/p>\n<p style=\"text-align: center;\"><strong>1992<\/strong> <strong>Karl K\u00f6hler<br \/>\n<\/strong><em>Gr\u00fcndungsmitglied, langj\u00e4hriges Mitglied im Musikzug und Jugendbetreuer a. D., Ehrenmitglied seit 2018<\/em><\/p>\n<p style=\"text-align: center;\"><strong>1993 Gerd Mrosek<br \/>\n<\/strong><em>langj\u00e4hriger Jugendbetreuer, Ehrentambourmajor<\/em><\/p>\n<p style=\"text-align: center;\"><strong>1994<\/strong> <strong>Claudia Bersch<br \/>\n<\/strong><em>Regimentstochter, RKK-Mariechen, Leiterin der Kost\u00fcmgruppe, Hofdame 1999 und Prinzessin 2003<\/em><\/p>\n<p style=\"text-align: center;\"><strong>1995 Heinrich Windorf \u2020<br \/>\n<\/strong><em>Oberschirrmeister, N\u00e4rrischer Kanzler 1982<\/em><\/p>\n<p style=\"text-align: center;\"><strong>1996<\/strong> <strong>Kurt Libera \u2020<br \/>\n<\/strong><em>Leiter B\u00fchnenbau a. D.<\/em><\/p>\n<p style=\"text-align: center;\"><strong>1996 Peter Eichert \u2020<br \/>\n<\/strong><em>F\u00f6rderndes Mitglied<\/em><\/p>\n<p style=\"text-align: center;\"><strong>1997<\/strong> <strong>Ruth Meier \u2020<br \/>\n<\/strong><em>Vereinswirtin a. D.<\/em><\/p>\n<p style=\"text-align: center;\"><strong>1999<\/strong> <strong>Hilmar Butz<br \/>\n<\/strong><em>B\u00fcttenredner und Sitzungspr\u00e4sident a. D.<\/em><\/p>\n<p style=\"text-align: center;\"><strong>1999 Friedhelm Stolzenberger \u2020<br \/>\n<\/strong><em>Adjutant a. D., Schatzmeister a. D., Pr\u00e4sident Husarenstammtisch a.D., mehrfach im Hofstaat und <\/em><em>Prinz 1986<\/em><\/p>\n<p style=\"text-align: center;\"><strong>2000<\/strong> <strong>\u00c4nni Libera \u2020<br \/>\n<\/strong><em>Leiterin Frauengruppe a. D.<\/em><\/p>\n<p style=\"text-align: center;\"><strong>2001<\/strong> <strong>Dietmar Mrosek<br \/>\n<\/strong><em>langj\u00e4hriges Mitglied im Musikzug, Magazinverwalter a.D.<\/em><\/p>\n<p style=\"text-align: center;\"><strong>2002 Heinz Rabenhofer \u2020<br \/>\n<\/strong>Festausschussvizepr\u00e4sident a.D., Kanzler 1982 und Prinz 1974<\/p>\n<p style=\"text-align: center;\"><strong>2003<\/strong> <strong>Patrizia Kr\u00fcg<br \/>\n<\/strong><em>Gesch\u00e4ftsf\u00fchrerin a. D., langj\u00e4hrige Leiterin M\u00e4nnerballett, Leiterin Majorettes<\/em><\/p>\n<p style=\"text-align: center;\"><strong>2003 Reiner Klemmer \u2020<br \/>\n<\/strong><em>Ehrenpuddel, Hofnarr 1982 und 1995<\/em><\/p>\n<p style=\"text-align: center;\"><strong>2003 Helga Breuer<br \/>\n<\/strong><em>Langj\u00e4hrige Jugendbetreuerin, Ehrenmarketenderin<\/em><\/p>\n<p style=\"text-align: center;\"><strong>2003 Hubert Bersch \u2020<br \/>\n<\/strong><em>langj\u00e4hriges Mitglied im Musikzug, B\u00fcttenredner<\/em><\/p>\n<p style=\"text-align: center;\"><strong>2003 Heribert Bersch<br \/>\n<\/strong><em>Langj\u00e4hriger Musiker, Leiter Jugendbetreuung a. D.,\u00a0<\/em><em>Finanzminister 2011<\/em><\/p>\n<p style=\"text-align: center;\"><strong>2003 Hans Lennertz \u2020<br \/>\n<\/strong><em>Als \u201eHans vom Rhein\u201d ein langj\u00e4hriges B\u00fcttenass<\/em><\/p>\n<p style=\"text-align: center;\"><strong>2004 Irmtraud Mrosek \u2020<br \/>\n<\/strong><em>Ehrenmarketenderin<\/em><\/p>\n<p style=\"text-align: center;\"><strong>2005<\/strong> <strong>Ilse Schmid<br \/>\n<\/strong><em>Regimentstochter a. D., Ehrenmarketenderin,<br \/>\n<\/em><em>N\u00e4rrisches Ministerium f\u00fcr verschiedene Prinzen<\/em><\/p>\n<p style=\"text-align: center;\"><strong>2005 Sven Voss<br \/>\n<\/strong><em>Musikausbilder <\/em><\/p>\n<p style=\"text-align: center;\"><strong>2006 Manfred Schmid<br \/>\n<\/strong><em>Ehrenkommandeur, Kanzler 2003<\/em><\/p>\n<p style=\"text-align: center;\"><strong>2006 Gero Gutjahr \u2020<br \/>\n<\/strong><em>Schatzmeister a. D., Adjutant a. D., Prinz 2003<\/em><\/p>\n<p style=\"text-align: center;\"><strong>2007<\/strong> <strong>G\u00fcnter Weber \u2020<br \/>\n<\/strong><em>Prinz 1990<\/em><\/p>\n<p style=\"text-align: center;\"><strong>2007 Frank Gutjahr<br \/>\n<\/strong><em>Mitglied im Festausschuss a.D., Prinz 1999<\/em><\/p>\n<p style=\"text-align: center;\"><strong>2008 Inge Steil<br \/>\n<\/strong><em>Prinzessin 1995<\/em><\/p>\n<p style=\"text-align: center;\"><strong>2009<\/strong> <strong>Willi Theisen \u2020<br \/>\n<\/strong><em>Langj\u00e4hriger Musiker und Jugendbetreuer, <\/em><\/p>\n<p style=\"text-align: center;\"><strong>2010<\/strong> <strong>Anneliese Klemmer<br \/>\n<\/strong><em>Sitzungspr\u00e4sidentin a .D., Hofdame 1995<\/em><\/p>\n<p style=\"text-align: center;\"><strong>2011<\/strong> <strong>Manfred Schr\u00f6ter<br \/>\n<\/strong><em>Langj\u00e4hriger Musiker, Verkehrsminister 2003<\/em><\/p>\n<p style=\"text-align: center;\"><strong>2012<\/strong> <strong>Hildegard Heuft<br \/>\n<\/strong><em>Verpflegungsoffizier a. D., Prinzessin 2007<\/em><\/p>\n<p style=\"text-align: center;\"><strong>2013<\/strong> <strong>Britta Wittenberg<br \/>\n<\/strong><em>Regimentstochter a. D., Gesch\u00e4ftsf\u00fchrerin a. D.,\u00a0<\/em><em>Hofdame 1995 und 2015<\/em><\/p>\n<p style=\"text-align: center;\"><strong>2014<\/strong> <strong>Sandra Carrus<br \/>\n<\/strong><em>Marketenderin a.D., Hofdame 2003<\/em><\/p>\n<p style=\"text-align: center;\"><strong>2015<\/strong> <strong>Dirk Weber \u2020<br \/>\n<\/strong><em>Trommelausbilder, Hofnarr 1990<\/em><\/p>\n<p style=\"text-align: center;\"><strong>2015 Christel M\u00fcller<br \/>\n<\/strong><em>Hofdame 1978<\/em><\/p>\n<p style=\"text-align: center;\"><strong>2016<\/strong> <strong>Udo Steil \u2020<br \/>\n<\/strong><em>Festausschussvizepr\u00e4sident a. D., Prinz 1995<\/em><\/p>\n<p style=\"text-align: center;\"><strong>2016 Rainer B\u00e4uerle<br \/>\n<\/strong><em>Ehrenkommandeur<\/em><\/p>\n<p style=\"text-align: center;\"><strong>2017<\/strong> <strong>Dieter Heuft<br \/>\n<\/strong><em>Verpflegungsoffizier a.D., Leiter B\u00fchnenbau a.D.,\u00a0<\/em><em>Verkehrsminister 1995, Prinz 2007<\/em><\/p>\n<p style=\"text-align: center;\"><strong>2018<\/strong> <strong>Carsten Meyer<br \/>\n<\/strong><em>Standartentr\u00e4ger a.D., Adjutant a.D., Kommandeur a.D.<\/em><\/p>\n<p style=\"text-align: center;\"><strong>2018 Heike Gebauer<br \/>\n<\/strong><em>langj\u00e4hriges Mitglied (Majorettes und Tanzgruppen), Vertreterin der Tanzgruppen und Majorettes im Vorstand a.D.<\/em><\/p>\n<p style=\"text-align: center;\"><strong>2019 Claudia Klemmer<br \/>\n<\/strong><em>Adjutantin a.D., Prinzessin 2015<\/em><\/p>\n<p style=\"text-align: center;\"><strong>2019 Bianca Breil<br \/>\n<\/strong><em>Marketenderin a. D., langj\u00e4hriges Mitglied in den Tanzgruppen<\/em><\/p>\n<p style=\"text-align: center;\"><strong>2020 Michael Steil<br \/>\n<\/strong><em>Leiter der Fidelitas a. D., langj\u00e4hriges Mitglied in den Tanzgruppen<\/em><\/p>\n<p style=\"text-align: center;\"><strong>2023 Uschi Elers<br \/>\n<\/strong><em>Mitgr\u00fcnderin der Sahneh\u00e4ubchen, Hofnarr 1999, B\u00fcttenrednerin<\/em><\/p>\n<p style=\"text-align: center;\"><strong>2023 Jessica Sattler-Heinz<br \/>\n<\/strong><em>Gesch\u00e4ftsf\u00fchrerin, Hofdame 2011, Prinzessin 2019<\/em><\/p>\n<p style=\"text-align: center;\"><strong>2024 Gurdun Kapp<\/strong><br \/>\nSahneh\u00e4ubchen, Organisator Elferrat<\/p>\n<p style=\"text-align: center;\"><strong>2024 Ralph Marbach<\/strong><br \/>\nAdjutant a.D., Presswart, Mitglied der M\u00e4nnertanzgruppe<\/p>\n<p style=\"text-align: center;\"><strong>2025 Roswitha Gutjahr<\/strong><br \/>\nPrinzessin 1986, Vereinswirtin a.D.<\/p>\n<p style=\"text-align: center;\"><strong>2025 Michael Klemmer<\/strong><br \/>\nKommandeur a.D., Prinz 2015<\/p>\n<hr \/>\n<p style=\"text-align: center;\">Selbstverst\u00e4ndlich wurden nicht nur Vereinsmitglieder f\u00fcr besondere Leistungen in der Annenacher Fassenacht ausgezeichnet, sondern auch folgende Personen:<\/p>\n<hr \/>\n<p style=\"text-align: center;\"><strong>1989 Paul Schmitz sen. \u2020<br \/>\n<\/strong><em>Zugleiter a. D., Prinz 1949<\/em><\/p>\n<p style=\"text-align: center;\"><strong>\u00a0<\/strong><strong>1992 Heinz K\u00f6nig \u2020<em><br \/>\n<\/em><\/strong><em>Ehrenpr\u00e4sident Festausschuss, Prinz 1971<\/em><\/p>\n<p style=\"text-align: center;\"><strong>\u00a0<\/strong><strong>Fritz Nachtsheim \u2020<br \/>\n<\/strong><em>Ehrenpr\u00e4sident Festausschuss, Prinz 1966<\/em><\/p>\n<p style=\"text-align: center;\"><strong>\u00a0<\/strong><strong>1993 Manfred Platten \u2020<br \/>\n<\/strong><em>Kommandant der Blauen Funken a. D., Prinz 1997<\/em><\/p>\n<p style=\"text-align: center;\"><strong>\u00a0<\/strong><strong>1995 Herbert Schmidt \u2020<br \/>\n<\/strong><em>Festausschuss a. D.<\/em><\/p>\n<p style=\"text-align: center;\"><strong>\u00a0<\/strong><strong>1996 Klaus Schneider \u2020<br \/>\n<\/strong><em>Kommandeur der Prinzengarde a. D., Prinz 1976<\/em><\/p>\n<p style=\"text-align: center;\"><strong>\u00a0<\/strong><strong>Karlheinz W\u00f6lbert \u2020<br \/>\n<\/strong><em>Kommandant der Stadtsoldaten a. D.<\/em><\/p>\n<p style=\"text-align: center;\"><strong>\u00a0<\/strong><strong>2003 Claus Peitz<br \/>\n<\/strong><em>Festausschusspr\u00e4sident a.D., Prinz 2005<\/em><\/p>\n<p style=\"text-align: center;\"><em>\u00a0<\/em><strong>Achim H\u00fctten<br \/>\n<\/strong><em>Oberb\u00fcrgermeister der Stadt Andernach a.D.<\/em><\/p>\n<p style=\"text-align: center;\"><em>\u00a0<\/em><strong>Franz Breil \u00a0\u2020<br \/>\n<\/strong><em>Ehem. B\u00fcrgermeister der Stadt Andernach<\/em><\/p>\n<p style=\"text-align: center;\"><strong>J\u00fcrgen Bermel<br \/>\n<\/strong><em>Kommandeur der Prinzengarde a. D., Prinz 1998<\/em><\/p>\n<p style=\"text-align: center;\"><strong>\u00a0<\/strong><strong>Rainer Schmelz<br \/>\n<\/strong><em>Kommandant der Stadtsoldaten a. D., Prinz 1980<\/em><\/p>\n<p style=\"text-align: center;\"><strong>\u00a0<\/strong><strong>Franz Josef Mosen \u2020<br \/>\n<\/strong><em>GERAK-Pr\u00e4sident a. D., Prinz 1994<\/em><\/p>\n<p style=\"text-align: center;\"><strong>\u00a0<\/strong><strong>2015 Roland Langen<br \/>\n<\/strong><em>Bitburger Braugruppe<\/em><\/p>\n","protected":false},"excerpt":{"rendered":"<p>Der gro\u00dfe Verdienstorden wurde geschaffen, um Karnevalisten, die sich \u00fcber einen l\u00e4ngeren Zeitraum mit viel Idealismus und Engagement in den Dienst der Sache gestellt haben, eine besondere Ehrung zu Teil werden zu lassen. F\u00fcr besondere Leistungen im Korps wurden seit 1989 folgende Personen ausgezeichnet: 1989 Friedhelm Bodemann Gesch\u00e4ftsf\u00fchrer a. D., Ehrenkommandeur und\u00a0Prinz 1978 1989 Peter [&hellip;]<\/p>\n","protected":false},"author":1,"featured_media":0,"parent":0,"menu_order":0,"comment_status":"closed","ping_status":"closed","template":"","meta":{"footnotes":""},"class_list":["post-1781","page","type-page","status-publish","hentry","entry"],"_links":{"self":[{"href":"https:\/\/rot-weisse-husaren.de\/index.php?rest_route=\/wp\/v2\/pages\/1781","targetHints":{"allow":["GET"]}}],"collection":[{"href":"https:\/\/rot-weisse-husaren.de\/index.php?rest_route=\/wp\/v2\/pages"}],"about":[{"href":"https:\/\/rot-weisse-husaren.de\/index.php?rest_route=\/wp\/v2\/types\/page"}],"author":[{"embeddable":true,"href":"https:\/\/rot-weisse-husaren.de\/index.php?rest_route=\/wp\/v2\/users\/1"}],"replies":[{"embeddable":true,"href":"https:\/\/rot-weisse-husaren.de\/index.php?rest_route=%2Fwp%2Fv2%2Fcomments&post=1781"}],"version-history":[{"count":21,"href":"https:\/\/rot-weisse-husaren.de\/index.php?rest_route=\/wp\/v2\/pages\/1781\/revisions"}],"predecessor-version":[{"id":3052,"href":"https:\/\/rot-weisse-husaren.de\/index.php?rest_route=\/wp\/v2\/pages\/1781\/revisions\/3052"}],"wp:attachment":[{"href":"https:\/\/rot-weisse-husaren.de\/index.php?rest_route=%2Fwp%2Fv2%2Fmedia&parent=1781"}],"curies":[{"name":"wp","href":"https:\/\/api.w.org\/{rel}","templated":true}]}}