{"id":2291,"date":"2024-10-14T09:43:09","date_gmt":"2024-10-14T09:43:09","guid":{"rendered":"https:\/\/rot-weisse-husaren.de\/?page_id=2291"},"modified":"2025-05-11T11:27:45","modified_gmt":"2025-05-11T10:27:45","slug":"2025-2","status":"publish","type":"page","link":"https:\/\/rot-weisse-husaren.de\/?page_id=2291","title":{"rendered":"Hofstaat 2025"},"content":{"rendered":"<p>&nbsp;<\/p>\n<h2 style=\"text-align: center;\"><strong>Unser Prinzenpaar f\u00fcr das Jahr 2025<\/strong><\/h2>\n<figure id=\"attachment_2733\" aria-describedby=\"caption-attachment-2733\" style=\"width: 427px\" class=\"wp-caption aligncenter\"><img loading=\"lazy\" decoding=\"async\" class=\"wp-image-2733 size-full\" src=\"https:\/\/rot-weisse-husaren.de\/wp-content\/uploads\/2025\/05\/Prinzenpaar.jpg\" alt=\"\" width=\"427\" height=\"640\" srcset=\"https:\/\/rot-weisse-husaren.de\/wp-content\/uploads\/2025\/05\/Prinzenpaar.jpg 427w, https:\/\/rot-weisse-husaren.de\/wp-content\/uploads\/2025\/05\/Prinzenpaar-200x300.jpg 200w\" sizes=\"auto, (max-width: 427px) 100vw, 427px\" \/><figcaption id=\"caption-attachment-2733\" class=\"wp-caption-text\">Prinzenpaar 2025 Prinz Daniel I. und Prinzessin Tina die I.<\/figcaption><\/figure>\n<p style=\"text-align: center;\"><strong><br \/>\nLink zur Webseite: <a href=\"https:\/\/www.andernacher-prinzenpaar-2025.de\/\">Andernacher Prinzenpaar 2025<\/a><\/strong><\/p>\n<p style=\"text-align: center;\">Prinz Daniel I. (Daniel Frank)<br \/>\n&#8220;Der spanische Husar&#8221;<\/p>\n<p style=\"text-align: center;\">Prinzessin Tina I. (Tina Frank)<br \/>\n&#8220;Dat strahlende Husarenm\u00e4dchen&#8221;<\/p>\n<h3><\/h3>\n<p style=\"text-align: center;\"><strong>Hofstaat<\/strong><br \/>\nN\u00e4rrische Kanzlerin Vanessa (Vanessa V\u00f6lkel)<br \/>\n&#8220;Die lachende Tanzmaus aus dem Husarenhaus&#8221;<\/p>\n<p style=\"text-align: center;\">N\u00e4rrischer Finanzminister Christian (Christian Schwarz)<br \/>\n&#8220;Mit Freud und Spa\u00df von der Eisenhandkass&#8221;<\/p>\n<p style=\"text-align: center;\">N\u00e4rrische Verkehrsministerin Conny (Conny Alex)<br \/>\n&#8220;Mit Design Global zum B\u00fchnenbild aus dem P\u00f6ntertal&#8221;<\/p>\n<p style=\"text-align: center;\">Hofnarr Julian (Julian Josef Frank)<br \/>\n&#8220;Der Jupp vom Fussballclub&#8221;<\/p>\n<p style=\"text-align: center;\">Hofdame Jana (Jana Frank)<br \/>\n&#8220;Dat kreative Leevje vom Marketing&#8221;<\/p>\n<p style=\"text-align: center;\">Hofdame Steffi (Stefanie Schneider)<br \/>\n&#8220;Dat annenacher M\u00e4dche vom Ochtendunger Haugnisberg&#8221;<\/p>\n<p style=\"text-align: center;\"><strong>Pagen<\/strong><br \/>\nMarie (Marie Asbach),\u00a0 Leo (Leo Schneider)<\/p>\n<p style=\"text-align: center;\"><strong>Adjutanten<\/strong><br \/>\nHeribert Bersch (Rot-Wei\u00dfe Husaren), Jan Scheuren (Stadtsoldaten),<br \/>\nLiam Stromberg (Prinzengarde), Katja Platten (Blaue Funken)<\/p>\n<hr \/>\n<p>&nbsp;<\/p>\n<figure id=\"attachment_2734\" aria-describedby=\"caption-attachment-2734\" style=\"width: 640px\" class=\"wp-caption aligncenter\"><img loading=\"lazy\" decoding=\"async\" class=\"wp-image-2734 size-full\" src=\"https:\/\/rot-weisse-husaren.de\/wp-content\/uploads\/2025\/05\/Prinzenorden-2025.png\" alt=\"\" width=\"640\" height=\"442\" srcset=\"https:\/\/rot-weisse-husaren.de\/wp-content\/uploads\/2025\/05\/Prinzenorden-2025.png 640w, https:\/\/rot-weisse-husaren.de\/wp-content\/uploads\/2025\/05\/Prinzenorden-2025-300x207.png 300w\" sizes=\"auto, (max-width: 640px) 100vw, 640px\" \/><figcaption id=\"caption-attachment-2734\" class=\"wp-caption-text\">Prinzenorden 2025<\/figcaption><\/figure>\n<p>&nbsp;<\/p>\n<figure id=\"attachment_2732\" aria-describedby=\"caption-attachment-2732\" style=\"width: 640px\" class=\"wp-caption aligncenter\"><img loading=\"lazy\" decoding=\"async\" class=\"wp-image-2732 size-full\" src=\"https:\/\/rot-weisse-husaren.de\/wp-content\/uploads\/2025\/05\/Hofstaat-2025.jpg\" alt=\"\" width=\"640\" height=\"427\" srcset=\"https:\/\/rot-weisse-husaren.de\/wp-content\/uploads\/2025\/05\/Hofstaat-2025.jpg 640w, https:\/\/rot-weisse-husaren.de\/wp-content\/uploads\/2025\/05\/Hofstaat-2025-300x200.jpg 300w\" sizes=\"auto, (max-width: 640px) 100vw, 640px\" \/><figcaption id=\"caption-attachment-2732\" class=\"wp-caption-text\">Hofstaat 2025, nebst Adjutanten<\/figcaption><\/figure>\n","protected":false},"excerpt":{"rendered":"<p>&nbsp; Unser Prinzenpaar f\u00fcr das Jahr 2025 Link zur Webseite: Andernacher Prinzenpaar 2025 Prinz Daniel I. (Daniel Frank) &#8220;Der spanische Husar&#8221; Prinzessin Tina I. (Tina Frank) &#8220;Dat strahlende Husarenm\u00e4dchen&#8221; Hofstaat N\u00e4rrische Kanzlerin Vanessa (Vanessa V\u00f6lkel) &#8220;Die lachende Tanzmaus aus dem Husarenhaus&#8221; N\u00e4rrischer Finanzminister Christian (Christian Schwarz) &#8220;Mit Freud und Spa\u00df von der Eisenhandkass&#8221; N\u00e4rrische Verkehrsministerin [&hellip;]<\/p>\n","protected":false},"author":1,"featured_media":0,"parent":0,"menu_order":0,"comment_status":"closed","ping_status":"closed","template":"","meta":{"footnotes":""},"class_list":["post-2291","page","type-page","status-publish","hentry","entry"],"_links":{"self":[{"href":"https:\/\/rot-weisse-husaren.de\/index.php?rest_route=\/wp\/v2\/pages\/2291","targetHints":{"allow":["GET"]}}],"collection":[{"href":"https:\/\/rot-weisse-husaren.de\/index.php?rest_route=\/wp\/v2\/pages"}],"about":[{"href":"https:\/\/rot-weisse-husaren.de\/index.php?rest_route=\/wp\/v2\/types\/page"}],"author":[{"embeddable":true,"href":"https:\/\/rot-weisse-husaren.de\/index.php?rest_route=\/wp\/v2\/users\/1"}],"replies":[{"embeddable":true,"href":"https:\/\/rot-weisse-husaren.de\/index.php?rest_route=%2Fwp%2Fv2%2Fcomments&post=2291"}],"version-history":[{"count":13,"href":"https:\/\/rot-weisse-husaren.de\/index.php?rest_route=\/wp\/v2\/pages\/2291\/revisions"}],"predecessor-version":[{"id":2737,"href":"https:\/\/rot-weisse-husaren.de\/index.php?rest_route=\/wp\/v2\/pages\/2291\/revisions\/2737"}],"wp:attachment":[{"href":"https:\/\/rot-weisse-husaren.de\/index.php?rest_route=%2Fwp%2Fv2%2Fmedia&parent=2291"}],"curies":[{"name":"wp","href":"https:\/\/api.w.org\/{rel}","templated":true}]}}