{"id":252,"date":"2022-11-07T00:05:50","date_gmt":"2022-11-07T00:05:50","guid":{"rendered":"https:\/\/rot-weisse-husaren.de\/?page_id=252"},"modified":"2025-10-29T14:00:36","modified_gmt":"2025-10-29T13:00:36","slug":"kommandeure","status":"publish","type":"page","link":"https:\/\/rot-weisse-husaren.de\/?page_id=252","title":{"rendered":"Kommandeure"},"content":{"rendered":"<p><span class=\"auto-style6\">Das 1953 gegr\u00fcndete Rot-Wei\u00dfe Husarenkorps hat in seiner bisherigen Vereinsgeschichte <\/span><span class=\"auto-style6\">13 Kommandeure gestellt. Traditionsgem\u00e4\u00df \u00fcbernimmt der Dienst\u00e4lteste Kommandeur oder Kommandant der vier Andernacher Korps das Amt des Stadtkommandanten.<\/span><\/p>\n<hr \/>\n<figure id=\"attachment_129\" aria-describedby=\"caption-attachment-129\" style=\"width: 350px\" class=\"wp-caption aligncenter\"><img loading=\"lazy\" decoding=\"async\" class=\"wp-image-129 size-full\" src=\"https:\/\/rot-weisse-husaren.de\/wp-content\/uploads\/2022\/11\/2022-10_Sascha.jpg\" alt=\"\" width=\"350\" height=\"466\" srcset=\"https:\/\/rot-weisse-husaren.de\/wp-content\/uploads\/2022\/11\/2022-10_Sascha.jpg 350w, https:\/\/rot-weisse-husaren.de\/wp-content\/uploads\/2022\/11\/2022-10_Sascha-225x300.jpg 225w\" sizes=\"auto, (max-width: 350px) 100vw, 350px\" \/><figcaption id=\"caption-attachment-129\" class=\"wp-caption-text\">Kommandeur Sascha Schulz<\/figcaption><\/figure>\n<hr \/>\n<ol>\n<li style=\"text-align: left;\">Heinrich Kossmann (1955 &#8211; 1960) <span class=\"auto-style6\"><strong>\u2020<\/strong><\/span><\/li>\n<li style=\"text-align: left;\">Heinrich Rommersbach (1960 &#8211; 1966)<b> <span class=\"auto-style6\"><strong>\u2020<\/strong><\/span><\/b><\/li>\n<li style=\"text-align: left;\">Heinrich Latterich (1966 &#8211; 1970) <span class=\"auto-style6\"><strong>\u2020<\/strong><\/span><\/li>\n<li style=\"text-align: left;\">Helmut Kurz (1970 &#8211; 1973) <span class=\"auto-style6\"><strong>\u2020<\/strong><\/span><\/li>\n<li style=\"text-align: left;\">K. W. Berg (1973 &#8211; 1976) <span class=\"auto-style6\"><strong>\u2020<\/strong><\/span><\/li>\n<li style=\"text-align: left;\">Werner Zissner (1976 &#8211; 1977)<\/li>\n<li style=\"text-align: left;\"><span class=\"auto-style6\">Peter Mentges <\/span><span class=\"auto-style6\">(hatte im prinzenstellenden Jahr 1978 das Amt kommissarisch \u00fcbernommen, nachdem Werner Zissner zum\u00a0 31.12.1977 zur\u00fcckgetreten ist) <strong>\u2020<\/strong><\/span><\/li>\n<li style=\"text-align: left;\">Rainer B\u00e4urle (1978 &#8211; 1984)<\/li>\n<li style=\"text-align: left;\"><span class=\"auto-style6\">Friedhelm Bodemann (<span class=\"auto-style6\">1984 &#8211; 2003) <strong>\u2020<\/strong><br \/>\n<\/span><\/span><span class=\"auto-style6\">Stadtkommandant (<span class=\"auto-style6\">1988 &#8211; 2003<\/span>)<\/span><\/li>\n<li style=\"text-align: left;\"><span class=\"auto-style6\">Manfred Schmid (<span class=\"auto-style6\">2003 &#8211; 2015<\/span>)<br \/>\n<span class=\"auto-style6\">Stadtkommandant <\/span>(<span class=\"auto-style6\">2004 &#8211; 2015<\/span>)<\/span><\/li>\n<li style=\"text-align: left;\">Carsten Meyer (2015 &#8211; 2019)<\/li>\n<li style=\"text-align: left;\">Michael Klemmer (2019 &#8211; 2021)<\/li>\n<li style=\"text-align: left;\">Sascha Schulz (seit 2022)<\/li>\n<\/ol>\n","protected":false},"excerpt":{"rendered":"<p>Das 1953 gegr\u00fcndete Rot-Wei\u00dfe Husarenkorps hat in seiner bisherigen Vereinsgeschichte 13 Kommandeure gestellt. Traditionsgem\u00e4\u00df \u00fcbernimmt der Dienst\u00e4lteste Kommandeur oder Kommandant der vier Andernacher Korps das Amt des Stadtkommandanten. Heinrich Kossmann (1955 &#8211; 1960) \u2020 Heinrich Rommersbach (1960 &#8211; 1966) \u2020 Heinrich Latterich (1966 &#8211; 1970) \u2020 Helmut Kurz (1970 &#8211; 1973) \u2020 K. W. Berg [&hellip;]<\/p>\n","protected":false},"author":1,"featured_media":0,"parent":262,"menu_order":0,"comment_status":"closed","ping_status":"closed","template":"","meta":{"footnotes":""},"class_list":["post-252","page","type-page","status-publish","hentry","entry"],"_links":{"self":[{"href":"https:\/\/rot-weisse-husaren.de\/index.php?rest_route=\/wp\/v2\/pages\/252","targetHints":{"allow":["GET"]}}],"collection":[{"href":"https:\/\/rot-weisse-husaren.de\/index.php?rest_route=\/wp\/v2\/pages"}],"about":[{"href":"https:\/\/rot-weisse-husaren.de\/index.php?rest_route=\/wp\/v2\/types\/page"}],"author":[{"embeddable":true,"href":"https:\/\/rot-weisse-husaren.de\/index.php?rest_route=\/wp\/v2\/users\/1"}],"replies":[{"embeddable":true,"href":"https:\/\/rot-weisse-husaren.de\/index.php?rest_route=%2Fwp%2Fv2%2Fcomments&post=252"}],"version-history":[{"count":6,"href":"https:\/\/rot-weisse-husaren.de\/index.php?rest_route=\/wp\/v2\/pages\/252\/revisions"}],"predecessor-version":[{"id":3022,"href":"https:\/\/rot-weisse-husaren.de\/index.php?rest_route=\/wp\/v2\/pages\/252\/revisions\/3022"}],"up":[{"embeddable":true,"href":"https:\/\/rot-weisse-husaren.de\/index.php?rest_route=\/wp\/v2\/pages\/262"}],"wp:attachment":[{"href":"https:\/\/rot-weisse-husaren.de\/index.php?rest_route=%2Fwp%2Fv2%2Fmedia&parent=252"}],"curies":[{"name":"wp","href":"https:\/\/api.w.org\/{rel}","templated":true}]}}