{"id":2791,"date":"2025-09-09T15:01:30","date_gmt":"2025-09-09T14:01:30","guid":{"rendered":"https:\/\/rot-weisse-husaren.de\/?page_id=2791"},"modified":"2025-09-10T10:07:30","modified_gmt":"2025-09-10T09:07:30","slug":"rueckmeldung-zum-sitzungsheft","status":"publish","type":"page","link":"https:\/\/rot-weisse-husaren.de\/?page_id=2791","title":{"rendered":"Anzeigenauftrag Sitzungsheft"},"content":{"rendered":"<h2 style=\"text-align: center;\"><strong>Anzeigenauftrag Sitzungsheft<\/strong><\/h2>\n<p style=\"text-align: center;\">Vielen Dank f\u00fcr Ihr Interesse an einer Anzeige in unserem, k\u00fcnftigen Sitzungsheft. Bitte f\u00fcllen Sie das Formular vollst\u00e4ndig aus und klicken Sie auf &#8220;<strong>absenden<\/strong>&#8220;.<\/p>\n<p style=\"text-align: center;\">Wir werden Ihren Auftrag anschlie\u00dfend bearbeiten. Die Zahlung wird f\u00e4llig, mit Zusendung der Rechnung (<em>fr\u00fchstens im kommenden Februar<\/em>).<\/p>\n<p style=\"text-align: center;\"><strong>Wichtig! &gt;&gt;<\/strong> Wenn Sie ein Belegexemplar erhalten m\u00f6chten, schreiben Sie uns dies bitte in die Bemerkungen. Andernfalls erhalten Sie eine digitale Ausgabe des Sitzungsheftes.<\/p>\n<p style=\"text-align: center;\">Das vergangene Sitzungsheft k\u00f6nnen Sie <a href=\"https:\/\/rot-weisse-husaren.de\/?page_id=2602\" rel=\"noopener\"><strong>hier<\/strong><\/a> einsehen.<\/p>\n<hr \/>\n<p>&nbsp;<\/p>\n<p style=\"text-align: center;\"><style id=\"wpforms-css-vars-2783\">\n\t\t\t\t#wpforms-2783 {\n\t\t\t\t--wpforms-field-size-input-height: 43px;\n--wpforms-field-size-input-spacing: 15px;\n--wpforms-field-size-font-size: 16px;\n--wpforms-field-size-line-height: 19px;\n--wpforms-field-size-padding-h: 14px;\n--wpforms-field-size-checkbox-size: 16px;\n--wpforms-field-size-sublabel-spacing: 5px;\n--wpforms-field-size-icon-size: 1;\n--wpforms-label-size-font-size: 16px;\n--wpforms-label-size-line-height: 19px;\n--wpforms-label-size-sublabel-font-size: 14px;\n--wpforms-label-size-sublabel-line-height: 17px;\n--wpforms-button-size-font-size: 17px;\n--wpforms-button-size-height: 41px;\n--wpforms-button-size-padding-h: 15px;\n--wpforms-button-size-margin-top: 10px;\n--wpforms-container-shadow-size-box-shadow: none;\n\t\t\t}\n\t\t\t<\/style><div class=\"wpforms-container wpforms-container-full wpforms-render-modern\" id=\"wpforms-2783\"><form id=\"wpforms-form-2783\" class=\"wpforms-validate wpforms-form wpforms-ajax-form\" data-formid=\"2783\" method=\"post\" enctype=\"multipart\/form-data\" action=\"\/index.php?rest_route=%2Fwp%2Fv2%2Fpages%2F2791&#038;wpforms_form_id=2783\" data-token=\"45d68b4e1b46c89bf9e80675c1bb349a\" data-token-time=\"1778055886\"><noscript class=\"wpforms-error-noscript\">Bitte aktiviere JavaScript in deinem Browser, um dieses Formular fertigzustellen.<\/noscript><div id=\"wpforms-error-noscript\" style=\"display: none;\">Bitte aktiviere JavaScript in deinem Browser, um dieses Formular fertigzustellen.<\/div><div class=\"wpforms-field-container\"><div id=\"wpforms-2783-field_5-container\" class=\"wpforms-field wpforms-field-name\" data-field-id=\"5\"><label class=\"wpforms-field-label\" for=\"wpforms-2783-field_5\">Firma<\/label><input type=\"text\" id=\"wpforms-2783-field_5\" class=\"wpforms-field-medium\" name=\"wpforms[fields][5]\" aria-errormessage=\"wpforms-2783-field_5-error\" ><\/div><div id=\"wpforms-2783-field_1-container\" class=\"wpforms-field wpforms-field-name\" data-field-id=\"1\"><fieldset><legend class=\"wpforms-field-label\">Name <span class=\"wpforms-required-label\" aria-hidden=\"true\">*<\/span><\/legend><div class=\"wpforms-field-row wpforms-field-medium\"><div class=\"wpforms-field-row-block wpforms-first wpforms-one-half\"><input type=\"text\" id=\"wpforms-2783-field_1\" class=\"wpforms-field-name-first wpforms-field-required\" name=\"wpforms[fields][1][first]\" aria-errormessage=\"wpforms-2783-field_1-error\" required><label for=\"wpforms-2783-field_1\" class=\"wpforms-field-sublabel after\">Vorname<\/label><\/div><div class=\"wpforms-field-row-block wpforms-one-half\"><input type=\"text\" id=\"wpforms-2783-field_1-last\" class=\"wpforms-field-name-last wpforms-field-required\" name=\"wpforms[fields][1][last]\" aria-errormessage=\"wpforms-2783-field_1-last-error\" required><label for=\"wpforms-2783-field_1-last\" class=\"wpforms-field-sublabel after\">Nachname<\/label><\/div><\/div><\/fieldset><\/div><div id=\"wpforms-2783-field_9-container\" class=\"wpforms-field wpforms-field-address\" data-field-id=\"9\"><fieldset><legend class=\"wpforms-field-label\">Rechnungsadresse <span class=\"wpforms-required-label\" aria-hidden=\"true\">*<\/span><\/legend><div class=\"wpforms-field-row wpforms-field-medium\"><div ><input type=\"text\" id=\"wpforms-2783-field_9\" class=\"wpforms-field-address-address1 wpforms-field-required\" name=\"wpforms[fields][9][address1]\" aria-errormessage=\"wpforms-2783-field_9-error\" required><label for=\"wpforms-2783-field_9\" class=\"wpforms-field-sublabel after\">Adresse Zeile 1<\/label><\/div><\/div><div class=\"wpforms-field-row wpforms-field-medium\"><div ><input type=\"text\" id=\"wpforms-2783-field_9-address2\" class=\"wpforms-field-address-address2\" name=\"wpforms[fields][9][address2]\" aria-errormessage=\"wpforms-2783-field_9-address2-error\" ><label for=\"wpforms-2783-field_9-address2\" class=\"wpforms-field-sublabel after\">Anschrift Zusatz<\/label><\/div><\/div><div class=\"wpforms-field-row wpforms-field-medium\"><div class=\"wpforms-field-row-block wpforms-one-half wpforms-first\"><input type=\"text\" id=\"wpforms-2783-field_9-city\" class=\"wpforms-field-address-city wpforms-field-required\" name=\"wpforms[fields][9][city]\" aria-errormessage=\"wpforms-2783-field_9-city-error\" required><label for=\"wpforms-2783-field_9-city\" class=\"wpforms-field-sublabel after\">Stadt<\/label><\/div><div class=\"wpforms-field-row-block wpforms-one-half\"><input type=\"text\" id=\"wpforms-2783-field_9-state\" class=\"wpforms-field-address-state wpforms-field-required\" name=\"wpforms[fields][9][state]\" value=\"Rheinland-Pfalz\" aria-errormessage=\"wpforms-2783-field_9-state-error\" required><label for=\"wpforms-2783-field_9-state\" class=\"wpforms-field-sublabel after\">Region<\/label><\/div><\/div><div class=\"wpforms-field-row wpforms-field-medium\"><div class=\"wpforms-field-row-block wpforms-one-half wpforms-first\"><input type=\"text\" id=\"wpforms-2783-field_9-postal\" class=\"wpforms-field-address-postal wpforms-field-required\" name=\"wpforms[fields][9][postal]\" aria-errormessage=\"wpforms-2783-field_9-postal-error\" required><label for=\"wpforms-2783-field_9-postal\" class=\"wpforms-field-sublabel after\">Postleitzahl<\/label><\/div><\/div><\/fieldset><\/div><div id=\"wpforms-2783-field_10-container\" class=\"wpforms-field wpforms-field-phone\" data-field-id=\"10\"><label class=\"wpforms-field-label\" for=\"wpforms-2783-field_10\">Ihre Telefonnummer, falls R\u00fcckfragen bestehen <span class=\"wpforms-required-label\" aria-hidden=\"true\">*<\/span><\/label><input type=\"tel\" id=\"wpforms-2783-field_10\" class=\"wpforms-field-medium wpforms-field-required\" data-rule-int-phone-field=\"true\" name=\"wpforms[fields][10]\" aria-label=\"Ihre Telefonnummer, falls R\u00fcckfragen bestehen\" aria-errormessage=\"wpforms-2783-field_10-error\" required><\/div>\t\t<div id=\"wpforms-2783-field_7-container\"\n\t\t\tclass=\"wpforms-field wpforms-field-text\"\n\t\t\tdata-field-type=\"text\"\n\t\t\tdata-field-id=\"7\"\n\t\t\t>\n\t\t\t<label class=\"wpforms-field-label\" for=\"wpforms-2783-field_7\" >Anzeigengr\u00f6\u00dfe hochladen oder<\/label>\n\t\t\t<input type=\"text\" id=\"wpforms-2783-field_7\" class=\"wpforms-field-medium\" name=\"wpforms[fields][7]\" >\n\t\t<\/div>\n\t\t<div id=\"wpforms-2783-field_2-container\" class=\"wpforms-field wpforms-field-email\" data-field-id=\"2\"><label class=\"wpforms-field-label\" for=\"wpforms-2783-field_2\">E-Mail-Adresse (\u00dcber diese Email erhalten Sie ebenfalls Ihre Rechnung) <span class=\"wpforms-required-label\" aria-hidden=\"true\">*<\/span><\/label><input type=\"email\" id=\"wpforms-2783-field_2\" class=\"wpforms-field-medium wpforms-field-required\" name=\"wpforms[fields][2]\" spellcheck=\"false\" aria-errormessage=\"wpforms-2783-field_2-error\" required><\/div><div id=\"wpforms-2783-field_11-container\" class=\"wpforms-field wpforms-field-divider\" data-field-id=\"11\"><\/div><div id=\"wpforms-2783-field_13-container\" class=\"wpforms-field wpforms-field-payment-checkbox wpforms-conditional-trigger\" data-field-id=\"13\"><fieldset><legend class=\"wpforms-field-label\">Welche Anzeigengr\u00f6\u00dfe m\u00f6chten Sie in unserem Sitzungsheft schalten? <span class=\"wpforms-required-label\" aria-hidden=\"true\">*<\/span><\/legend><ul id=\"wpforms-2783-field_13\" class=\"wpforms-field-required\" data-choice-limit=\"1\"><li class=\"choice-1\"><input type=\"checkbox\" id=\"wpforms-2783-field_13_1\" class=\"wpforms-payment-price\" data-amount=\"195,00\" data-rule-check-limit=\"true\" name=\"wpforms[fields][13][]\" value=\"1\" aria-errormessage=\"wpforms-2783-field_13_1-error\" aria-describedby=\"wpforms-2783-field_13-description\" required ><label class=\"wpforms-field-label-inline\" for=\"wpforms-2783-field_13_1\">Doppelseite - A4 Querformat (180 x 268 mm) - <span class=\"wpforms-currency-symbol\">195,00 &euro;<\/span><\/label><\/li><li class=\"choice-2\"><input type=\"checkbox\" id=\"wpforms-2783-field_13_2\" class=\"wpforms-payment-price\" data-amount=\"120,00\" data-rule-check-limit=\"true\" name=\"wpforms[fields][13][]\" value=\"2\" aria-errormessage=\"wpforms-2783-field_13_2-error\" aria-describedby=\"wpforms-2783-field_13-description\" required ><label class=\"wpforms-field-label-inline\" for=\"wpforms-2783-field_13_2\">Ganze Seite - A5 Hochformat (180 \u00d7 124 mm) - <span class=\"wpforms-currency-symbol\">120,00 &euro;<\/span><\/label><\/li><li class=\"choice-3\"><input type=\"checkbox\" id=\"wpforms-2783-field_13_3\" class=\"wpforms-payment-price\" data-amount=\"70,00\" data-rule-check-limit=\"true\" name=\"wpforms[fields][13][]\" value=\"3\" aria-errormessage=\"wpforms-2783-field_13_3-error\" aria-describedby=\"wpforms-2783-field_13-description\" required ><label class=\"wpforms-field-label-inline\" for=\"wpforms-2783-field_13_3\">Halbe Seite - A6 Querformat (88 x 124 mm) - <span class=\"wpforms-currency-symbol\">70,00 &euro;<\/span><\/label><\/li><li class=\"choice-4\"><input type=\"checkbox\" id=\"wpforms-2783-field_13_4\" class=\"wpforms-payment-price\" data-amount=\"55,00\" data-rule-check-limit=\"true\" name=\"wpforms[fields][13][]\" value=\"4\" aria-errormessage=\"wpforms-2783-field_13_4-error\" aria-describedby=\"wpforms-2783-field_13-description\" required ><label class=\"wpforms-field-label-inline\" for=\"wpforms-2783-field_13_4\">Drittel Seite (56 x 124 mm) - <span class=\"wpforms-currency-symbol\">55,00 &euro;<\/span><\/label><\/li><\/ul><div id=\"wpforms-2783-field_13-description\" class=\"wpforms-field-description\">Ma\u00dfe inkl. Schnittkante (H\u00f6he x Breite). Alle Preise beinhalten einen Farbdruck und verstehen sich zzgl. 19% USt. <\/div><\/fieldset><\/div><div id=\"wpforms-2783-field_6-container\" class=\"wpforms-field wpforms-field-checkbox wpforms-list-inline wpforms-conditional-field wpforms-conditional-show wpforms-conditional-trigger\" data-field-id=\"6\" style=\"display:none;\"><fieldset><legend class=\"wpforms-field-label\">M\u00f6chten Sie ggf. die Anzeige aus dem Vorjahr verwenden oder senden Sie uns eine neue Anzeige zu? <span class=\"wpforms-required-label\" aria-hidden=\"true\">*<\/span><\/legend><ul id=\"wpforms-2783-field_6\" class=\"wpforms-field-required\" data-choice-limit=\"1\"><li class=\"choice-1 depth-1\"><input type=\"checkbox\" id=\"wpforms-2783-field_6_1\" data-rule-check-limit=\"true\" name=\"wpforms[fields][6][]\" value=\"Anzeige wie im Vorjahr\" aria-errormessage=\"wpforms-2783-field_6_1-error\" required ><label class=\"wpforms-field-label-inline\" for=\"wpforms-2783-field_6_1\">Anzeige wie im Vorjahr<\/label><\/li><li class=\"choice-2 depth-1\"><input type=\"checkbox\" id=\"wpforms-2783-field_6_2\" data-rule-check-limit=\"true\" name=\"wpforms[fields][6][]\" value=\"Anzeige nach beiliegender Vorlage\" aria-errormessage=\"wpforms-2783-field_6_2-error\" required ><label class=\"wpforms-field-label-inline\" for=\"wpforms-2783-field_6_2\">Anzeige nach beiliegender Vorlage<\/label><\/li><li class=\"choice-3 depth-1\"><input type=\"checkbox\" id=\"wpforms-2783-field_6_3\" data-rule-check-limit=\"true\" name=\"wpforms[fields][6][]\" value=\"Anzeige wird zeitnah nachgereicht\" aria-errormessage=\"wpforms-2783-field_6_3-error\" required ><label class=\"wpforms-field-label-inline\" for=\"wpforms-2783-field_6_3\">Anzeige wird zeitnah nachgereicht<\/label><\/li><\/ul><\/fieldset><\/div><div id=\"wpforms-2783-field_4-container\" class=\"wpforms-field wpforms-field-file-upload wpforms-conditional-field wpforms-conditional-show\" data-field-id=\"4\" style=\"display:none;\"><label class=\"wpforms-field-label\" for=\"wpforms-2783-field_4\">Datei hochladen <span class=\"wpforms-required-label\" aria-hidden=\"true\">*<\/span><\/label><div\n\t\tclass=\"wpforms-uploader wpforms-field-required\"\n\t\tdata-field-id=\"4\"\n\t\tdata-form-id=\"2783\"\n\t\tdata-input-name=\"wpforms_2783_4\"\n\t\tdata-extensions=\"png,gif,jpg,pdf\"\n\t\tdata-max-size=\"134217728\"\n\t\tdata-max-file-number=\"1\"\n\t\tdata-post-max-size=\"134217728\"\n\t\tdata-max-parallel-uploads=\"4\"\n\t\tdata-parallel-uploads=\"true\"\n\t\tdata-file-chunk-size=\"2097152\">\n\t<div class=\"dz-message\">\n\t\t<svg  viewBox=\"0 0 640 640\" focusable=\"false\" data-icon=\"inbox\" width=\"50px\" height=\"50px\" fill=\"currentColor\" aria-hidden=\"true\">\n\t\t\t<path d=\"M352 173.3L352 384C352 401.7 337.7 416 320 416C302.3 416 288 401.7 288 384L288 173.3L246.6 214.7C234.1 227.2 213.8 227.2 201.3 214.7C188.8 202.2 188.8 181.9 201.3 169.4L297.3 73.4C309.8 60.9 330.1 60.9 342.6 73.4L438.6 169.4C451.1 181.9 451.1 202.2 438.6 214.7C426.1 227.2 405.8 227.2 393.3 214.7L352 173.3zM320 464C364.2 464 400 428.2 400 384L480 384C515.3 384 544 412.7 544 448L544 480C544 515.3 515.3 544 480 544L160 544C124.7 544 96 515.3 96 480L96 448C96 412.7 124.7 384 160 384L240 384C240 428.2 275.8 464 320 464zM464 488C477.3 488 488 477.3 488 464C488 450.7 477.3 440 464 440C450.7 440 440 450.7 440 464C440 477.3 450.7 488 464 488z\"\/>\n\t\t<\/svg>\n\n\t\t<span class=\"modern-title\">\n\t\t\t\t\t\t\tDrag &amp; Drop Files, \t\t\t\t<span>Choose Files to Upload<\/span>\n\t\t\t\t\t<\/span>\n\n\t\t\t<\/div>\n<\/div>\n\n<input\n\t\ttype=\"text\"\n\t\tautocomplete=\"off\"\n\t\treadonly\n\t\tclass=\"dropzone-input\"\n\t\tstyle=\"position:absolute!important;clip:rect(0,0,0,0)!important;height:1px!important;width:1px!important;border:0!important;overflow:hidden!important;padding:0!important;margin:0!important;\"\n\t\tid=\"wpforms-2783-field_4\"\n\t\tname=\"wpforms_2783_4\" required\t\tvalue=\"\">\n<div id=\"wpforms-2783-field_4-description\" class=\"wpforms-field-description\">Anzeigenformat: Bilddatei oder PDF<\/div><\/div><div id=\"wpforms-2783-field_3-container\" class=\"wpforms-field wpforms-field-textarea\" data-field-id=\"3\"><label class=\"wpforms-field-label\" for=\"wpforms-2783-field_3\">Bemerkung zu Ihrer Anzeigenbestellung?<\/label><textarea id=\"wpforms-2783-field_3\" class=\"wpforms-field-medium\" name=\"wpforms[fields][3]\" aria-errormessage=\"wpforms-2783-field_3-error\" ><\/textarea><\/div><div id=\"wpforms-2783-field_16-container\" class=\"wpforms-field wpforms-field-divider\" data-field-id=\"16\"><\/div><div id=\"wpforms-2783-field_15-container\" class=\"wpforms-field wpforms-field-gdpr-checkbox\" data-field-id=\"15\"><label class=\"wpforms-field-label\">DSGVO-Informationspflichten <span class=\"wpforms-required-label\" aria-hidden=\"true\">*<\/span><\/label><ul id=\"wpforms-2783-field_15\" class=\"wpforms-field-required\"><li class=\"choice-1\"><input type=\"checkbox\" id=\"wpforms-2783-field_15_1\" name=\"wpforms[fields][15][]\" value=\"Ich habe die Informationspflichten gelesen und zur Kenntnis genommen und ich willige ein, dass diese Website meine \u00fcbermittelten Informationen speichert, sodass mein Anzeigenauftrag weiter bearbeitet werden kann.\" aria-errormessage=\"wpforms-2783-field_15_1-error\" aria-describedby=\"wpforms-2783-field_15-description\" required ><label class=\"wpforms-field-label-inline\" for=\"wpforms-2783-field_15_1\">Ich habe die Informationspflichten gelesen und zur Kenntnis genommen und ich willige ein, dass diese Website meine \u00fcbermittelten Informationen speichert, sodass mein Anzeigenauftrag weiter bearbeitet werden kann.<\/label><\/li><\/ul><div id=\"wpforms-2783-field_15-description\" class=\"wpforms-field-description\">Zu finden unter: https:\/\/rot-weisse-husaren.de\/wp-content\/uploads\/2024\/11\/Informationspflichten-DSGVO-RWH-V1.03.pdf<\/div><\/div><div id=\"wpforms-2783-field_14-container\" class=\"wpforms-field wpforms-field-captcha\" data-field-id=\"14\"><label class=\"wpforms-field-label\" for=\"wpforms-2783-field_14\">Anti-Spam-Schutz <span class=\"wpforms-required-label\" aria-hidden=\"true\">*<\/span><\/label>\t\t\t<div class=\"wpforms-captcha-math\">\n\t\t\t\t<span id=\"wpforms-2783-field_14-question\" class=\"wpforms-captcha-equation\">\n\t\t\t\t\t<span class=\"n1\">10<\/span>\n\t\t\t\t\t\t\t<span class=\"cal\">+<\/span>\n\t\t\t\t\t\t\t<span class=\"n2\">7<\/span>\t\t\t\t\t<span class=\"e\">=<\/span>\n\t\t\t\t<\/span>\n\t\t\t\t<input type=\"text\" id=\"wpforms-2783-field_14\" class=\"wpforms-field-medium wpforms-field-required a\" data-rule-wpf-captcha=\"math\" data-is-wrapped-field=\"1\" name=\"wpforms[fields][14][a]\" aria-errormessage=\"wpforms-2783-field_14-error\" aria-describedby=\"wpforms-2783-field_14-question\" required>\t\t\t\t<input type=\"hidden\" name=\"wpforms[fields][14][cal]\" class=\"cal\">\n\t\t\t\t<input type=\"hidden\" name=\"wpforms[fields][14][n2]\" class=\"n2\">\n\t\t\t\t<input type=\"hidden\" name=\"wpforms[fields][14][n1]\" class=\"n1\">\n\t\t\t<\/div>\n\t\t\t<\/div><script>\n\t\t\t\t( function() {\n\t\t\t\t\tconst style = document.createElement( 'style' );\n\t\t\t\t\tstyle.appendChild( document.createTextNode( '#wpforms-2783-field_7-container { position: absolute !important; overflow: hidden !important; display: inline !important; height: 1px !important; width: 1px !important; z-index: -1000 !important; padding: 0 !important; } #wpforms-2783-field_7-container input { visibility: hidden; } #wpforms-conversational-form-page #wpforms-2783-field_7-container label { counter-increment: none; }' ) );\n\t\t\t\t\tdocument.head.appendChild( style );\n\t\t\t\t\tdocument.currentScript?.remove();\n\t\t\t\t} )();\n\t\t\t<\/script><\/div><!-- .wpforms-field-container --><div class=\"wpforms-submit-container\" ><input type=\"hidden\" name=\"wpforms[id]\" value=\"2783\"><input type=\"hidden\" name=\"page_title\" value=\"\"><input type=\"hidden\" name=\"page_url\" value=\"https:\/\/rot-weisse-husaren.de\/index.php?rest_route=\/wp\/v2\/pages\/2791\"><input type=\"hidden\" name=\"url_referer\" value=\"\"><button type=\"submit\" name=\"wpforms[submit]\" id=\"wpforms-submit-2783\" class=\"wpforms-submit\" data-alt-text=\"Anzeigenauftrag wird gesendet\u00a0\u2026\" data-submit-text=\"Kostenpflichtig beauftragen\" aria-live=\"assertive\" value=\"wpforms-submit\">Kostenpflichtig beauftragen<\/button><img loading=\"lazy\" decoding=\"async\" src=\"https:\/\/rot-weisse-husaren.de\/wp-content\/plugins\/wpforms\/assets\/images\/submit-spin.svg\" class=\"wpforms-submit-spinner\" style=\"display: none;\" width=\"26\" height=\"26\" alt=\"Wird geladen\"><\/div><\/form><\/div>  <!-- .wpforms-container --><\/p>\n","protected":false},"excerpt":{"rendered":"<p>Anzeigenauftrag Sitzungsheft Vielen Dank f\u00fcr Ihr Interesse an einer Anzeige in unserem, k\u00fcnftigen Sitzungsheft. Bitte f\u00fcllen Sie das Formular vollst\u00e4ndig aus und klicken Sie auf &#8220;absenden&#8220;. Wir werden Ihren Auftrag [&hellip;]<\/p>\n","protected":false},"author":1,"featured_media":0,"parent":0,"menu_order":0,"comment_status":"closed","ping_status":"closed","template":"","meta":{"footnotes":""},"class_list":["post-2791","page","type-page","status-publish","hentry","entry"],"_links":{"self":[{"href":"https:\/\/rot-weisse-husaren.de\/index.php?rest_route=\/wp\/v2\/pages\/2791","targetHints":{"allow":["GET"]}}],"collection":[{"href":"https:\/\/rot-weisse-husaren.de\/index.php?rest_route=\/wp\/v2\/pages"}],"about":[{"href":"https:\/\/rot-weisse-husaren.de\/index.php?rest_route=\/wp\/v2\/types\/page"}],"author":[{"embeddable":true,"href":"https:\/\/rot-weisse-husaren.de\/index.php?rest_route=\/wp\/v2\/users\/1"}],"replies":[{"embeddable":true,"href":"https:\/\/rot-weisse-husaren.de\/index.php?rest_route=%2Fwp%2Fv2%2Fcomments&post=2791"}],"version-history":[{"count":9,"href":"https:\/\/rot-weisse-husaren.de\/index.php?rest_route=\/wp\/v2\/pages\/2791\/revisions"}],"predecessor-version":[{"id":2812,"href":"https:\/\/rot-weisse-husaren.de\/index.php?rest_route=\/wp\/v2\/pages\/2791\/revisions\/2812"}],"wp:attachment":[{"href":"https:\/\/rot-weisse-husaren.de\/index.php?rest_route=%2Fwp%2Fv2%2Fmedia&parent=2791"}],"curies":[{"name":"wp","href":"https:\/\/api.w.org\/{rel}","templated":true}]}}