{"id":28,"date":"2025-10-29T12:26:42","date_gmt":"2025-10-29T11:26:42","guid":{"rendered":"https:\/\/rot-weisse-husaren.de\/?page_id=28"},"modified":"2026-04-17T11:09:45","modified_gmt":"2026-04-17T10:09:45","slug":"ueber-uns","status":"publish","type":"page","link":"https:\/\/rot-weisse-husaren.de\/","title":{"rendered":"\u00dcber uns"},"content":{"rendered":"\r\n<h1 style=\"text-align: center;\">Herzlich Willkommen bei den<br \/>Rot-Wei\u00dfen Husaren Andernach<\/h1>\r\n<hr \/>\r\n<p>&nbsp;<\/p>\r\n<figure id=\"attachment_129\" aria-describedby=\"caption-attachment-129\" style=\"width: 350px\" class=\"wp-caption alignleft\"><a href=\"https:\/\/rot-weisse-husaren.de\/wp-content\/uploads\/2022\/11\/2022-10_Sascha.jpg\"><img loading=\"lazy\" decoding=\"async\" class=\"size-full wp-image-129\" src=\"https:\/\/rot-weisse-husaren.de\/wp-content\/uploads\/2022\/11\/2022-10_Sascha.jpg\" alt=\"\" width=\"350\" height=\"466\" srcset=\"https:\/\/rot-weisse-husaren.de\/wp-content\/uploads\/2022\/11\/2022-10_Sascha.jpg 350w, https:\/\/rot-weisse-husaren.de\/wp-content\/uploads\/2022\/11\/2022-10_Sascha-225x300.jpg 225w\" sizes=\"auto, (max-width: 350px) 100vw, 350px\" \/><\/a><figcaption id=\"caption-attachment-129\" class=\"wp-caption-text\">Kommandeur Sascha Schulz<\/figcaption><\/figure>\r\n<p><br \/>Liebe Freunde des Andernacher Karnevals,<\/p>\r\n<p style=\"text-align: left;\">ich hei\u00dfe Euch, als Kommandeur der Rot-Wei\u00dfen Husaren Andernach, recht herzlich auf unserer Internetseite willkommen. Es freut mich sehr, dass Ihr den Weg zu uns gefunden habt. Hier findet Ihr Informationen \u00fcber unseren Verein und Kontaktm\u00f6glichkeiten zu allen Ansprechpartnern.<\/p>\r\n<p style=\"text-align: left;\">Des Weiteren geben wir Euch einen Einblick in unser Vereinsleben und unsere Termine. Ebenso findet Ihr hier unsere Vereinschronik, welche sehr interessant und lesenswert ist.\u00a0<\/p>\r\n<p style=\"text-align: left;\">Teil dieser wunderbaren Tradition zu sein und dieses rheinische Brauchtum und die Frohsinntradition in unserer wundersch\u00f6nen Stadt Andernach zu feiern, ist unserem Korps eine Freude uns Ehre.<\/p>\r\n<p style=\"text-align: left;\">Ich w\u00fcnsche Euch nun viel Freude beim Erkunden unserer Homepage und freue mich darauf, Euch bei einer der kommenden Veranstaltungen begr\u00fc\u00dfen zu d\u00fcrfen, ebenso bei unseren Schwesternkops.<\/p>\r\n<p style=\"text-align: left;\">Euer Kommandeur<br \/>Sascha Schulz<\/p>\r\n<p>&nbsp;<\/p>\r\n<p>&nbsp;<\/p>\r\n<hr \/>\r\n<p><a href=\"https:\/\/rot-weisse-husaren.de\/wp-content\/uploads\/2026\/01\/Anzeige-Schneiderin.jpg\"><img loading=\"lazy\" decoding=\"async\" class=\"aligncenter wp-image-3110\" src=\"https:\/\/rot-weisse-husaren.de\/wp-content\/uploads\/2026\/01\/Anzeige-Schneiderin-722x1024.jpg\" alt=\"\" width=\"500\" height=\"709\" srcset=\"https:\/\/rot-weisse-husaren.de\/wp-content\/uploads\/2026\/01\/Anzeige-Schneiderin-722x1024.jpg 722w, https:\/\/rot-weisse-husaren.de\/wp-content\/uploads\/2026\/01\/Anzeige-Schneiderin-212x300.jpg 212w, https:\/\/rot-weisse-husaren.de\/wp-content\/uploads\/2026\/01\/Anzeige-Schneiderin-768x1089.jpg 768w, https:\/\/rot-weisse-husaren.de\/wp-content\/uploads\/2026\/01\/Anzeige-Schneiderin-1083x1536.jpg 1083w, https:\/\/rot-weisse-husaren.de\/wp-content\/uploads\/2026\/01\/Anzeige-Schneiderin.jpg 1410w\" sizes=\"auto, (max-width: 500px) 100vw, 500px\" \/><\/a><\/p>\r\n<p>&nbsp;<\/p>\r\n<hr \/>\r\n<h1 style=\"text-align: center;\">Hier finden Sie unsere Termine:<\/h1>\r\n<table class=\" aligncenter\" width=\"673\">\r\n<tbody>\r\n<tr>\r\n<td width=\"115\">\r\n<p><strong>\u00a0 Datum<\/strong><\/p>\r\n<\/td>\r\n<td width=\"47\">\r\n<p><strong>\u00a0 Zeit<\/strong><\/p>\r\n<\/td>\r\n<td width=\"189\">\r\n<p><strong>\u00a0 Wo?<\/strong><\/p>\r\n<\/td>\r\n<td width=\"170\">\r\n<p><strong>\u00a0 Anlass<\/strong><\/p>\r\n<\/td>\r\n<td width=\"151\">\r\n<p><strong>\u00a0 Bemerkung<\/strong><\/p>\r\n<\/td>\r\n<\/tr>\r\n<tr>\r\n<td width=\"115\">\r\n<p>Sa. 25.10.2025<\/p>\r\n<\/td>\r\n<td width=\"47\">\r\n<p>10:00-13:00<\/p>\r\n<\/td>\r\n<td width=\"189\">\r\n<p>Goethestra\u00dfe 25<\/p>\r\n<\/td>\r\n<td width=\"170\">\r\n<p>Kleiderkammer ge\u00f6ffnet<\/p>\r\n<\/td>\r\n<td width=\"151\">\r\n<p>&nbsp;<\/p>\r\n<\/td>\r\n<\/tr>\r\n<tr>\r\n<td width=\"115\">\r\n<p>Sa. 08.11.2025<\/p>\r\n<\/td>\r\n<td width=\"47\">\r\n<p>18:11-20:30<\/p>\r\n<\/td>\r\n<td width=\"189\">\r\n<p>K\u00f6nig in der City<\/p>\r\n<\/td>\r\n<td width=\"170\">\r\n<p>Kartenvorverkauf \u2013 Sitzungen und Frauenkaffee<\/p>\r\n<\/td>\r\n<td width=\"151\">\r\n<p>&nbsp;<\/p>\r\n<\/td>\r\n<\/tr>\r\n<tr>\r\n<td width=\"115\">\r\n<p>Sa. 15.11.2025<\/p>\r\n<\/td>\r\n<td width=\"47\">\r\n<p>10:11<\/p>\r\n<\/td>\r\n<td width=\"189\">\r\n<p>Treffpunkt: K\u00f6nig in der City<\/p>\r\n<p>&nbsp;<\/p>\r\n<\/td>\r\n<td width=\"170\">\r\n<p>Rathauserst\u00fcrmung<\/p>\r\n<p>&nbsp;<\/p>\r\n<\/td>\r\n<td width=\"151\">\r\n<p>gesamtes uniformiertes Korps mit Kost\u00fcmgruppe<\/p>\r\n<\/td>\r\n<\/tr>\r\n<tr>\r\n<td width=\"115\">\r\n<p>Fr.-So. 21.-23.11.2025<\/p>\r\n<\/td>\r\n<td width=\"47\">\r\n<p>&nbsp;<\/p>\r\n<\/td>\r\n<td width=\"189\">\r\n<p>Weibern<\/p>\r\n<\/td>\r\n<td width=\"170\">\r\n<p>Musikwochenende<\/p>\r\n<\/td>\r\n<td width=\"151\">\r\n<p>&nbsp;<\/p>\r\n<\/td>\r\n<\/tr>\r\n<tr>\r\n<td width=\"115\">\r\n<p>Sa. 22.11.2025<\/p>\r\n<\/td>\r\n<td width=\"47\">\r\n<p>10:00-13:00<\/p>\r\n<\/td>\r\n<td width=\"189\">\r\n<p>Goethestra\u00dfe 25<\/p>\r\n<\/td>\r\n<td width=\"170\">\r\n<p>Kleiderkammer ge\u00f6ffnet<\/p>\r\n<\/td>\r\n<td width=\"151\">\r\n<p>&nbsp;<\/p>\r\n<\/td>\r\n<\/tr>\r\n<tr>\r\n<td width=\"115\">\r\n<p>So. 07.12.2025<\/p>\r\n<\/td>\r\n<td width=\"47\">\r\n<p>14:00<\/p>\r\n<\/td>\r\n<td width=\"189\">\r\n<p>Pfarrsaal St. Stephan<\/p>\r\n<\/td>\r\n<td width=\"170\">\r\n<p>Weihnachtsfeier<\/p>\r\n<\/td>\r\n<td width=\"151\">\r\n<p>Mit Anmeldung<\/p>\r\n<\/td>\r\n<\/tr>\r\n<tr>\r\n<td width=\"115\">\r\n<p>Sa. 03.01.2026<\/p>\r\n<\/td>\r\n<td width=\"47\">\r\n<p>10:00-13:00<\/p>\r\n<\/td>\r\n<td width=\"189\">\r\n<p>Goethestra\u00dfe 25<\/p>\r\n<\/td>\r\n<td width=\"170\">\r\n<p>Kleiderkammer ge\u00f6ffnet<\/p>\r\n<\/td>\r\n<td width=\"151\">\r\n<p>&nbsp;<\/p>\r\n<\/td>\r\n<\/tr>\r\n<tr>\r\n<td width=\"115\">\r\n<p>Sa. 10.01.2026<\/p>\r\n<\/td>\r\n<td width=\"47\">\r\n<p>11:11<\/p>\r\n<\/td>\r\n<td width=\"189\">\r\n<p>Treffpunkt: Schlo\u00dfsch\u00e4nke<\/p>\r\n<\/td>\r\n<td width=\"170\">\r\n<p>Prinzenproklamation<\/p>\r\n<\/td>\r\n<td width=\"151\">\r\n<p>gesamtes uniformiertes Korps mit Kost\u00fcmgruppe<\/p>\r\n<\/td>\r\n<\/tr>\r\n<tr>\r\n<td width=\"115\">\r\n<p>Sa. 10.01.2026<\/p>\r\n<\/td>\r\n<td width=\"47\">\r\n<p>19:11<\/p>\r\n<\/td>\r\n<td width=\"189\">\r\n<p>Sch\u00fctzenhof \u201cDa Rossana\u201d<\/p>\r\n<\/td>\r\n<td width=\"170\">\r\n<p>Regimentsball<\/p>\r\n<\/td>\r\n<td width=\"151\">\r\n<p>&nbsp;<\/p>\r\n<\/td>\r\n<\/tr>\r\n<tr>\r\n<td width=\"115\">\r\n<p>Mi. 21.01.2026<\/p>\r\n<\/td>\r\n<td width=\"47\">\r\n<p>16:11<\/p>\r\n<\/td>\r\n<td width=\"189\">\r\n<p>Pfarrsaal Maria Himmelfahrt<\/p>\r\n<\/td>\r\n<td width=\"170\">\r\n<p>RWH Frauenkaffee<\/p>\r\n<\/td>\r\n<td width=\"151\">\r\n<p>Mit Kartenvorverkauf<\/p>\r\n<\/td>\r\n<\/tr>\r\n<tr>\r\n<td width=\"115\">\r\n<p>So. 01.02.2026<\/p>\r\n<\/td>\r\n<td width=\"47\">\r\n<p>11:11<\/p>\r\n<\/td>\r\n<td width=\"189\">\r\n<p>Schlo\u00dfsch\u00e4nke<\/p>\r\n<\/td>\r\n<td width=\"170\">\r\n<p>RWH Fr\u00fchschoppen<\/p>\r\n<\/td>\r\n<td width=\"151\">\r\n<p>&nbsp;<\/p>\r\n<\/td>\r\n<\/tr>\r\n<tr>\r\n<td width=\"115\">\r\n<p>Do. 05.02.2026<\/p>\r\n<\/td>\r\n<td width=\"47\">\r\n<p>16:11<\/p>\r\n<\/td>\r\n<td width=\"189\">\r\n<p>Mittelrheinhalle<\/p>\r\n<\/td>\r\n<td width=\"170\">\r\n<p>Generalprobe f\u00fcr die Sitzungen<\/p>\r\n<\/td>\r\n<td width=\"151\">\r\n<p>&nbsp;<\/p>\r\n<\/td>\r\n<\/tr>\r\n<tr>\r\n<td width=\"115\">\r\n<p>Fr. 06.02.2026<\/p>\r\n<\/td>\r\n<td width=\"47\">\r\n<p>19:11<\/p>\r\n<\/td>\r\n<td width=\"189\">\r\n<p>Mittelrheinhalle<\/p>\r\n<\/td>\r\n<td width=\"170\">\r\n<p>1. Prunksitzung RWH<\/p>\r\n<\/td>\r\n<td width=\"151\">\r\n<p>Mit Kartenvorverkauf<\/p>\r\n<\/td>\r\n<\/tr>\r\n<tr>\r\n<td width=\"115\">\r\n<p>Sa. 07.02.2026<\/p>\r\n<\/td>\r\n<td width=\"47\">\r\n<p>18:11<\/p>\r\n<\/td>\r\n<td width=\"189\">\r\n<p>Mittelrheinhalle<\/p>\r\n<\/td>\r\n<td width=\"170\">\r\n<p>2. Prunksitzung RWH<\/p>\r\n<\/td>\r\n<td width=\"151\">\r\n<p>Mit Kartenvorverkauf<\/p>\r\n<\/td>\r\n<\/tr>\r\n<tr>\r\n<td width=\"115\">\r\n<p>Do. 12.02.2026<\/p>\r\n<\/td>\r\n<td width=\"47\">\r\n<p>07:15<\/p>\r\n<\/td>\r\n<td width=\"189\">\r\n<p>Vor der Kaserne<\/p>\r\n<\/td>\r\n<td width=\"170\">\r\n<p>Kasernenerst\u00fcrmung<\/p>\r\n<\/td>\r\n<td width=\"151\">\r\n<p>Eingeladen dazu ist das uniformiertes Korps<\/p>\r\n<\/td>\r\n<\/tr>\r\n<tr>\r\n<td width=\"115\">\r\n<p>Fr. 13.02.2026<\/p>\r\n<\/td>\r\n<td width=\"47\">\r\n<p>14:11<\/p>\r\n<\/td>\r\n<td width=\"189\">\r\n<p>JUZ Andernach<\/p>\r\n<\/td>\r\n<td width=\"170\">\r\n<p>Gemeinsamer Kinderkarneval (RWH-PGA-SSD)<\/p>\r\n<\/td>\r\n<td width=\"151\">\r\n<p>&nbsp;<\/p>\r\n<\/td>\r\n<\/tr>\r\n<tr>\r\n<td width=\"115\">\r\n<p>Sa. 14.02.2026<\/p>\r\n<\/td>\r\n<td width=\"47\">\r\n<p>13:15<\/p>\r\n<\/td>\r\n<td width=\"189\">\r\n<p>Treffpunkt: Wagenbauerhalle!<\/p>\r\n<\/td>\r\n<td width=\"170\">\r\n<p>Rekrutenzug<\/p>\r\n<\/td>\r\n<td width=\"151\">\r\n<p>&nbsp;<\/p>\r\n<\/td>\r\n<\/tr>\r\n<tr>\r\n<td width=\"115\">\r\n<p>So. 15.02.2026<\/p>\r\n<\/td>\r\n<td width=\"47\">\r\n<p>13:00<\/p>\r\n<\/td>\r\n<td width=\"189\">\r\n<p>Treffpunkt: noch offen<\/p>\r\n<\/td>\r\n<td width=\"170\">\r\n<p>Umzug in Plaidt<\/p>\r\n<\/td>\r\n<td width=\"151\">\r\n<p>Weitere Infos zum Ablauf folgen in den Gruppen, per Whatsapp, etc.<\/p>\r\n<\/td>\r\n<\/tr>\r\n<tr>\r\n<td width=\"115\">\r\n<p>Mo. 16.02.2026<\/p>\r\n<\/td>\r\n<td width=\"47\">\r\n<p>08:30<\/p>\r\n<p>&nbsp;<\/p>\r\n<p>&nbsp;<\/p>\r\n<p>&nbsp;<\/p>\r\n<p>zw. 13:00\/ 13:30<\/p>\r\n<\/td>\r\n<td width=\"189\">\r\n<p>Treffpunkt:<br \/>Hammerweg\/Ecke Schillering<\/p>\r\n<p>&nbsp;<\/p>\r\n<p>Danach: Mittagspause<\/p>\r\n<p>&nbsp;<\/p>\r\n<p>&nbsp;<\/p>\r\n<\/td>\r\n<td width=\"170\">\r\n<p>\u201cSt\u00e4ndchen spielen\u201d<\/p>\r\n<p>&nbsp;<\/p>\r\n<p>&nbsp;<\/p>\r\n<p>&nbsp;<\/p>\r\n<p>Abmarsch zum Aufstellplatz + Teilnahme am Rosenmontagszug<\/p>\r\n<\/td>\r\n<td width=\"151\">\r\n<p>Uniformiertes Korps<\/p>\r\n<p>&nbsp;<\/p>\r\n<p>&nbsp;<\/p>\r\n<p>&nbsp;<\/p>\r\n<p>gesamtes uniformiertes Korps mit Kost\u00fcmgruppe;<\/p>\r\n<p>&nbsp;<\/p>\r\n<p>Weitere Infos zum Tagesablauf folgen in den Gruppen, per Whatsapp, etc.<\/p>\r\n<\/td>\r\n<\/tr>\r\n<tr>\r\n<td width=\"115\">\r\n<p>noch offen<\/p>\r\n<\/td>\r\n<td width=\"47\">\r\n<p>10.00 \u2013 13.00<\/p>\r\n<p>&nbsp;<\/p>\r\n<\/td>\r\n<td width=\"189\">\r\n<p>Turnhalle Grundschule St. Stephan<\/p>\r\n<\/td>\r\n<td width=\"170\">\r\n<p>Schnuppertag<\/p>\r\n<\/td>\r\n<td width=\"151\">\r\n<p>&nbsp;<\/p>\r\n<\/td>\r\n<\/tr>\r\n<tr>\r\n<td width=\"115\">\r\n<p>Fr.-So. <br \/>29.-31.05.2026<\/p>\r\n<\/td>\r\n<td width=\"47\">\r\n<p>&nbsp;<\/p>\r\n<\/td>\r\n<td width=\"189\">\r\n<p>Freizeitst\u00e4tten Kelberg<\/p>\r\n<\/td>\r\n<td width=\"170\">\r\n<p>RWH Kinder- &amp; Jugendzeltlager<\/p>\r\n<\/td>\r\n<td width=\"151\">\r\n<p>Die Anmeldung dazu findet ihr in der n\u00e4chsten Husarenpost.<\/p>\r\n<\/td>\r\n<\/tr>\r\n<tr>\r\n<td width=\"115\">\r\n<p>Fr. 01.05.2026<\/p>\r\n<\/td>\r\n<td width=\"47\">\r\n<p>&nbsp;<\/p>\r\n<\/td>\r\n<td width=\"189\">\r\n<p>&nbsp;<\/p>\r\n<\/td>\r\n<td width=\"170\">\r\n<p>Husarenwandertag<\/p>\r\n<\/td>\r\n<td width=\"151\">\r\n<p>&nbsp;<\/p>\r\n<\/td>\r\n<\/tr>\r\n<tr>\r\n<td width=\"115\">\r\n<p>27. &amp; 28.06.2026<\/p>\r\n<\/td>\r\n<td width=\"47\">\r\n<p>&nbsp;<\/p>\r\n<\/td>\r\n<td width=\"189\">\r\n<p>&nbsp;<\/p>\r\n<\/td>\r\n<td width=\"170\">\r\n<p>S\u00fcdstadtfest<\/p>\r\n<\/td>\r\n<td width=\"151\">\r\n<p>Schulhof St. Stephan<\/p>\r\n<\/td>\r\n<\/tr>\r\n<tr>\r\n<td width=\"115\">\r\n<p>Fr.-So. <br \/>14.-16.08.2026<\/p>\r\n<\/td>\r\n<td width=\"47\">\r\n<p>&nbsp;<\/p>\r\n<\/td>\r\n<td width=\"189\">\r\n<p>&nbsp;<\/p>\r\n<\/td>\r\n<td width=\"170\">\r\n<p>RWH \u201cehemalige-Jugend-Zeltlager\u201d<\/p>\r\n<\/td>\r\n<td width=\"151\">\r\n<p>Infos dazu und die gesonderte Anmeldung folgen<\/p>\r\n<\/td>\r\n<\/tr>\r\n<\/tbody>\r\n<\/table>","protected":false},"excerpt":{"rendered":"","protected":false},"author":1,"featured_media":0,"parent":0,"menu_order":2,"comment_status":"closed","ping_status":"closed","template":"","meta":{"footnotes":""},"class_list":["post-28","page","type-page","status-publish","hentry","entry"],"_links":{"self":[{"href":"https:\/\/rot-weisse-husaren.de\/index.php?rest_route=\/wp\/v2\/pages\/28","targetHints":{"allow":["GET"]}}],"collection":[{"href":"https:\/\/rot-weisse-husaren.de\/index.php?rest_route=\/wp\/v2\/pages"}],"about":[{"href":"https:\/\/rot-weisse-husaren.de\/index.php?rest_route=\/wp\/v2\/types\/page"}],"author":[{"embeddable":true,"href":"https:\/\/rot-weisse-husaren.de\/index.php?rest_route=\/wp\/v2\/users\/1"}],"replies":[{"embeddable":true,"href":"https:\/\/rot-weisse-husaren.de\/index.php?rest_route=%2Fwp%2Fv2%2Fcomments&post=28"}],"version-history":[{"count":38,"href":"https:\/\/rot-weisse-husaren.de\/index.php?rest_route=\/wp\/v2\/pages\/28\/revisions"}],"predecessor-version":[{"id":3016,"href":"https:\/\/rot-weisse-husaren.de\/index.php?rest_route=\/wp\/v2\/pages\/28\/revisions\/3016"}],"wp:attachment":[{"href":"https:\/\/rot-weisse-husaren.de\/index.php?rest_route=%2Fwp%2Fv2%2Fmedia&parent=28"}],"curies":[{"name":"wp","href":"https:\/\/api.w.org\/{rel}","templated":true}]}}