{"id":2849,"date":"2025-10-15T13:02:31","date_gmt":"2025-10-15T12:02:31","guid":{"rendered":"https:\/\/rot-weisse-husaren.de\/?page_id=2849"},"modified":"2025-10-15T13:03:51","modified_gmt":"2025-10-15T12:03:51","slug":"anmeldung-zur-digitalen-husarenpost-per-e-mail","status":"publish","type":"page","link":"https:\/\/rot-weisse-husaren.de\/?page_id=2849","title":{"rendered":"Anmeldung zur digitalen Husarenpost per E-Mail"},"content":{"rendered":"<h2>Anmeldung zur digitalen Husarenpost per E-Mail<\/h2>\n<p>Hier kannst du dich bequem f\u00fcr den E-Mailversand der Husarenpost anmelden. Der zuk\u00fcnftige Postversand wird anschlie\u00dfend beendet.<br \/>\nWir danken Dir vielmals, dass du dazu beitr\u00e4gst, dass der Verein weitere Kosten einsparen kann.<\/p>\n<style id=\"wpforms-css-vars-2846\">\n\t\t\t\t#wpforms-2846 {\n\t\t\t\t--wpforms-field-size-input-height: 43px;\n--wpforms-field-size-input-spacing: 15px;\n--wpforms-field-size-font-size: 16px;\n--wpforms-field-size-line-height: 19px;\n--wpforms-field-size-padding-h: 14px;\n--wpforms-field-size-checkbox-size: 16px;\n--wpforms-field-size-sublabel-spacing: 5px;\n--wpforms-field-size-icon-size: 1;\n--wpforms-label-size-font-size: 16px;\n--wpforms-label-size-line-height: 19px;\n--wpforms-label-size-sublabel-font-size: 14px;\n--wpforms-label-size-sublabel-line-height: 17px;\n--wpforms-button-size-font-size: 17px;\n--wpforms-button-size-height: 41px;\n--wpforms-button-size-padding-h: 15px;\n--wpforms-button-size-margin-top: 10px;\n--wpforms-container-shadow-size-box-shadow: none;\n\t\t\t}\n\t\t\t<\/style><div class=\"wpforms-container wpforms-container-full wpforms-render-modern\" id=\"wpforms-2846\"><form id=\"wpforms-form-2846\" class=\"wpforms-validate wpforms-form wpforms-ajax-form\" data-formid=\"2846\" method=\"post\" enctype=\"multipart\/form-data\" action=\"\/index.php?rest_route=%2Fwp%2Fv2%2Fpages%2F2849\" data-token=\"acf0580491b6133d9b31b0e30ee8fefc\" data-token-time=\"1776689959\"><noscript class=\"wpforms-error-noscript\">Bitte aktiviere JavaScript in deinem Browser, um dieses Formular fertigzustellen.<\/noscript><div id=\"wpforms-error-noscript\" style=\"display: none;\">Bitte aktiviere JavaScript in deinem Browser, um dieses Formular fertigzustellen.<\/div><div class=\"wpforms-field-container\"><div id=\"wpforms-2846-field_1-container\" class=\"wpforms-field wpforms-field-name\" data-field-id=\"1\"><fieldset><legend class=\"wpforms-field-label\">Name <span class=\"wpforms-required-label\" aria-hidden=\"true\">*<\/span><\/legend><div class=\"wpforms-field-row wpforms-field-medium\"><div class=\"wpforms-field-row-block wpforms-first wpforms-one-half\"><input type=\"text\" id=\"wpforms-2846-field_1\" class=\"wpforms-field-name-first wpforms-field-required\" name=\"wpforms[fields][1][first]\" aria-errormessage=\"wpforms-2846-field_1-error\" required><label for=\"wpforms-2846-field_1\" class=\"wpforms-field-sublabel after\">Vorname<\/label><\/div><div class=\"wpforms-field-row-block wpforms-one-half\"><input type=\"text\" id=\"wpforms-2846-field_1-last\" class=\"wpforms-field-name-last wpforms-field-required\" name=\"wpforms[fields][1][last]\" aria-errormessage=\"wpforms-2846-field_1-last-error\" required><label for=\"wpforms-2846-field_1-last\" class=\"wpforms-field-sublabel after\">Nachname<\/label><\/div><\/div><\/fieldset><\/div><div id=\"wpforms-2846-field_2-container\" class=\"wpforms-field wpforms-field-email\" data-field-id=\"2\"><label class=\"wpforms-field-label\" for=\"wpforms-2846-field_2\">E-Mail-Adresse <span class=\"wpforms-required-label\" aria-hidden=\"true\">*<\/span><\/label><input type=\"email\" id=\"wpforms-2846-field_2\" class=\"wpforms-field-medium wpforms-field-required\" name=\"wpforms[fields][2]\" spellcheck=\"false\" aria-errormessage=\"wpforms-2846-field_2-error\" required><\/div>\t\t<div id=\"wpforms-2846-field_4-container\"\n\t\t\tclass=\"wpforms-field wpforms-field-text\"\n\t\t\tdata-field-type=\"text\"\n\t\t\tdata-field-id=\"4\"\n\t\t\t>\n\t\t\t<label class=\"wpforms-field-label\" for=\"wpforms-2846-field_4\" >mitteilen noch E-Mail-Adresse<\/label>\n\t\t\t<input type=\"text\" id=\"wpforms-2846-field_4\" class=\"wpforms-field-medium\" name=\"wpforms[fields][4]\" >\n\t\t<\/div>\n\t\t<div id=\"wpforms-2846-field_3-container\" class=\"wpforms-field wpforms-field-textarea\" data-field-id=\"3\"><label class=\"wpforms-field-label\" for=\"wpforms-2846-field_3\">Was du uns noch mitteilen m\u00f6chtest<\/label><textarea id=\"wpforms-2846-field_3\" class=\"wpforms-field-medium\" name=\"wpforms[fields][3]\" placeholder=\"Was m\u00f6chtest du uns mitteilen?\" aria-errormessage=\"wpforms-2846-field_3-error\" ><\/textarea><\/div><div id=\"wpforms-2846-field_6-container\" class=\"wpforms-field wpforms-field-checkbox\" data-field-id=\"6\"><fieldset><legend class=\"wpforms-field-label\">Datenschutzhinweis: <span class=\"wpforms-required-label\" aria-hidden=\"true\">*<\/span><\/legend><ul id=\"wpforms-2846-field_6\" class=\"wpforms-field-required\"><li class=\"choice-1 depth-1\"><input type=\"checkbox\" id=\"wpforms-2846-field_6_1\" name=\"wpforms[fields][6][]\" value=\"Mit dem Absenden dieses Formulars erkl\u00e4re ich mich damit einverstanden, dass meine angegebenen personenbezogenen Daten (Name, E-Mail-Adresse und Nachricht) zum Zweck der Bearbeitung meiner Anfrage und zur Kontaktaufnahme gespeichert und verarbeitet werden d\u00fcrfen.\" aria-errormessage=\"wpforms-2846-field_6_1-error\" required ><label class=\"wpforms-field-label-inline\" for=\"wpforms-2846-field_6_1\">Mit dem Absenden dieses Formulars erkl\u00e4re ich mich damit einverstanden, dass meine angegebenen personenbezogenen Daten (Name, E-Mail-Adresse und Nachricht) zum Zweck der Bearbeitung meiner Anfrage und zur Kontaktaufnahme gespeichert und verarbeitet werden d\u00fcrfen.<\/label><\/li><\/ul><\/fieldset><\/div><script>\n\t\t\t\t( function() {\n\t\t\t\t\tconst style = document.createElement( 'style' );\n\t\t\t\t\tstyle.appendChild( document.createTextNode( '#wpforms-2846-field_4-container { position: absolute !important; overflow: hidden !important; display: inline !important; height: 1px !important; width: 1px !important; z-index: -1000 !important; padding: 0 !important; } #wpforms-2846-field_4-container input { visibility: hidden; } #wpforms-conversational-form-page #wpforms-2846-field_4-container label { counter-increment: none; }' ) );\n\t\t\t\t\tdocument.head.appendChild( style );\n\t\t\t\t\tdocument.currentScript?.remove();\n\t\t\t\t} )();\n\t\t\t<\/script><\/div><!-- .wpforms-field-container --><div class=\"wpforms-submit-container\" ><input type=\"hidden\" name=\"wpforms[id]\" value=\"2846\"><input type=\"hidden\" name=\"page_title\" value=\"\"><input type=\"hidden\" name=\"page_url\" value=\"https:\/\/rot-weisse-husaren.de\/index.php?rest_route=\/wp\/v2\/pages\/2849\"><input type=\"hidden\" name=\"url_referer\" value=\"\"><button type=\"submit\" name=\"wpforms[submit]\" id=\"wpforms-submit-2846\" class=\"wpforms-submit\" data-alt-text=\"Wird gesendet\u00a0\u2026\" data-submit-text=\"Absenden\" aria-live=\"assertive\" value=\"wpforms-submit\">Absenden<\/button><img loading=\"lazy\" decoding=\"async\" src=\"https:\/\/rot-weisse-husaren.de\/wp-content\/plugins\/wpforms\/assets\/images\/submit-spin.svg\" class=\"wpforms-submit-spinner\" style=\"display: none;\" width=\"26\" height=\"26\" alt=\"Wird geladen\"><\/div><\/form><\/div>  <!-- .wpforms-container -->\n","protected":false},"excerpt":{"rendered":"<p>Anmeldung zur digitalen Husarenpost per E-Mail Hier kannst du dich bequem f\u00fcr den E-Mailversand der Husarenpost anmelden. Der zuk\u00fcnftige Postversand wird anschlie\u00dfend beendet. Wir danken Dir vielmals, dass du dazu [&hellip;]<\/p>\n","protected":false},"author":1,"featured_media":0,"parent":0,"menu_order":0,"comment_status":"closed","ping_status":"closed","template":"","meta":{"footnotes":""},"class_list":["post-2849","page","type-page","status-publish","hentry","entry"],"_links":{"self":[{"href":"https:\/\/rot-weisse-husaren.de\/index.php?rest_route=\/wp\/v2\/pages\/2849","targetHints":{"allow":["GET"]}}],"collection":[{"href":"https:\/\/rot-weisse-husaren.de\/index.php?rest_route=\/wp\/v2\/pages"}],"about":[{"href":"https:\/\/rot-weisse-husaren.de\/index.php?rest_route=\/wp\/v2\/types\/page"}],"author":[{"embeddable":true,"href":"https:\/\/rot-weisse-husaren.de\/index.php?rest_route=\/wp\/v2\/users\/1"}],"replies":[{"embeddable":true,"href":"https:\/\/rot-weisse-husaren.de\/index.php?rest_route=%2Fwp%2Fv2%2Fcomments&post=2849"}],"version-history":[{"count":3,"href":"https:\/\/rot-weisse-husaren.de\/index.php?rest_route=\/wp\/v2\/pages\/2849\/revisions"}],"predecessor-version":[{"id":2852,"href":"https:\/\/rot-weisse-husaren.de\/index.php?rest_route=\/wp\/v2\/pages\/2849\/revisions\/2852"}],"wp:attachment":[{"href":"https:\/\/rot-weisse-husaren.de\/index.php?rest_route=%2Fwp%2Fv2%2Fmedia&parent=2849"}],"curies":[{"name":"wp","href":"https:\/\/api.w.org\/{rel}","templated":true}]}}