{"id":2970,"date":"2025-10-25T16:56:00","date_gmt":"2025-10-25T15:56:00","guid":{"rendered":"https:\/\/rot-weisse-husaren.de\/?page_id=2970"},"modified":"2025-10-29T11:54:29","modified_gmt":"2025-10-29T10:54:29","slug":"husarenjungs","status":"publish","type":"page","link":"https:\/\/rot-weisse-husaren.de\/?page_id=2970","title":{"rendered":"Husarenjungs"},"content":{"rendered":"<h2 style=\"text-align: center;\">Unsere Husarenjungs<\/h2>\n<hr \/>\n<p><a href=\"https:\/\/rot-weisse-husaren.de\/wp-content\/uploads\/2025\/10\/Gruppenfoto-Husarenjungs.jpg\"><img loading=\"lazy\" decoding=\"async\" class=\"aligncenter size-large wp-image-3007\" src=\"https:\/\/rot-weisse-husaren.de\/wp-content\/uploads\/2025\/10\/Gruppenfoto-Husarenjungs-1024x360.jpg\" alt=\"\" width=\"1024\" height=\"360\" srcset=\"https:\/\/rot-weisse-husaren.de\/wp-content\/uploads\/2025\/10\/Gruppenfoto-Husarenjungs-1024x360.jpg 1024w, https:\/\/rot-weisse-husaren.de\/wp-content\/uploads\/2025\/10\/Gruppenfoto-Husarenjungs-300x105.jpg 300w, https:\/\/rot-weisse-husaren.de\/wp-content\/uploads\/2025\/10\/Gruppenfoto-Husarenjungs-768x270.jpg 768w, https:\/\/rot-weisse-husaren.de\/wp-content\/uploads\/2025\/10\/Gruppenfoto-Husarenjungs.jpg 1419w\" sizes=\"auto, (max-width: 1024px) 100vw, 1024px\" \/><\/a><\/p>\n<p style=\"text-align: center;\">Am 18. Juni 2025 wurde im Parkhotel die neue Gruppe \u201eHusarenjungs\u201c der Rot Wei\u00dfe Husaren, offiziell ins Leben gerufen. Die Gr\u00fcndung ging auf die Initiative von Heribert Bersch, Daniel Frank, Christian Schwarz und Gerd Mrosek zur\u00fcck, welche hier die Vorarbeit \u00a0geleistet haben.<br \/>Die \u201eHusarenjungs\u201c richten sich an M\u00e4nner ab 30 Jahren, die nicht nur im uniformierten Korps des Vereins sind, sondern alle die aktiv am Vereinsleben teilnehmen m\u00f6chten. Ziel ist es, regelm\u00e4\u00dfige Treffen zu erm\u00f6glichen, bei denen man sich ungezwungen austauschen, gemeinsame Unternehmungen planen und das Brauchtum pflegen kann.<br \/><br \/>Die Premiere am 18. Juni 2025 verlief, nach Aussage der Husarenjungs, als voller Erfolg.<\/p>\n<p style=\"text-align: center;\">Die Gruppe trifft sich alle zwei Monate. Zwar richtet sich das Angebot in erster Linie an die Husaren, doch k\u00f6nnen auch Mitglieder anderer Karnevalsvereine, welche dem Husarenkorps angeh\u00f6ren, teilnehmen.<br \/><br \/><strong>Ansprechpartner sind Herry Bersch, Daniel Frank und Christian Schwarz.<\/strong><br \/><strong>Hier k\u00f6nnt Ihr eine <a href=\"mailto:husarenjungs@rot-weisse-husaren.de\">E-Mail an die Husarenjungs<\/a> schreiben.<\/strong><\/p>\n\n\n<p><\/p>\n","protected":false},"excerpt":{"rendered":"<p>Unsere Husarenjungs Am 18. Juni 2025 wurde im Parkhotel die neue Gruppe \u201eHusarenjungs\u201c der Rot Wei\u00dfe Husaren, offiziell ins Leben gerufen. Die Gr\u00fcndung ging auf die Initiative von Heribert Bersch, [&hellip;]<\/p>\n","protected":false},"author":1,"featured_media":0,"parent":192,"menu_order":0,"comment_status":"closed","ping_status":"closed","template":"","meta":{"footnotes":""},"class_list":["post-2970","page","type-page","status-publish","hentry","entry"],"_links":{"self":[{"href":"https:\/\/rot-weisse-husaren.de\/index.php?rest_route=\/wp\/v2\/pages\/2970","targetHints":{"allow":["GET"]}}],"collection":[{"href":"https:\/\/rot-weisse-husaren.de\/index.php?rest_route=\/wp\/v2\/pages"}],"about":[{"href":"https:\/\/rot-weisse-husaren.de\/index.php?rest_route=\/wp\/v2\/types\/page"}],"author":[{"embeddable":true,"href":"https:\/\/rot-weisse-husaren.de\/index.php?rest_route=\/wp\/v2\/users\/1"}],"replies":[{"embeddable":true,"href":"https:\/\/rot-weisse-husaren.de\/index.php?rest_route=%2Fwp%2Fv2%2Fcomments&post=2970"}],"version-history":[{"count":5,"href":"https:\/\/rot-weisse-husaren.de\/index.php?rest_route=\/wp\/v2\/pages\/2970\/revisions"}],"predecessor-version":[{"id":3009,"href":"https:\/\/rot-weisse-husaren.de\/index.php?rest_route=\/wp\/v2\/pages\/2970\/revisions\/3009"}],"up":[{"embeddable":true,"href":"https:\/\/rot-weisse-husaren.de\/index.php?rest_route=\/wp\/v2\/pages\/192"}],"wp:attachment":[{"href":"https:\/\/rot-weisse-husaren.de\/index.php?rest_route=%2Fwp%2Fv2%2Fmedia&parent=2970"}],"curies":[{"name":"wp","href":"https:\/\/api.w.org\/{rel}","templated":true}]}}