{"id":548,"date":"2022-11-07T10:44:51","date_gmt":"2022-11-07T10:44:51","guid":{"rendered":"https:\/\/rot-weisse-husaren.de\/?page_id=548"},"modified":"2024-03-11T16:14:19","modified_gmt":"2024-03-11T16:14:19","slug":"buehnenbau","status":"publish","type":"page","link":"https:\/\/rot-weisse-husaren.de\/?page_id=548","title":{"rendered":"B\u00fchnenbau"},"content":{"rendered":"<figure id=\"attachment_2212\" aria-describedby=\"caption-attachment-2212\" style=\"width: 640px\" class=\"wp-caption aligncenter\"><a href=\"https:\/\/rot-weisse-husaren.de\/wp-content\/uploads\/2024\/03\/Buehnenbild-2024.jpeg\"><img loading=\"lazy\" decoding=\"async\" class=\"size-large wp-image-2212\" src=\"https:\/\/rot-weisse-husaren.de\/wp-content\/uploads\/2024\/03\/Buehnenbild-2024-1024x576.jpeg\" alt=\"\" width=\"640\" height=\"360\" srcset=\"https:\/\/rot-weisse-husaren.de\/wp-content\/uploads\/2024\/03\/Buehnenbild-2024-1024x576.jpeg 1024w, https:\/\/rot-weisse-husaren.de\/wp-content\/uploads\/2024\/03\/Buehnenbild-2024-300x169.jpeg 300w, https:\/\/rot-weisse-husaren.de\/wp-content\/uploads\/2024\/03\/Buehnenbild-2024-768x432.jpeg 768w, https:\/\/rot-weisse-husaren.de\/wp-content\/uploads\/2024\/03\/Buehnenbild-2024-1536x864.jpeg 1536w, https:\/\/rot-weisse-husaren.de\/wp-content\/uploads\/2024\/03\/Buehnenbild-2024.jpeg 1600w\" sizes=\"auto, (max-width: 640px) 100vw, 640px\" \/><\/a><figcaption id=\"caption-attachment-2212\" class=\"wp-caption-text\">B\u00fchnenbild 2024<\/figcaption><\/figure>\n<hr \/>\n<p style=\"text-align: center;\">Das Team des B\u00fchnenbaus der KG Rot-Wei\u00dfe-Husaren 1953 e. V. trifft sich regelm\u00e4\u00dfig einmal im Monat.<br \/>\nEs werden mit viel Tatendrang die neuen Ideen umgesetzt.<br \/>\nZu den Aufgaben des B\u00fchnenbaus geh\u00f6ren nicht nur das B\u00fchnenbild f\u00fcr die Sitzung, sondern es werden auch die Dekoration f\u00fcr die anstehende Weihnachtsfeier,<br \/>\nden Regimentsball und den weiteren Veranstaltungen der Rot-Wei\u00dfen-Husaren in der kommenden Session geplant und dekoriert.<br \/>\nWir hoffen auch dieses Jahr wieder viele von unserer Arbeit zu begeistern.<\/p>\n<p style=\"text-align: center;\"><strong>Ihr habt Interesse mitzuwirken?<\/strong><\/p>\n<p style=\"text-align: center;\">Ansprechpartner ist Daniel Frank. Ihr erreicht Ihn unter der<br \/>\nTelefonnummer 0176-61775034 oder per <a href=\"mailto:buehnenbau@rot-weisse-husaren.de\"><strong>E-Mail<\/strong><\/a><\/p>\n<hr \/>\n<figure id=\"attachment_1651\" aria-describedby=\"caption-attachment-1651\" style=\"width: 640px\" class=\"wp-caption aligncenter\"><a href=\"https:\/\/rot-weisse-husaren.de\/wp-content\/uploads\/2023\/05\/Buehne2023.jpeg\"><img loading=\"lazy\" decoding=\"async\" class=\"size-large wp-image-1651\" src=\"https:\/\/rot-weisse-husaren.de\/wp-content\/uploads\/2023\/05\/Buehne2023-1024x576.jpeg\" alt=\"\" width=\"640\" height=\"360\" srcset=\"https:\/\/rot-weisse-husaren.de\/wp-content\/uploads\/2023\/05\/Buehne2023-1024x576.jpeg 1024w, https:\/\/rot-weisse-husaren.de\/wp-content\/uploads\/2023\/05\/Buehne2023-300x169.jpeg 300w, https:\/\/rot-weisse-husaren.de\/wp-content\/uploads\/2023\/05\/Buehne2023-768x432.jpeg 768w, https:\/\/rot-weisse-husaren.de\/wp-content\/uploads\/2023\/05\/Buehne2023-1536x864.jpeg 1536w, https:\/\/rot-weisse-husaren.de\/wp-content\/uploads\/2023\/05\/Buehne2023.jpeg 1600w\" sizes=\"auto, (max-width: 640px) 100vw, 640px\" \/><\/a><figcaption id=\"caption-attachment-1651\" class=\"wp-caption-text\">B\u00fchnenbild 2023<\/figcaption><\/figure>\n<hr \/>\n<figure id=\"attachment_1650\" aria-describedby=\"caption-attachment-1650\" style=\"width: 640px\" class=\"wp-caption aligncenter\"><a href=\"https:\/\/rot-weisse-husaren.de\/wp-content\/uploads\/2023\/05\/Buehne2020.jpeg\" target=\"_blank\" rel=\"noopener\"><img loading=\"lazy\" decoding=\"async\" class=\"wp-image-1650 size-large\" src=\"https:\/\/rot-weisse-husaren.de\/wp-content\/uploads\/2023\/05\/Buehne2020-1024x768.jpeg\" alt=\"\" width=\"640\" height=\"480\" srcset=\"https:\/\/rot-weisse-husaren.de\/wp-content\/uploads\/2023\/05\/Buehne2020-1024x768.jpeg 1024w, https:\/\/rot-weisse-husaren.de\/wp-content\/uploads\/2023\/05\/Buehne2020-300x225.jpeg 300w, https:\/\/rot-weisse-husaren.de\/wp-content\/uploads\/2023\/05\/Buehne2020-768x576.jpeg 768w, https:\/\/rot-weisse-husaren.de\/wp-content\/uploads\/2023\/05\/Buehne2020-1536x1152.jpeg 1536w, https:\/\/rot-weisse-husaren.de\/wp-content\/uploads\/2023\/05\/Buehne2020-800x600.jpeg 800w, https:\/\/rot-weisse-husaren.de\/wp-content\/uploads\/2023\/05\/Buehne2020.jpeg 1600w\" sizes=\"auto, (max-width: 640px) 100vw, 640px\" \/><\/a><figcaption id=\"caption-attachment-1650\" class=\"wp-caption-text\">B\u00fchnenbild 2020<\/figcaption><\/figure>\n<p style=\"text-align: center;\">\n","protected":false},"excerpt":{"rendered":"<p>Das Team des B\u00fchnenbaus der KG Rot-Wei\u00dfe-Husaren 1953 e. V. trifft sich regelm\u00e4\u00dfig einmal im Monat. Es werden mit viel Tatendrang die neuen Ideen umgesetzt. Zu den Aufgaben des B\u00fchnenbaus [&hellip;]<\/p>\n","protected":false},"author":1,"featured_media":0,"parent":192,"menu_order":0,"comment_status":"closed","ping_status":"closed","template":"","meta":{"footnotes":""},"class_list":["post-548","page","type-page","status-publish","hentry","entry"],"_links":{"self":[{"href":"https:\/\/rot-weisse-husaren.de\/index.php?rest_route=\/wp\/v2\/pages\/548","targetHints":{"allow":["GET"]}}],"collection":[{"href":"https:\/\/rot-weisse-husaren.de\/index.php?rest_route=\/wp\/v2\/pages"}],"about":[{"href":"https:\/\/rot-weisse-husaren.de\/index.php?rest_route=\/wp\/v2\/types\/page"}],"author":[{"embeddable":true,"href":"https:\/\/rot-weisse-husaren.de\/index.php?rest_route=\/wp\/v2\/users\/1"}],"replies":[{"embeddable":true,"href":"https:\/\/rot-weisse-husaren.de\/index.php?rest_route=%2Fwp%2Fv2%2Fcomments&post=548"}],"version-history":[{"count":7,"href":"https:\/\/rot-weisse-husaren.de\/index.php?rest_route=\/wp\/v2\/pages\/548\/revisions"}],"predecessor-version":[{"id":2213,"href":"https:\/\/rot-weisse-husaren.de\/index.php?rest_route=\/wp\/v2\/pages\/548\/revisions\/2213"}],"up":[{"embeddable":true,"href":"https:\/\/rot-weisse-husaren.de\/index.php?rest_route=\/wp\/v2\/pages\/192"}],"wp:attachment":[{"href":"https:\/\/rot-weisse-husaren.de\/index.php?rest_route=%2Fwp%2Fv2%2Fmedia&parent=548"}],"curies":[{"name":"wp","href":"https:\/\/api.w.org\/{rel}","templated":true}]}}