{"id":559,"date":"2022-11-07T10:56:36","date_gmt":"2022-11-07T10:56:36","guid":{"rendered":"https:\/\/rot-weisse-husaren.de\/?page_id=559"},"modified":"2022-11-08T16:53:41","modified_gmt":"2022-11-08T16:53:41","slug":"husarenmaedche","status":"publish","type":"page","link":"https:\/\/rot-weisse-husaren.de\/?page_id=559","title":{"rendered":"Husarenm\u00e4dche"},"content":{"rendered":"<p style=\"text-align: center;\">Am 12.03.2018 war es so weit: Drei Damen der Husaren, Heike Gebauer, Patrizia Kr\u00fcg und Marina Spurzem luden nach etwas Vorbereitungszeit alle interessierten Damen des Vereins ins Vereinslokal \u201eZur Taubentr\u00e4nke\u201c ein. Hier trafen sich 38 Frauen und gr\u00fcndeten die neue Gruppe: \u201eHusarenm\u00e4dche\u201c. Diese Gr\u00fcndung wurde dann beim zweiten Treffen am 16.04.2018 ebenfalls im Vereinslokal durch den Kommandeur mit Vorstand best\u00e4tigt und ein Gr\u00fcndungsfoto vor dem Lokal mit Standarte und Korpsorden f\u00fcr die Vereinschronik erstellt. Bei beiden Treffen waren Damen im Alter von 29-71 Jahren vertreten, die mehrere hunderte Jahre Vereinszugeh\u00f6rigkeit zusammen erlebt haben, von M\u00fcttern tanzender Kinder, ehemaligen T\u00e4nzerinnen, Majoretten, Fahnentr\u00e4gerinnen, Musikerinnen \u00fcber ehemalige und aktuelle Vorstandsmitglieder, Gruppenleiterinnen hinzu Ex-Regimentst\u00f6chter und f\u00fcnf ehemalige Prinzessinnen und weitere alle nur erdenkliche Posten im Verein. Schnell wurde klar: Diese Gruppe zum gemeinsamen Austausch wurde gebraucht und direkt sehr gut angenommen. Sinn und Zweck der Husarenm\u00e4dche: Gem\u00fctliches Beisammensein, gegenseitiger Austausch, gemeinsame Teilnahme am Vereinsleben. Voraussetzungen: Alter ab ca. 30 Jahre, weiblich, Mitglied in den Rot-Wei\u00dfen- Husaren (kann aber auch gerne nachgeholt werden). Die Treffen finden an jeden zweiten Montag im Monat ab 19 Uhr in wechselnden Lokalit\u00e4ten in Andernach statt. Wir freuen uns \u00fcber Euer Kommen.<\/p>\n<p style=\"text-align: center;\">Ihr habt Fragen? Schreibt und einfach eine\u00a0<a href=\"mailto:husarenmaedche@rot-weisse-husaren.de\"><strong>E-Mail<\/strong><\/a><\/p>\n<p><img loading=\"lazy\" decoding=\"async\" class=\"aligncenter wp-image-560 size-full\" src=\"https:\/\/rot-weisse-husaren.de\/wp-content\/uploads\/2022\/11\/husarenmaedche.jpg\" alt=\"\" width=\"640\" height=\"427\" srcset=\"https:\/\/rot-weisse-husaren.de\/wp-content\/uploads\/2022\/11\/husarenmaedche.jpg 640w, https:\/\/rot-weisse-husaren.de\/wp-content\/uploads\/2022\/11\/husarenmaedche-300x200.jpg 300w\" sizes=\"auto, (max-width: 640px) 100vw, 640px\" \/><\/p>\n","protected":false},"excerpt":{"rendered":"<p>Am 12.03.2018 war es so weit: Drei Damen der Husaren, Heike Gebauer, Patrizia Kr\u00fcg und Marina Spurzem luden nach etwas Vorbereitungszeit alle interessierten Damen des Vereins ins Vereinslokal \u201eZur Taubentr\u00e4nke\u201c ein. Hier trafen sich 38 Frauen und gr\u00fcndeten die neue Gruppe: \u201eHusarenm\u00e4dche\u201c. Diese Gr\u00fcndung wurde dann beim zweiten Treffen am 16.04.2018 ebenfalls im Vereinslokal durch [&hellip;]<\/p>\n","protected":false},"author":1,"featured_media":0,"parent":192,"menu_order":0,"comment_status":"closed","ping_status":"closed","template":"","meta":{"footnotes":""},"class_list":["post-559","page","type-page","status-publish","hentry","entry"],"_links":{"self":[{"href":"https:\/\/rot-weisse-husaren.de\/index.php?rest_route=\/wp\/v2\/pages\/559","targetHints":{"allow":["GET"]}}],"collection":[{"href":"https:\/\/rot-weisse-husaren.de\/index.php?rest_route=\/wp\/v2\/pages"}],"about":[{"href":"https:\/\/rot-weisse-husaren.de\/index.php?rest_route=\/wp\/v2\/types\/page"}],"author":[{"embeddable":true,"href":"https:\/\/rot-weisse-husaren.de\/index.php?rest_route=\/wp\/v2\/users\/1"}],"replies":[{"embeddable":true,"href":"https:\/\/rot-weisse-husaren.de\/index.php?rest_route=%2Fwp%2Fv2%2Fcomments&post=559"}],"version-history":[{"count":2,"href":"https:\/\/rot-weisse-husaren.de\/index.php?rest_route=\/wp\/v2\/pages\/559\/revisions"}],"predecessor-version":[{"id":799,"href":"https:\/\/rot-weisse-husaren.de\/index.php?rest_route=\/wp\/v2\/pages\/559\/revisions\/799"}],"up":[{"embeddable":true,"href":"https:\/\/rot-weisse-husaren.de\/index.php?rest_route=\/wp\/v2\/pages\/192"}],"wp:attachment":[{"href":"https:\/\/rot-weisse-husaren.de\/index.php?rest_route=%2Fwp%2Fv2%2Fmedia&parent=559"}],"curies":[{"name":"wp","href":"https:\/\/api.w.org\/{rel}","templated":true}]}}