{"id":562,"date":"2022-11-07T11:00:19","date_gmt":"2022-11-07T11:00:19","guid":{"rendered":"https:\/\/rot-weisse-husaren.de\/?page_id=562"},"modified":"2022-11-08T16:54:00","modified_gmt":"2022-11-08T16:54:00","slug":"husarenstammtisch","status":"publish","type":"page","link":"https:\/\/rot-weisse-husaren.de\/?page_id=562","title":{"rendered":"Husarenstammtisch"},"content":{"rendered":"<p style=\"text-align: center;\">In der Karnevalssession 1985 \/ 86 entstand bei der 33-j\u00e4hrigen Jubil\u00e4umsveranstaltung des Rot-Wei\u00dfen-Husarenkorps am 5. Januar 1986 die Idee einen Stammtisch zu gr\u00fcnden. Gerd Mrosek nahm sich dieser Sache an und setzte sich f\u00fcr die Verwirklichung dieser Idee ein. Nach einer Vorbesprechung am 11. April 1986 kam es am 9. Mai 1986 zur Gr\u00fcndungsversammlung in der Gastst\u00e4tte Mohrsm\u00fchle.<\/p>\n<p style=\"text-align: center;\">Das Treffen des Husaren-Stammtisches findet jeweils am 1. Freitag eines Monats im Restaurant J\u00e4gerhof in Andernach statt. Treffen ist ab 20.00 Uhr.<\/p>\n<p style=\"text-align: center;\">Neben den monatlichen Treffen findet jedes Jahr eine Weihnachts- und Karnevalsfeier statt. Auch der j\u00e4hrliche Ausflug geh\u00f6rt schon zum festen Bestandteil der Gruppe. Nat\u00fcrlich werden zu jeder Feier auch der Kommandeur nebst Gattin sowie die Witwen der verstorbenen Mitglieder eingeladen. Mehrmals nahm der Husaren-Stammtisch auch mit einer Gruppierung am Rosenmontagszug teil.<\/p>\n<p style=\"text-align: center;\">Ehrenpr\u00e4sidenten:<br \/>\nHubert Bersch und Reinhold Hopp<\/p>\n<p style=\"text-align: center;\">Ehren-Senatoren:<br \/>\nGr\u00fcnder Gerd Mrosek, Ehrenkommandeur Friedhelm Bodemann sowie Heinrich Windorf<\/p>\n<p style=\"text-align: center;\">\u00dcber jedes weitere Mitglied in unserer Gruppe w\u00fcrden wir uns sehr freuen.<\/p>\n<p style=\"text-align: center;\">Mit dreimol Annenach Alaaf<br \/>\nFriedhelm Stolzenberger<br \/>\n(Pr\u00e4sident des Husaren-Stammtisches)<\/p>\n<p style=\"text-align: center;\">Ansprechpartner sind alle Mitglieder des Husarenstammtischs sowie der Pr\u00e4sident<br \/>\n<strong>Friedhelm Stolzenberger, Tel. 0 26 32 \/ 69 41<br \/>\n<\/strong><\/p>\n<p style=\"text-align: center;\"><a href=\"mailto:husarenstammtisch@rot-weisse-husaren.de\"><strong>E-Mail schreiben<\/strong><\/a><\/p>\n<hr \/>\n<figure id=\"attachment_563\" aria-describedby=\"caption-attachment-563\" style=\"width: 650px\" class=\"wp-caption aligncenter\"><img loading=\"lazy\" decoding=\"async\" class=\"wp-image-563 size-full\" src=\"https:\/\/rot-weisse-husaren.de\/wp-content\/uploads\/2022\/11\/husarenstammtisch_2013.jpg\" alt=\"\" width=\"650\" height=\"420\" srcset=\"https:\/\/rot-weisse-husaren.de\/wp-content\/uploads\/2022\/11\/husarenstammtisch_2013.jpg 650w, https:\/\/rot-weisse-husaren.de\/wp-content\/uploads\/2022\/11\/husarenstammtisch_2013-300x194.jpg 300w\" sizes=\"auto, (max-width: 650px) 100vw, 650px\" \/><figcaption id=\"caption-attachment-563\" class=\"wp-caption-text\">Husarenstammtisch 2013<\/figcaption><\/figure>\n<p>&nbsp;<\/p>\n<figure id=\"attachment_569\" aria-describedby=\"caption-attachment-569\" style=\"width: 600px\" class=\"wp-caption aligncenter\"><img loading=\"lazy\" decoding=\"async\" class=\"wp-image-569 size-full\" src=\"https:\/\/rot-weisse-husaren.de\/wp-content\/uploads\/2022\/11\/Stammtisch.jpg\" alt=\"\" width=\"600\" height=\"450\" srcset=\"https:\/\/rot-weisse-husaren.de\/wp-content\/uploads\/2022\/11\/Stammtisch.jpg 600w, https:\/\/rot-weisse-husaren.de\/wp-content\/uploads\/2022\/11\/Stammtisch-300x225.jpg 300w\" sizes=\"auto, (max-width: 600px) 100vw, 600px\" \/><figcaption id=\"caption-attachment-569\" class=\"wp-caption-text\">Husarenstammtisch 2011<\/figcaption><\/figure>\n<p style=\"text-align: center;\">\n","protected":false},"excerpt":{"rendered":"<p>In der Karnevalssession 1985 \/ 86 entstand bei der 33-j\u00e4hrigen Jubil\u00e4umsveranstaltung des Rot-Wei\u00dfen-Husarenkorps am 5. Januar 1986 die Idee einen Stammtisch zu gr\u00fcnden. Gerd Mrosek nahm sich dieser Sache an und setzte sich f\u00fcr die Verwirklichung dieser Idee ein. Nach einer Vorbesprechung am 11. April 1986 kam es am 9. Mai 1986 zur Gr\u00fcndungsversammlung in [&hellip;]<\/p>\n","protected":false},"author":1,"featured_media":0,"parent":192,"menu_order":0,"comment_status":"closed","ping_status":"closed","template":"","meta":{"footnotes":""},"class_list":["post-562","page","type-page","status-publish","hentry","entry"],"_links":{"self":[{"href":"https:\/\/rot-weisse-husaren.de\/index.php?rest_route=\/wp\/v2\/pages\/562","targetHints":{"allow":["GET"]}}],"collection":[{"href":"https:\/\/rot-weisse-husaren.de\/index.php?rest_route=\/wp\/v2\/pages"}],"about":[{"href":"https:\/\/rot-weisse-husaren.de\/index.php?rest_route=\/wp\/v2\/types\/page"}],"author":[{"embeddable":true,"href":"https:\/\/rot-weisse-husaren.de\/index.php?rest_route=\/wp\/v2\/users\/1"}],"replies":[{"embeddable":true,"href":"https:\/\/rot-weisse-husaren.de\/index.php?rest_route=%2Fwp%2Fv2%2Fcomments&post=562"}],"version-history":[{"count":6,"href":"https:\/\/rot-weisse-husaren.de\/index.php?rest_route=\/wp\/v2\/pages\/562\/revisions"}],"predecessor-version":[{"id":800,"href":"https:\/\/rot-weisse-husaren.de\/index.php?rest_route=\/wp\/v2\/pages\/562\/revisions\/800"}],"up":[{"embeddable":true,"href":"https:\/\/rot-weisse-husaren.de\/index.php?rest_route=\/wp\/v2\/pages\/192"}],"wp:attachment":[{"href":"https:\/\/rot-weisse-husaren.de\/index.php?rest_route=%2Fwp%2Fv2%2Fmedia&parent=562"}],"curies":[{"name":"wp","href":"https:\/\/api.w.org\/{rel}","templated":true}]}}