{"id":608,"date":"2022-11-07T20:05:16","date_gmt":"2022-11-07T20:05:16","guid":{"rendered":"https:\/\/rot-weisse-husaren.de\/?page_id=608"},"modified":"2025-05-25T10:50:17","modified_gmt":"2025-05-25T09:50:17","slug":"majorettes","status":"publish","type":"page","link":"https:\/\/rot-weisse-husaren.de\/?page_id=608","title":{"rendered":"Majorettes"},"content":{"rendered":"<p class=\"s5\" style=\"text-align: center;\"><span class=\"s4\">Als Alleinstellungsmerkmal im Andernacher Karneval ist es uns jedes Jahr aufs neue eine Ehre, dieses Hobby aus\u00fcben zu k\u00f6nnen.<\/span><\/p>\n<p class=\"s5\" style=\"text-align: center;\"><span class=\"s4\">Wir sind eine Gruppe mit einer gro\u00dfen Altersspanne. Hier haben Alt- und Jung die Chance, den Umgang mit dem Majorettenstab zu erlernen und j\u00e4hrlich neue Choreographien zu erarbeiten.<\/span><\/p>\n<p class=\"s5\" style=\"text-align: center;\"><span class=\"s4\">Du m\u00f6chtest auch ein Teil von uns werden? \u2013 Dann schau gerne Sonntags, zwischen 10:00 Uhr und 11:30 Uhr in der Grundschule St.Stephan vorbei <\/span><span class=\"s6\">\ud83d\ude0a<\/span><\/p>\n<p class=\"s5\" style=\"text-align: center;\"><span class=\"s4\">Trainiert wird die Gruppe von Patrizia Kr\u00fcg und Vanessa V\u00f6lkel. Au\u00dferdem bekommen Sie tatkr\u00e4ftige Unterst\u00fctzung von Leni Auer und Maja Hammes.<\/span><\/p>\n<p class=\"s5\" style=\"text-align: center;\"><strong>Neugierig geworden? Dann meldet euch bei<\/strong><\/p>\n<p class=\"s5\" style=\"text-align: center;\"><span class=\"s4\">Patrizia Kr\u00fcg: 02632-49 69 90 0<br \/>\n<\/span><span class=\"s4\">Vanessa V\u00f6lkel: 0157-36944259<\/span><\/p>\n<p style=\"text-align: center;\">oder schreibt uns eine <a href=\"mailto:majorettes@rot-weisse-husaren.de\"><strong>E-Mail<\/strong><\/a><\/p>\n<hr \/>\n<p style=\"text-align: center;\"><img loading=\"lazy\" decoding=\"async\" class=\"aligncenter wp-image-609 \" src=\"https:\/\/rot-weisse-husaren.de\/wp-content\/uploads\/2022\/11\/Bild_1.jpg\" alt=\"\" width=\"651\" height=\"400\" srcset=\"https:\/\/rot-weisse-husaren.de\/wp-content\/uploads\/2022\/11\/Bild_1.jpg 345w, https:\/\/rot-weisse-husaren.de\/wp-content\/uploads\/2022\/11\/Bild_1-300x184.jpg 300w\" sizes=\"auto, (max-width: 651px) 100vw, 651px\" \/> <img loading=\"lazy\" decoding=\"async\" class=\"aligncenter size-full wp-image-610\" src=\"https:\/\/rot-weisse-husaren.de\/wp-content\/uploads\/2022\/11\/IMG_4833.jpg\" alt=\"\" width=\"652\" height=\"434\" srcset=\"https:\/\/rot-weisse-husaren.de\/wp-content\/uploads\/2022\/11\/IMG_4833.jpg 652w, https:\/\/rot-weisse-husaren.de\/wp-content\/uploads\/2022\/11\/IMG_4833-300x200.jpg 300w\" sizes=\"auto, (max-width: 652px) 100vw, 652px\" \/> <img loading=\"lazy\" decoding=\"async\" class=\"aligncenter size-full wp-image-611\" src=\"https:\/\/rot-weisse-husaren.de\/wp-content\/uploads\/2022\/11\/IMG_6591.jpg\" alt=\"\" width=\"652\" height=\"434\" srcset=\"https:\/\/rot-weisse-husaren.de\/wp-content\/uploads\/2022\/11\/IMG_6591.jpg 652w, https:\/\/rot-weisse-husaren.de\/wp-content\/uploads\/2022\/11\/IMG_6591-300x200.jpg 300w\" sizes=\"auto, (max-width: 652px) 100vw, 652px\" \/> <img loading=\"lazy\" decoding=\"async\" class=\"aligncenter size-full wp-image-612\" src=\"https:\/\/rot-weisse-husaren.de\/wp-content\/uploads\/2022\/11\/majorettes_15vh.jpg\" alt=\"\" width=\"652\" height=\"432\" srcset=\"https:\/\/rot-weisse-husaren.de\/wp-content\/uploads\/2022\/11\/majorettes_15vh.jpg 652w, https:\/\/rot-weisse-husaren.de\/wp-content\/uploads\/2022\/11\/majorettes_15vh-300x199.jpg 300w\" sizes=\"auto, (max-width: 652px) 100vw, 652px\" \/> <img loading=\"lazy\" decoding=\"async\" class=\"aligncenter size-full wp-image-613\" src=\"https:\/\/rot-weisse-husaren.de\/wp-content\/uploads\/2022\/11\/RWH_Sitzung_Sa_2010_097.jpg\" alt=\"\" width=\"652\" height=\"433\" srcset=\"https:\/\/rot-weisse-husaren.de\/wp-content\/uploads\/2022\/11\/RWH_Sitzung_Sa_2010_097.jpg 652w, https:\/\/rot-weisse-husaren.de\/wp-content\/uploads\/2022\/11\/RWH_Sitzung_Sa_2010_097-300x199.jpg 300w\" sizes=\"auto, (max-width: 652px) 100vw, 652px\" \/><\/p>\n","protected":false},"excerpt":{"rendered":"<p>Als Alleinstellungsmerkmal im Andernacher Karneval ist es uns jedes Jahr aufs neue eine Ehre, dieses Hobby aus\u00fcben zu k\u00f6nnen. Wir sind eine Gruppe mit einer gro\u00dfen Altersspanne. Hier haben Alt- und Jung die Chance, den Umgang mit dem Majorettenstab zu erlernen und j\u00e4hrlich neue Choreographien zu erarbeiten. Du m\u00f6chtest auch ein Teil von uns werden? [&hellip;]<\/p>\n","protected":false},"author":1,"featured_media":0,"parent":192,"menu_order":0,"comment_status":"closed","ping_status":"closed","template":"","meta":{"footnotes":""},"class_list":["post-608","page","type-page","status-publish","hentry","entry"],"_links":{"self":[{"href":"https:\/\/rot-weisse-husaren.de\/index.php?rest_route=\/wp\/v2\/pages\/608","targetHints":{"allow":["GET"]}}],"collection":[{"href":"https:\/\/rot-weisse-husaren.de\/index.php?rest_route=\/wp\/v2\/pages"}],"about":[{"href":"https:\/\/rot-weisse-husaren.de\/index.php?rest_route=\/wp\/v2\/types\/page"}],"author":[{"embeddable":true,"href":"https:\/\/rot-weisse-husaren.de\/index.php?rest_route=\/wp\/v2\/users\/1"}],"replies":[{"embeddable":true,"href":"https:\/\/rot-weisse-husaren.de\/index.php?rest_route=%2Fwp%2Fv2%2Fcomments&post=608"}],"version-history":[{"count":4,"href":"https:\/\/rot-weisse-husaren.de\/index.php?rest_route=\/wp\/v2\/pages\/608\/revisions"}],"predecessor-version":[{"id":2752,"href":"https:\/\/rot-weisse-husaren.de\/index.php?rest_route=\/wp\/v2\/pages\/608\/revisions\/2752"}],"up":[{"embeddable":true,"href":"https:\/\/rot-weisse-husaren.de\/index.php?rest_route=\/wp\/v2\/pages\/192"}],"wp:attachment":[{"href":"https:\/\/rot-weisse-husaren.de\/index.php?rest_route=%2Fwp%2Fv2%2Fmedia&parent=608"}],"curies":[{"name":"wp","href":"https:\/\/api.w.org\/{rel}","templated":true}]}}