{"id":615,"date":"2022-11-07T20:07:58","date_gmt":"2022-11-07T20:07:58","guid":{"rendered":"https:\/\/rot-weisse-husaren.de\/?page_id=615"},"modified":"2022-11-07T20:08:06","modified_gmt":"2022-11-07T20:08:06","slug":"marketenderinnen","status":"publish","type":"page","link":"https:\/\/rot-weisse-husaren.de\/?page_id=615","title":{"rendered":"Marketenderinnen"},"content":{"rendered":"<p style=\"text-align: center;\">Auf dem Regimentsball am 6. Januar 2018 konnten zwei verdiente Husaren in das Amt der Marketenderin der Rot-Wei\u00dfen Husaren eingef\u00fchrt werden. Wir freuen uns, dass der<\/p>\n<p style=\"text-align: center;\"><strong>Rittmeister im Range eines Hauptmanns Mareike Daverkausen<\/strong><br \/>\nund der<br \/>\n<strong>Oberleutnant Tanja Thiel<\/strong><\/p>\n<p style=\"text-align: center;\">sich f\u00fcr dieses Amt zur Verf\u00fcgung gestellt haben. Wir w\u00fcnschen beiden neuen Marketenderinnen viel Spa\u00df bei ihrer neuen Aufgabe. Das Husarenkorps wird zuk\u00fcnftig von ihnen bestens betreut werden.<\/p>\n<hr \/>\n<p style=\"text-align: center;\"><img loading=\"lazy\" decoding=\"async\" class=\"size-full wp-image-616 aligncenter\" src=\"https:\/\/rot-weisse-husaren.de\/wp-content\/uploads\/2022\/11\/2019-10_RWH_3568-Marketenderinnen.jpg\" alt=\"\" width=\"600\" height=\"841\" srcset=\"https:\/\/rot-weisse-husaren.de\/wp-content\/uploads\/2022\/11\/2019-10_RWH_3568-Marketenderinnen.jpg 600w, https:\/\/rot-weisse-husaren.de\/wp-content\/uploads\/2022\/11\/2019-10_RWH_3568-Marketenderinnen-214x300.jpg 214w\" sizes=\"auto, (max-width: 600px) 100vw, 600px\" \/><\/p>\n","protected":false},"excerpt":{"rendered":"<p>Auf dem Regimentsball am 6. Januar 2018 konnten zwei verdiente Husaren in das Amt der Marketenderin der Rot-Wei\u00dfen Husaren eingef\u00fchrt werden. Wir freuen uns, dass der Rittmeister im Range eines Hauptmanns Mareike Daverkausen und der Oberleutnant Tanja Thiel sich f\u00fcr dieses Amt zur Verf\u00fcgung gestellt haben. Wir w\u00fcnschen beiden neuen Marketenderinnen viel Spa\u00df bei ihrer [&hellip;]<\/p>\n","protected":false},"author":1,"featured_media":0,"parent":192,"menu_order":0,"comment_status":"closed","ping_status":"closed","template":"","meta":{"footnotes":""},"class_list":["post-615","page","type-page","status-publish","hentry","entry"],"_links":{"self":[{"href":"https:\/\/rot-weisse-husaren.de\/index.php?rest_route=\/wp\/v2\/pages\/615","targetHints":{"allow":["GET"]}}],"collection":[{"href":"https:\/\/rot-weisse-husaren.de\/index.php?rest_route=\/wp\/v2\/pages"}],"about":[{"href":"https:\/\/rot-weisse-husaren.de\/index.php?rest_route=\/wp\/v2\/types\/page"}],"author":[{"embeddable":true,"href":"https:\/\/rot-weisse-husaren.de\/index.php?rest_route=\/wp\/v2\/users\/1"}],"replies":[{"embeddable":true,"href":"https:\/\/rot-weisse-husaren.de\/index.php?rest_route=%2Fwp%2Fv2%2Fcomments&post=615"}],"version-history":[{"count":2,"href":"https:\/\/rot-weisse-husaren.de\/index.php?rest_route=\/wp\/v2\/pages\/615\/revisions"}],"predecessor-version":[{"id":618,"href":"https:\/\/rot-weisse-husaren.de\/index.php?rest_route=\/wp\/v2\/pages\/615\/revisions\/618"}],"up":[{"embeddable":true,"href":"https:\/\/rot-weisse-husaren.de\/index.php?rest_route=\/wp\/v2\/pages\/192"}],"wp:attachment":[{"href":"https:\/\/rot-weisse-husaren.de\/index.php?rest_route=%2Fwp%2Fv2%2Fmedia&parent=615"}],"curies":[{"name":"wp","href":"https:\/\/api.w.org\/{rel}","templated":true}]}}