{"id":619,"date":"2022-11-07T20:14:27","date_gmt":"2022-11-07T20:14:27","guid":{"rendered":"https:\/\/rot-weisse-husaren.de\/?page_id=619"},"modified":"2023-07-27T11:14:45","modified_gmt":"2023-07-27T11:14:45","slug":"maennertanzgruppe","status":"publish","type":"page","link":"https:\/\/rot-weisse-husaren.de\/?page_id=619","title":{"rendered":"M\u00e4nnertanzgruppe"},"content":{"rendered":"<figure id=\"attachment_1886\" aria-describedby=\"caption-attachment-1886\" style=\"width: 640px\" class=\"wp-caption aligncenter\"><img loading=\"lazy\" decoding=\"async\" class=\"wp-image-1886 size-large\" src=\"https:\/\/rot-weisse-husaren.de\/wp-content\/uploads\/2023\/07\/Maennerballett-2023-1024x683.jpeg\" alt=\"\" width=\"640\" height=\"427\" srcset=\"https:\/\/rot-weisse-husaren.de\/wp-content\/uploads\/2023\/07\/Maennerballett-2023-1024x683.jpeg 1024w, https:\/\/rot-weisse-husaren.de\/wp-content\/uploads\/2023\/07\/Maennerballett-2023-300x200.jpeg 300w, https:\/\/rot-weisse-husaren.de\/wp-content\/uploads\/2023\/07\/Maennerballett-2023-768x512.jpeg 768w, https:\/\/rot-weisse-husaren.de\/wp-content\/uploads\/2023\/07\/Maennerballett-2023-1536x1024.jpeg 1536w, https:\/\/rot-weisse-husaren.de\/wp-content\/uploads\/2023\/07\/Maennerballett-2023-2048x1366.jpeg 2048w\" sizes=\"auto, (max-width: 640px) 100vw, 640px\" \/><figcaption id=\"caption-attachment-1886\" class=\"wp-caption-text\">M\u00e4nnertanzgruppe 2023<\/figcaption><\/figure>\n<hr \/>\n<p style=\"text-align: center;\">Die Motivation hat keine Grenzen. Dank einiger neuer T\u00e4nzer, lassen sich unsere M\u00e4nner nicht aufhalten. W\u00e4hrend des Hebeworkshops am Schnuppertag, lie\u00dfen sie ihre Talente schon durchblicken. Man k\u00f6nnte sagen, trotz neuer T\u00e4nzer, sind sie schon zu einem Team zusammen gewachsen. So konnte mit neuen Ideen und M\u00f6glichkeiten in das neue Trainingsjahr gestartet werden.<\/p>\n<p style=\"text-align: center;\">Nach wilden arabischen N\u00e4chten machten sich unsere M\u00e4nner, dieses Jahr, aus dem tiefen Orient in Richtung skandinavischer Gefilde auf. Als Wikinger nehmen sie die gef\u00fcrchtete Rolle des Land-&amp; Seer\u00e4ubers ein. Sie lassen den einst gef\u00fcrchteten Krieger, durch beeindruckende Kost\u00fcme, mitrei\u00dfende Musik und eine starke Attit\u00fcde, wieder aufleben. Taucht ein in die bedrohliche Atmosph\u00e4re und lasst eurer G\u00e4nsehaut freien Lauf.<\/p>\n<p style=\"text-align: center;\">Gemeinsam mit ihren Trainerinnen\u00a0<strong>Laura Steffens, Nina Moldenhauer<\/strong>\u00a0und\u00a0<strong>Tanja Kontic<\/strong> ist ihnen immer gelungen einen super Auftritt auf der Sitzung darzubieten.<\/p>\n<p style=\"text-align: center;\">Wer Lust hat, sich t\u00e4nzerisch weiterzubilden ist bei uns herzlich willkommen.<\/p>\n<p style=\"text-align: center;\">Proben finden von September bis zur Sitzung jeden Sonntag ab 11.30 Uhr in der Turnhalle der Grundschule St. Stephan, Andernach statt.\u00a0Nehmt also gerne Kontrakt auf und schreibt uns eine <a href=\"mailto:tanzgruppe@rot-weisse-husaren.de\"><strong>E-Mail<\/strong><\/a><\/p>\n<hr \/>\n<p style=\"text-align: center;\">Unsere Trainerinnen Nina, Laura und Tanja<\/p>\n<p><img loading=\"lazy\" decoding=\"async\" class=\"aligncenter size-full wp-image-625\" src=\"https:\/\/rot-weisse-husaren.de\/wp-content\/uploads\/2022\/11\/Leiterinnen-2019.jpg\" alt=\"\" width=\"652\" height=\"489\" srcset=\"https:\/\/rot-weisse-husaren.de\/wp-content\/uploads\/2022\/11\/Leiterinnen-2019.jpg 652w, https:\/\/rot-weisse-husaren.de\/wp-content\/uploads\/2022\/11\/Leiterinnen-2019-300x225.jpg 300w\" sizes=\"auto, (max-width: 652px) 100vw, 652px\" \/><\/p>\n<hr \/>\n<p style=\"text-align: center;\"><img loading=\"lazy\" decoding=\"async\" class=\"aligncenter size-full wp-image-620\" src=\"https:\/\/rot-weisse-husaren.de\/wp-content\/uploads\/2022\/11\/2015.jpg\" alt=\"\" width=\"652\" height=\"437\" srcset=\"https:\/\/rot-weisse-husaren.de\/wp-content\/uploads\/2022\/11\/2015.jpg 652w, https:\/\/rot-weisse-husaren.de\/wp-content\/uploads\/2022\/11\/2015-300x201.jpg 300w\" sizes=\"auto, (max-width: 652px) 100vw, 652px\" \/> <img loading=\"lazy\" decoding=\"async\" class=\"aligncenter size-full wp-image-621\" src=\"https:\/\/rot-weisse-husaren.de\/wp-content\/uploads\/2022\/11\/2017-1.jpg\" alt=\"\" width=\"652\" height=\"492\" srcset=\"https:\/\/rot-weisse-husaren.de\/wp-content\/uploads\/2022\/11\/2017-1.jpg 652w, https:\/\/rot-weisse-husaren.de\/wp-content\/uploads\/2022\/11\/2017-1-300x226.jpg 300w\" sizes=\"auto, (max-width: 652px) 100vw, 652px\" \/> <img loading=\"lazy\" decoding=\"async\" class=\"aligncenter size-full wp-image-622\" src=\"https:\/\/rot-weisse-husaren.de\/wp-content\/uploads\/2022\/11\/2019.jpg\" alt=\"\" width=\"652\" height=\"469\" srcset=\"https:\/\/rot-weisse-husaren.de\/wp-content\/uploads\/2022\/11\/2019.jpg 652w, https:\/\/rot-weisse-husaren.de\/wp-content\/uploads\/2022\/11\/2019-300x216.jpg 300w\" sizes=\"auto, (max-width: 652px) 100vw, 652px\" \/> <img loading=\"lazy\" decoding=\"async\" class=\"aligncenter size-full wp-image-623\" src=\"https:\/\/rot-weisse-husaren.de\/wp-content\/uploads\/2022\/11\/2020_Bild_2.jpg\" alt=\"\" width=\"652\" height=\"466\" srcset=\"https:\/\/rot-weisse-husaren.de\/wp-content\/uploads\/2022\/11\/2020_Bild_2.jpg 652w, https:\/\/rot-weisse-husaren.de\/wp-content\/uploads\/2022\/11\/2020_Bild_2-300x214.jpg 300w\" sizes=\"auto, (max-width: 652px) 100vw, 652px\" \/> <img loading=\"lazy\" decoding=\"async\" class=\"aligncenter size-full wp-image-624\" src=\"https:\/\/rot-weisse-husaren.de\/wp-content\/uploads\/2022\/11\/20104_img_6705.jpg\" alt=\"\" width=\"652\" height=\"434\" srcset=\"https:\/\/rot-weisse-husaren.de\/wp-content\/uploads\/2022\/11\/20104_img_6705.jpg 652w, https:\/\/rot-weisse-husaren.de\/wp-content\/uploads\/2022\/11\/20104_img_6705-300x200.jpg 300w\" sizes=\"auto, (max-width: 652px) 100vw, 652px\" \/><\/p>\n","protected":false},"excerpt":{"rendered":"<p>Die Motivation hat keine Grenzen. Dank einiger neuer T\u00e4nzer, lassen sich unsere M\u00e4nner nicht aufhalten. W\u00e4hrend des Hebeworkshops am Schnuppertag, lie\u00dfen sie ihre Talente schon durchblicken. Man k\u00f6nnte sagen, trotz neuer T\u00e4nzer, sind sie schon zu einem Team zusammen gewachsen. So konnte mit neuen Ideen und M\u00f6glichkeiten in das neue Trainingsjahr gestartet werden. Nach wilden [&hellip;]<\/p>\n","protected":false},"author":1,"featured_media":0,"parent":0,"menu_order":0,"comment_status":"closed","ping_status":"closed","template":"","meta":{"footnotes":""},"class_list":["post-619","page","type-page","status-publish","hentry","entry"],"_links":{"self":[{"href":"https:\/\/rot-weisse-husaren.de\/index.php?rest_route=\/wp\/v2\/pages\/619","targetHints":{"allow":["GET"]}}],"collection":[{"href":"https:\/\/rot-weisse-husaren.de\/index.php?rest_route=\/wp\/v2\/pages"}],"about":[{"href":"https:\/\/rot-weisse-husaren.de\/index.php?rest_route=\/wp\/v2\/types\/page"}],"author":[{"embeddable":true,"href":"https:\/\/rot-weisse-husaren.de\/index.php?rest_route=\/wp\/v2\/users\/1"}],"replies":[{"embeddable":true,"href":"https:\/\/rot-weisse-husaren.de\/index.php?rest_route=%2Fwp%2Fv2%2Fcomments&post=619"}],"version-history":[{"count":4,"href":"https:\/\/rot-weisse-husaren.de\/index.php?rest_route=\/wp\/v2\/pages\/619\/revisions"}],"predecessor-version":[{"id":1888,"href":"https:\/\/rot-weisse-husaren.de\/index.php?rest_route=\/wp\/v2\/pages\/619\/revisions\/1888"}],"wp:attachment":[{"href":"https:\/\/rot-weisse-husaren.de\/index.php?rest_route=%2Fwp%2Fv2%2Fmedia&parent=619"}],"curies":[{"name":"wp","href":"https:\/\/api.w.org\/{rel}","templated":true}]}}