{"id":627,"date":"2022-11-07T20:18:13","date_gmt":"2022-11-07T20:18:13","guid":{"rendered":"https:\/\/rot-weisse-husaren.de\/?page_id=627"},"modified":"2025-04-26T09:26:16","modified_gmt":"2025-04-26T08:26:16","slug":"mittelballett","status":"publish","type":"page","link":"https:\/\/rot-weisse-husaren.de\/?page_id=627","title":{"rendered":"Mittelballett"},"content":{"rendered":"<h2 style=\"text-align: center;\">Unser Mittelballett \u2013 jung, dynamisch und voller Power!<\/h2>\n<hr \/>\n<figure id=\"attachment_2699\" aria-describedby=\"caption-attachment-2699\" style=\"width: 652px\" class=\"wp-caption aligncenter\"><img loading=\"lazy\" decoding=\"async\" class=\"wp-image-2699\" src=\"https:\/\/rot-weisse-husaren.de\/wp-content\/uploads\/2025\/04\/IMG_9562-min-1024x777.jpg\" alt=\"\" width=\"652\" height=\"495\" srcset=\"https:\/\/rot-weisse-husaren.de\/wp-content\/uploads\/2025\/04\/IMG_9562-min-1024x777.jpg 1024w, https:\/\/rot-weisse-husaren.de\/wp-content\/uploads\/2025\/04\/IMG_9562-min-300x228.jpg 300w, https:\/\/rot-weisse-husaren.de\/wp-content\/uploads\/2025\/04\/IMG_9562-min-768x583.jpg 768w, https:\/\/rot-weisse-husaren.de\/wp-content\/uploads\/2025\/04\/IMG_9562-min.jpg 1038w\" sizes=\"auto, (max-width: 652px) 100vw, 652px\" \/><figcaption id=\"caption-attachment-2699\" class=\"wp-caption-text\">Gruppenfoto 2025<\/figcaption><\/figure>\n<hr \/>\n<p style=\"text-align: center;\">Sie sind das Herzst\u00fcck unseres t\u00e4nzerischen Nachwuchses: die M\u00e4dels des Mittelballetts.<\/p>\n<p style=\"text-align: center;\">Mit erneutem Zuwachs in der Gruppe von jungen T\u00e4nzerinnen, zeigt die Gruppe eindrucksvoll, wie viel Energie, Leidenschaft und Teamgeist in ihr steckt.<\/p>\n<p style=\"text-align: center;\">Ihr Markenzeichen? Kreativer Showtanz mit Hebefiguren, wechselnden Themen und vor allem ganz viel Ausdruck \u2013 aber das Mittelballett ist l\u00e4ngst mehr als nur Tanz. Es ist eine eingeschworene Gemeinschaft, in der Freundschaft, Zusammenhalt und jede Menge Spa\u00df an erster Stelle stehen.<\/p>\n<p style=\"text-align: center;\">In dieser Session entf\u00fchren euch die M\u00e4dels in eine geheimnisvolle Welt voller St\u00e4rke und Magie. Ihr Motto: \u201eWarriors\u201c. In ihren goldenen, kraftvollen Kampfgew\u00e4ndern stellen sie sich mutig jeder Herausforderung \u2013 immer im Einsatz f\u00fcr Gerechtigkeit, Frieden und das Gl\u00fcck aller.<\/p>\n<p style=\"text-align: center;\">Monatelang wird trainiert, ge\u00fcbt und gefeilt, um mit eindrucksvollen Choreografien und kraftvollen Bewegungen die B\u00fchne zu erobern. Seid gespannt auf eine Show, die Kampfgeist, Eleganz und Zusammenhalt vereint und euch in eine Welt voller Mythen und Abenteuer entf\u00fchrt.<\/p>\n<p style=\"text-align: center;\">Unter der Leitung von Kimberly Friedland und Stephanie Kapp wird nicht wieder nur eine beeindruckende Choreografie entstehen, sondern auch \u00fcber das gesamte Jahr ein echtes Gemeinschaftsgef\u00fchl f\u00fcr die M\u00e4dels entstehen und sie auch in diesem Jahr als Team fest zusammen schwei\u00dfen.<\/p>\n<p style=\"text-align: center;\">Du hast Lust mitzutanzen? Dann komm gerne vorbei!<br \/>\n<strong>Mittwochs von 18:00 bis 19:30 Uhr<\/strong><br \/>\n<strong>Gymnastikhalle der Berufsschule Andernach<\/strong><br \/>\nDeine Ansprechpartnerinnen: Kimberly Friedland &amp; Stephanie Kapp<\/p>\n<p style=\"text-align: center;\">Gerne k\u00f6nnt Ihr uns auch eine <a href=\"mailto:mittelballett@rot-weisse-husaren.de\"><strong>E-Mail<\/strong><\/a> schreiben.<br \/>\nWir freuen uns auf Euch!!!<\/p>\n<hr \/>\n<p>&nbsp;<\/p>\n<p><img loading=\"lazy\" decoding=\"async\" class=\"aligncenter wp-image-2705\" src=\"https:\/\/rot-weisse-husaren.de\/wp-content\/uploads\/2025\/04\/6796617a-1e44-4878-918b-a3a1e0d1bbce.jpg\" alt=\"\" width=\"652\" height=\"354\" srcset=\"https:\/\/rot-weisse-husaren.de\/wp-content\/uploads\/2025\/04\/6796617a-1e44-4878-918b-a3a1e0d1bbce.jpg 1170w, https:\/\/rot-weisse-husaren.de\/wp-content\/uploads\/2025\/04\/6796617a-1e44-4878-918b-a3a1e0d1bbce-300x163.jpg 300w, https:\/\/rot-weisse-husaren.de\/wp-content\/uploads\/2025\/04\/6796617a-1e44-4878-918b-a3a1e0d1bbce-1024x557.jpg 1024w, https:\/\/rot-weisse-husaren.de\/wp-content\/uploads\/2025\/04\/6796617a-1e44-4878-918b-a3a1e0d1bbce-768x417.jpg 768w\" sizes=\"auto, (max-width: 652px) 100vw, 652px\" \/><\/p>\n<p><img loading=\"lazy\" decoding=\"async\" class=\"aligncenter wp-image-2704\" src=\"https:\/\/rot-weisse-husaren.de\/wp-content\/uploads\/2025\/04\/30d9dcac-da39-4ba8-b08d-7764d9cf66f7-1024x781.jpg\" alt=\"\" width=\"652\" height=\"497\" srcset=\"https:\/\/rot-weisse-husaren.de\/wp-content\/uploads\/2025\/04\/30d9dcac-da39-4ba8-b08d-7764d9cf66f7-1024x781.jpg 1024w, https:\/\/rot-weisse-husaren.de\/wp-content\/uploads\/2025\/04\/30d9dcac-da39-4ba8-b08d-7764d9cf66f7-300x229.jpg 300w, https:\/\/rot-weisse-husaren.de\/wp-content\/uploads\/2025\/04\/30d9dcac-da39-4ba8-b08d-7764d9cf66f7-768x586.jpg 768w, https:\/\/rot-weisse-husaren.de\/wp-content\/uploads\/2025\/04\/30d9dcac-da39-4ba8-b08d-7764d9cf66f7.jpg 1170w\" sizes=\"auto, (max-width: 652px) 100vw, 652px\" \/><\/p>\n<p><img loading=\"lazy\" decoding=\"async\" class=\"size-full wp-image-628\" src=\"https:\/\/rot-weisse-husaren.de\/wp-content\/uploads\/2022\/11\/0048_hi.jpg\" alt=\"\" width=\"652\" height=\"489\" srcset=\"https:\/\/rot-weisse-husaren.de\/wp-content\/uploads\/2022\/11\/0048_hi.jpg 652w, https:\/\/rot-weisse-husaren.de\/wp-content\/uploads\/2022\/11\/0048_hi-300x225.jpg 300w\" sizes=\"auto, (max-width: 652px) 100vw, 652px\" \/><\/p>\n<p><img loading=\"lazy\" decoding=\"async\" class=\"size-full wp-image-629\" src=\"https:\/\/rot-weisse-husaren.de\/wp-content\/uploads\/2022\/11\/0077_hi.jpg\" alt=\"\" width=\"652\" height=\"493\" srcset=\"https:\/\/rot-weisse-husaren.de\/wp-content\/uploads\/2022\/11\/0077_hi.jpg 652w, https:\/\/rot-weisse-husaren.de\/wp-content\/uploads\/2022\/11\/0077_hi-300x227.jpg 300w\" sizes=\"auto, (max-width: 652px) 100vw, 652px\" \/><\/p>\n<p><img loading=\"lazy\" decoding=\"async\" class=\"alignnone wp-image-630\" src=\"https:\/\/rot-weisse-husaren.de\/wp-content\/uploads\/2022\/11\/2014.jpg\" alt=\"\" width=\"652\" height=\"430\" srcset=\"https:\/\/rot-weisse-husaren.de\/wp-content\/uploads\/2022\/11\/2014.jpg 632w, https:\/\/rot-weisse-husaren.de\/wp-content\/uploads\/2022\/11\/2014-300x198.jpg 300w\" sizes=\"auto, (max-width: 652px) 100vw, 652px\" \/><\/p>\n<p><img loading=\"lazy\" decoding=\"async\" class=\"alignnone wp-image-631\" src=\"https:\/\/rot-weisse-husaren.de\/wp-content\/uploads\/2022\/11\/2015-1.jpg\" alt=\"\" width=\"652\" height=\"428\" srcset=\"https:\/\/rot-weisse-husaren.de\/wp-content\/uploads\/2022\/11\/2015-1.jpg 632w, https:\/\/rot-weisse-husaren.de\/wp-content\/uploads\/2022\/11\/2015-1-300x197.jpg 300w\" sizes=\"auto, (max-width: 652px) 100vw, 652px\" \/><\/p>\n<p><img loading=\"lazy\" decoding=\"async\" class=\"alignnone wp-image-632\" src=\"https:\/\/rot-weisse-husaren.de\/wp-content\/uploads\/2022\/11\/2016-2.jpg\" alt=\"\" width=\"652\" height=\"419\" srcset=\"https:\/\/rot-weisse-husaren.de\/wp-content\/uploads\/2022\/11\/2016-2.jpg 632w, https:\/\/rot-weisse-husaren.de\/wp-content\/uploads\/2022\/11\/2016-2-300x193.jpg 300w\" sizes=\"auto, (max-width: 652px) 100vw, 652px\" \/><\/p>\n<p><img loading=\"lazy\" decoding=\"async\" class=\"alignnone wp-image-633\" src=\"https:\/\/rot-weisse-husaren.de\/wp-content\/uploads\/2022\/11\/2017-2.jpg\" alt=\"\" width=\"652\" height=\"327\" srcset=\"https:\/\/rot-weisse-husaren.de\/wp-content\/uploads\/2022\/11\/2017-2.jpg 632w, https:\/\/rot-weisse-husaren.de\/wp-content\/uploads\/2022\/11\/2017-2-300x150.jpg 300w\" sizes=\"auto, (max-width: 652px) 100vw, 652px\" \/><\/p>\n<p><img loading=\"lazy\" decoding=\"async\" class=\"alignnone wp-image-634\" src=\"https:\/\/rot-weisse-husaren.de\/wp-content\/uploads\/2022\/11\/2018.jpg\" alt=\"\" width=\"652\" height=\"433\" srcset=\"https:\/\/rot-weisse-husaren.de\/wp-content\/uploads\/2022\/11\/2018.jpg 632w, https:\/\/rot-weisse-husaren.de\/wp-content\/uploads\/2022\/11\/2018-300x199.jpg 300w\" sizes=\"auto, (max-width: 652px) 100vw, 652px\" \/><\/p>\n<p><img loading=\"lazy\" decoding=\"async\" class=\"alignnone wp-image-635\" src=\"https:\/\/rot-weisse-husaren.de\/wp-content\/uploads\/2022\/11\/2019-1.jpg\" alt=\"\" width=\"652\" height=\"434\" srcset=\"https:\/\/rot-weisse-husaren.de\/wp-content\/uploads\/2022\/11\/2019-1.jpg 632w, https:\/\/rot-weisse-husaren.de\/wp-content\/uploads\/2022\/11\/2019-1-300x200.jpg 300w\" sizes=\"auto, (max-width: 652px) 100vw, 652px\" \/><\/p>\n<p><img loading=\"lazy\" decoding=\"async\" class=\"alignnone wp-image-636\" src=\"https:\/\/rot-weisse-husaren.de\/wp-content\/uploads\/2022\/11\/2020-1.jpg\" alt=\"\" width=\"652\" height=\"434\" srcset=\"https:\/\/rot-weisse-husaren.de\/wp-content\/uploads\/2022\/11\/2020-1.jpg 632w, https:\/\/rot-weisse-husaren.de\/wp-content\/uploads\/2022\/11\/2020-1-300x200.jpg 300w\" sizes=\"auto, (max-width: 652px) 100vw, 652px\" \/><\/p>\n<p><img loading=\"lazy\" decoding=\"async\" class=\"alignnone wp-image-637\" src=\"https:\/\/rot-weisse-husaren.de\/wp-content\/uploads\/2022\/11\/2020-2.jpg\" alt=\"\" width=\"652\" height=\"389\" srcset=\"https:\/\/rot-weisse-husaren.de\/wp-content\/uploads\/2022\/11\/2020-2.jpg 632w, https:\/\/rot-weisse-husaren.de\/wp-content\/uploads\/2022\/11\/2020-2-300x179.jpg 300w\" sizes=\"auto, (max-width: 652px) 100vw, 652px\" \/><\/p>\n<p><img loading=\"lazy\" decoding=\"async\" class=\"size-full wp-image-638\" src=\"https:\/\/rot-weisse-husaren.de\/wp-content\/uploads\/2022\/11\/IMG_0904.jpg\" alt=\"\" width=\"652\" height=\"327\" srcset=\"https:\/\/rot-weisse-husaren.de\/wp-content\/uploads\/2022\/11\/IMG_0904.jpg 652w, https:\/\/rot-weisse-husaren.de\/wp-content\/uploads\/2022\/11\/IMG_0904-300x150.jpg 300w\" sizes=\"auto, (max-width: 652px) 100vw, 652px\" \/><\/p>\n<p><img loading=\"lazy\" decoding=\"async\" class=\"size-full wp-image-639\" src=\"https:\/\/rot-weisse-husaren.de\/wp-content\/uploads\/2022\/11\/Mittelballett_2012a.jpg\" alt=\"\" width=\"652\" height=\"434\" srcset=\"https:\/\/rot-weisse-husaren.de\/wp-content\/uploads\/2022\/11\/Mittelballett_2012a.jpg 652w, https:\/\/rot-weisse-husaren.de\/wp-content\/uploads\/2022\/11\/Mittelballett_2012a-300x200.jpg 300w\" sizes=\"auto, (max-width: 652px) 100vw, 652px\" \/><\/p>\n<p><img loading=\"lazy\" decoding=\"async\" class=\"size-full wp-image-640\" src=\"https:\/\/rot-weisse-husaren.de\/wp-content\/uploads\/2022\/11\/rwh_sitzung_2013-1.jpg\" alt=\"\" width=\"652\" height=\"434\" srcset=\"https:\/\/rot-weisse-husaren.de\/wp-content\/uploads\/2022\/11\/rwh_sitzung_2013-1.jpg 652w, https:\/\/rot-weisse-husaren.de\/wp-content\/uploads\/2022\/11\/rwh_sitzung_2013-1-300x200.jpg 300w\" sizes=\"auto, (max-width: 652px) 100vw, 652px\" \/><\/p>\n<p><img loading=\"lazy\" decoding=\"async\" class=\"size-full wp-image-641\" src=\"https:\/\/rot-weisse-husaren.de\/wp-content\/uploads\/2022\/11\/RWH_Sitzung_Sa_2010_508.jpg\" alt=\"\" width=\"652\" height=\"459\" srcset=\"https:\/\/rot-weisse-husaren.de\/wp-content\/uploads\/2022\/11\/RWH_Sitzung_Sa_2010_508.jpg 652w, https:\/\/rot-weisse-husaren.de\/wp-content\/uploads\/2022\/11\/RWH_Sitzung_Sa_2010_508-300x211.jpg 300w\" sizes=\"auto, (max-width: 652px) 100vw, 652px\" \/><\/p>\n<p><img loading=\"lazy\" decoding=\"async\" class=\"size-full wp-image-642\" src=\"https:\/\/rot-weisse-husaren.de\/wp-content\/uploads\/2022\/11\/RWH_Sitzung_Sa_2010_512.jpg\" alt=\"\" width=\"652\" height=\"419\" srcset=\"https:\/\/rot-weisse-husaren.de\/wp-content\/uploads\/2022\/11\/RWH_Sitzung_Sa_2010_512.jpg 652w, https:\/\/rot-weisse-husaren.de\/wp-content\/uploads\/2022\/11\/RWH_Sitzung_Sa_2010_512-300x193.jpg 300w\" sizes=\"auto, (max-width: 652px) 100vw, 652px\" \/><\/p>\n<p style=\"text-align: center;\"><img loading=\"lazy\" decoding=\"async\" class=\"size-full wp-image-643\" src=\"https:\/\/rot-weisse-husaren.de\/wp-content\/uploads\/2022\/11\/RWH_Sitzung_Samstag_2011-412.jpg\" alt=\"\" width=\"652\" height=\"433\" srcset=\"https:\/\/rot-weisse-husaren.de\/wp-content\/uploads\/2022\/11\/RWH_Sitzung_Samstag_2011-412.jpg 652w, https:\/\/rot-weisse-husaren.de\/wp-content\/uploads\/2022\/11\/RWH_Sitzung_Samstag_2011-412-300x199.jpg 300w\" sizes=\"auto, (max-width: 652px) 100vw, 652px\" \/><\/p>\n","protected":false},"excerpt":{"rendered":"<p>Unser Mittelballett \u2013 jung, dynamisch und voller Power! Sie sind das Herzst\u00fcck unseres t\u00e4nzerischen Nachwuchses: die M\u00e4dels des Mittelballetts. Mit erneutem Zuwachs in der Gruppe von jungen T\u00e4nzerinnen, zeigt die [&hellip;]<\/p>\n","protected":false},"author":1,"featured_media":0,"parent":192,"menu_order":0,"comment_status":"closed","ping_status":"closed","template":"","meta":{"footnotes":""},"class_list":["post-627","page","type-page","status-publish","hentry","entry"],"_links":{"self":[{"href":"https:\/\/rot-weisse-husaren.de\/index.php?rest_route=\/wp\/v2\/pages\/627","targetHints":{"allow":["GET"]}}],"collection":[{"href":"https:\/\/rot-weisse-husaren.de\/index.php?rest_route=\/wp\/v2\/pages"}],"about":[{"href":"https:\/\/rot-weisse-husaren.de\/index.php?rest_route=\/wp\/v2\/types\/page"}],"author":[{"embeddable":true,"href":"https:\/\/rot-weisse-husaren.de\/index.php?rest_route=\/wp\/v2\/users\/1"}],"replies":[{"embeddable":true,"href":"https:\/\/rot-weisse-husaren.de\/index.php?rest_route=%2Fwp%2Fv2%2Fcomments&post=627"}],"version-history":[{"count":17,"href":"https:\/\/rot-weisse-husaren.de\/index.php?rest_route=\/wp\/v2\/pages\/627\/revisions"}],"predecessor-version":[{"id":2710,"href":"https:\/\/rot-weisse-husaren.de\/index.php?rest_route=\/wp\/v2\/pages\/627\/revisions\/2710"}],"up":[{"embeddable":true,"href":"https:\/\/rot-weisse-husaren.de\/index.php?rest_route=\/wp\/v2\/pages\/192"}],"wp:attachment":[{"href":"https:\/\/rot-weisse-husaren.de\/index.php?rest_route=%2Fwp%2Fv2%2Fmedia&parent=627"}],"curies":[{"name":"wp","href":"https:\/\/api.w.org\/{rel}","templated":true}]}}