{"id":646,"date":"2022-11-07T20:24:08","date_gmt":"2022-11-07T20:24:08","guid":{"rendered":"https:\/\/rot-weisse-husaren.de\/?page_id=646"},"modified":"2024-05-21T09:22:17","modified_gmt":"2024-05-21T09:22:17","slug":"musikzug","status":"publish","type":"page","link":"https:\/\/rot-weisse-husaren.de\/?page_id=646","title":{"rendered":"Musikzug"},"content":{"rendered":"<p style=\"text-align: center;\">Der Musikzug wurde als Fanfarenzug der Rot-Wei\u00dfen-Husaren im Fr\u00fchjahr\u00a01956\u00a0gegr\u00fcndet. Hierbei handelt es sich auch heute noch um die wohl gr\u00f6\u00dfte Gruppierung innerhalb des Husarenkorps. Einige Spielverpflichtungen aus Vergangenheit seien hier erw\u00e4hnt, so z.B., Auftritte in der Schweiz, Belgien, Niederlande, wo man gleich im 3. Jahre seines Bestehens beim Weltmusikfestival 1958 in Kerkrade die Goldmedaille errang. Dies war bisher die gr\u00f6\u00dfte Auszeichnung bei einem internationalen Wettbewerb.<\/p>\n<p style=\"text-align: center;\">Nachdem zun\u00e4chst mit Naturfanfaren und Landsknechtstrommeln Musik auf traditionelle Art der Fanfarenz\u00fcge gemacht wurde, stellte man sich ab 1981 auf Ventilinstrumente und erweitertes Schlagwerk um. Die Musiker verwenden seit dieser Zeit Trompeten und viele andere Blechblasinstrumente (Fl\u00fcgelh\u00f6rner, Trompeten, B\u00e4sse, Baritone, Posaunen) sowie Schlagwerk unterschiedlichster Art (Lyra, Landsknechttrommeln, Pauke, Snare , Tom-Toms, Dreier -Tom-Set, Becken, div. Rhythmusinstrumente). Somit gelten wir seit dieser Zeit als moderner Musikzug.<\/p>\n<p style=\"text-align: center;\">Das Repertoire des Fanfarenzuges wurde nach und nach um Volkslieder, Polkas, s\u00fcdamerikanische Melodien, moderne M\u00e4rsche, aktuelle Hits, klassische St\u00fccke und vieles mehr erg\u00e4nzt und wird st\u00e4ndig aktualisiert. Im Musikzug trifft man alle Altersklassen an, deren Hobby die Musik ist. W\u00f6chentlich, immer donnerstags und sonntags, wird musiziert, um f\u00fcr die doch vielen Auftritte in der \u00d6ffentlichkeit, auch au\u00dferhalb unserer Stadtgrenzen, bestens ger\u00fcstet zu sein. Unter der musikalischen Ausbildung von Aaron Friedland wird hier kr\u00e4ftig geprobt.<\/p>\n<p style=\"text-align: center;\">\u00a0In der neueren Zeit sieht man den Musikzug der Rot-Wei\u00dfen-Husaren bei Auftritten in \u00d6sterreich (Stockerau),<strong>\u00a0<\/strong>Gladenbach, Frankfurt, Eckenheim, K\u00f6ln, Freundschaftstreffen im rheinlandpf\u00e4lzischen Raum sowie bei den Karnevalsumz\u00fcgen unserer Stadt Andernach, als auch bei befreundeten Vereinen der Umgebung.<\/p>\n<p style=\"text-align: center;\">\u00a0Der Musikzug ist weit \u00fcber die Grenzen seines Heimatgebietes hinaus zu einem Begriff f\u00fcr stimmungsvolle Musik geworden. Hierf\u00fcr noch einmal einen ganz besonderen Dank an unseren Ehren-Tambourmajor\u00a0Gerd Mrosek, der den Musikzug\u00a030 Jahre\u00a0lang geleitet, gef\u00fchrt und geformt hat und auch heute noch durch seine Erfahrung und musikalisches Engagement unterst\u00fctzt.<\/p>\n<p style=\"text-align: center;\">Ein besonderes Highlight der Musiker und Musikerinnen ist das j\u00e4hrlich stattfindende\u00a0Musikwochenende, hier findet sich der gesamte Musikzug ein, um in l\u00e4ndlicher Idylle, dass gesamte Wochenende mit intensiver Musikprobe zu verbringen. Die K\u00fcche wird in dieser Zeit von den aktiven des Musikzugs mit Silke Voss als K\u00fcchen-Chefin gef\u00fchrt. Abends wird gem\u00fctlich gefeiert und gelacht. Nat\u00fcrlich dient ein solches Trainingslager nicht nur der F\u00f6rderung des musikalischen K\u00f6nnens, sondern auch der Kameradschaft, welche eine der Grundvoraussetzungen f\u00fcr ein gutes Zusammenspiel ist.<\/p>\n<p style=\"text-align: center;\">Es versteht sich von selbst, dass auch der Musikzug der Rot-Wei\u00dfen-Husaren sich \u00fcber jeden Neuzugang freut. Die M\u00f6glichkeit des Informierens oder des \u201cHineinschnupperns\u201c ist immer w\u00e4hrend der\u00a0Proben\u00a0gegeben. Diese finden immer\u00a0donnerstags\u00a018.00 Uhr-20.30 Uhr\u00a0und\u00a0sonntags von 10.00 Uhr-11.30 Uhr\u00a0in der Aula der St. Stephansschule Andernach statt.<\/p>\n<p style=\"text-align: center;\">Der Musikzug\u00a0<u>spielt auf Wunsch<\/u> gerne auch an Geburtstagen oder sonstigen Festlichkeiten ein St\u00e4ndchen.<br \/>\nF\u00fcr Terminanfragen wenden Sie sich bitte an die Tambomajorin Sandra Schr\u00f6ter oder senden eine <a href=\"mailto:musikzug@rot-weisse-husaren.de\"><strong>E-Mail<\/strong><\/a>.<\/p>\n<p>Terminanfragen f\u00fcr Spielverpflichtungen anderer Art richten Sie bitte an den Gesch\u00e4ftsf\u00fchrer des Husarenkorps.<\/p>\n<p style=\"text-align: center;\">Besonders freuen w\u00fcrden wir uns, wenn auch Kinder und Jugendliche den Weg zu uns finden w\u00fcrden. Denn ein Musikzug wie wir es sind, kann nur bestehen wenn der Nachwuchs uns unterst\u00fctzt und die Wege f\u00fcr die Zukunft ebnet. Eigens daf\u00fcr entstand aus den Reihen des Musikzuges die Jugendbetreuung welche sich f\u00fcr die Belange der Jugend einsetzt und Unternehmungen wie Zeltlager, Weihnachtsfeier und Kinderkarneval durchf\u00fchrt. F\u00fcr uns ist es wichtig die Jugend zu f\u00f6rdern, damit auch Sie Spa\u00df an der Brauchtumspflege haben und diese f\u00fcr die Zukunft fortf\u00fchren.<\/p>\n<hr \/>\n<p style=\"text-align: center;\"><img loading=\"lazy\" decoding=\"async\" class=\"aligncenter size-full wp-image-647\" src=\"https:\/\/rot-weisse-husaren.de\/wp-content\/uploads\/2022\/11\/Karnevalszug_Plaidt_2006_170.jpg\" alt=\"\" width=\"614\" height=\"410\" srcset=\"https:\/\/rot-weisse-husaren.de\/wp-content\/uploads\/2022\/11\/Karnevalszug_Plaidt_2006_170.jpg 614w, https:\/\/rot-weisse-husaren.de\/wp-content\/uploads\/2022\/11\/Karnevalszug_Plaidt_2006_170-300x200.jpg 300w\" sizes=\"auto, (max-width: 614px) 100vw, 614px\" \/> <img loading=\"lazy\" decoding=\"async\" class=\"aligncenter size-full wp-image-648\" src=\"https:\/\/rot-weisse-husaren.de\/wp-content\/uploads\/2022\/11\/Rosenmontag_2006_039.jpg\" alt=\"\" width=\"614\" height=\"410\" srcset=\"https:\/\/rot-weisse-husaren.de\/wp-content\/uploads\/2022\/11\/Rosenmontag_2006_039.jpg 614w, https:\/\/rot-weisse-husaren.de\/wp-content\/uploads\/2022\/11\/Rosenmontag_2006_039-300x200.jpg 300w\" sizes=\"auto, (max-width: 614px) 100vw, 614px\" \/> <img loading=\"lazy\" decoding=\"async\" class=\"aligncenter wp-image-649\" src=\"https:\/\/rot-weisse-husaren.de\/wp-content\/uploads\/2022\/11\/Rosenmontag_2007_311.jpg\" alt=\"\" width=\"614\" height=\"460\" srcset=\"https:\/\/rot-weisse-husaren.de\/wp-content\/uploads\/2022\/11\/Rosenmontag_2007_311.jpg 730w, https:\/\/rot-weisse-husaren.de\/wp-content\/uploads\/2022\/11\/Rosenmontag_2007_311-300x225.jpg 300w\" sizes=\"auto, (max-width: 614px) 100vw, 614px\" \/> <img loading=\"lazy\" decoding=\"async\" class=\"aligncenter wp-image-650\" src=\"https:\/\/rot-weisse-husaren.de\/wp-content\/uploads\/2022\/11\/rwh_sitzung_2013_.jpg\" alt=\"\" width=\"612\" height=\"407\" srcset=\"https:\/\/rot-weisse-husaren.de\/wp-content\/uploads\/2022\/11\/rwh_sitzung_2013_.jpg 652w, https:\/\/rot-weisse-husaren.de\/wp-content\/uploads\/2022\/11\/rwh_sitzung_2013_-300x199.jpg 300w\" sizes=\"auto, (max-width: 612px) 100vw, 612px\" \/><\/p>\n","protected":false},"excerpt":{"rendered":"<p>Der Musikzug wurde als Fanfarenzug der Rot-Wei\u00dfen-Husaren im Fr\u00fchjahr\u00a01956\u00a0gegr\u00fcndet. Hierbei handelt es sich auch heute noch um die wohl gr\u00f6\u00dfte Gruppierung innerhalb des Husarenkorps. Einige Spielverpflichtungen aus Vergangenheit seien hier erw\u00e4hnt, so z.B., Auftritte in der Schweiz, Belgien, Niederlande, wo man gleich im 3. Jahre seines Bestehens beim Weltmusikfestival 1958 in Kerkrade die Goldmedaille errang. [&hellip;]<\/p>\n","protected":false},"author":1,"featured_media":0,"parent":192,"menu_order":0,"comment_status":"closed","ping_status":"closed","template":"","meta":{"footnotes":""},"class_list":["post-646","page","type-page","status-publish","hentry","entry"],"_links":{"self":[{"href":"https:\/\/rot-weisse-husaren.de\/index.php?rest_route=\/wp\/v2\/pages\/646","targetHints":{"allow":["GET"]}}],"collection":[{"href":"https:\/\/rot-weisse-husaren.de\/index.php?rest_route=\/wp\/v2\/pages"}],"about":[{"href":"https:\/\/rot-weisse-husaren.de\/index.php?rest_route=\/wp\/v2\/types\/page"}],"author":[{"embeddable":true,"href":"https:\/\/rot-weisse-husaren.de\/index.php?rest_route=\/wp\/v2\/users\/1"}],"replies":[{"embeddable":true,"href":"https:\/\/rot-weisse-husaren.de\/index.php?rest_route=%2Fwp%2Fv2%2Fcomments&post=646"}],"version-history":[{"count":5,"href":"https:\/\/rot-weisse-husaren.de\/index.php?rest_route=\/wp\/v2\/pages\/646\/revisions"}],"predecessor-version":[{"id":2256,"href":"https:\/\/rot-weisse-husaren.de\/index.php?rest_route=\/wp\/v2\/pages\/646\/revisions\/2256"}],"up":[{"embeddable":true,"href":"https:\/\/rot-weisse-husaren.de\/index.php?rest_route=\/wp\/v2\/pages\/192"}],"wp:attachment":[{"href":"https:\/\/rot-weisse-husaren.de\/index.php?rest_route=%2Fwp%2Fv2%2Fmedia&parent=646"}],"curies":[{"name":"wp","href":"https:\/\/api.w.org\/{rel}","templated":true}]}}