{"id":661,"date":"2022-11-07T20:33:51","date_gmt":"2022-11-07T20:33:51","guid":{"rendered":"https:\/\/rot-weisse-husaren.de\/?page_id=661"},"modified":"2023-11-01T13:24:21","modified_gmt":"2023-11-01T13:24:21","slug":"offizierskorps","status":"publish","type":"page","link":"https:\/\/rot-weisse-husaren.de\/?page_id=661","title":{"rendered":"Offizierskorps"},"content":{"rendered":"<p style=\"text-align: center;\">Im Offizierskorps der Rot-Wei\u00dfen-Husaren treffen sich alle uniformierten Altersklassen des Vereins, sowie Exprinzessinnen und Exprinzen. Zur Zeit besteht diese Gruppe, wo man sich auch sehr \u00fcber jeden Neuzugang freut, aus 40 aktiven Personen, davon 16 M\u00e4nner, 12 Frauen (Kurzr\u00f6cke) und 12 weiteren Offiziersdamen (auch Langrockgeschwader genannt).<\/p>\n<p style=\"text-align: center;\">Ausschlie\u00dflich aus Mitgliedern des Offizierskorps rekrutiert sich die Fahnengruppe mit Vereinsstandarte, welche auch den Musikzug der Rot-Wei\u00dfen-Husaren das ganze Jahr bei seinen vielen Auftritten, auch au\u00dferhalb unserer Region begleitet. Auch nimmt das gesamte Offizierskorps der Rot-Wei\u00dfen-Husaren nicht nur an den Karnevalsumz\u00fcgen in Andernach teil, sondern stolz pr\u00e4sentiert man sich auch bei den Umz\u00fcgen in Plaidt und Miesenheim, sowie beim RKK-Tag und wechselweise mit den anderen Schwesternkorps unserer Stadt beim Rheinland-Pfalz-Tag.<\/p>\n<p style=\"text-align: center;\">Sollten Sie, liebe Leser, Interesse am Mitwirken in dieser Gruppierung haben, so freut sich das Offizierskorps sehr dar\u00fcber, und ist (f\u00fcr sie, aber auch ihn), \u00fcber den Vorstand erreichbar. Schreiben Sie uns eine unserem Adjutant eine <a href=\"mailto:adjutant@rot-weisse-husaren.de\"><strong>E-Mail.<\/strong><\/a><\/p>\n<hr \/>\n<p style=\"text-align: center;\"><img loading=\"lazy\" decoding=\"async\" class=\"aligncenter size-full wp-image-663\" src=\"https:\/\/rot-weisse-husaren.de\/wp-content\/uploads\/2022\/11\/Offizierskorps.jpg\" alt=\"\" width=\"650\" height=\"487\" srcset=\"https:\/\/rot-weisse-husaren.de\/wp-content\/uploads\/2022\/11\/Offizierskorps.jpg 650w, https:\/\/rot-weisse-husaren.de\/wp-content\/uploads\/2022\/11\/Offizierskorps-300x225.jpg 300w\" sizes=\"auto, (max-width: 650px) 100vw, 650px\" \/> <img loading=\"lazy\" decoding=\"async\" class=\"aligncenter size-full wp-image-662\" src=\"https:\/\/rot-weisse-husaren.de\/wp-content\/uploads\/2022\/11\/IMG_8870.jpg\" alt=\"\" width=\"650\" height=\"432\" srcset=\"https:\/\/rot-weisse-husaren.de\/wp-content\/uploads\/2022\/11\/IMG_8870.jpg 650w, https:\/\/rot-weisse-husaren.de\/wp-content\/uploads\/2022\/11\/IMG_8870-300x199.jpg 300w\" sizes=\"auto, (max-width: 650px) 100vw, 650px\" \/><\/p>\n","protected":false},"excerpt":{"rendered":"<p>Im Offizierskorps der Rot-Wei\u00dfen-Husaren treffen sich alle uniformierten Altersklassen des Vereins, sowie Exprinzessinnen und Exprinzen. Zur Zeit besteht diese Gruppe, wo man sich auch sehr \u00fcber jeden Neuzugang freut, aus [&hellip;]<\/p>\n","protected":false},"author":1,"featured_media":0,"parent":192,"menu_order":0,"comment_status":"closed","ping_status":"closed","template":"","meta":{"footnotes":""},"class_list":["post-661","page","type-page","status-publish","hentry","entry"],"_links":{"self":[{"href":"https:\/\/rot-weisse-husaren.de\/index.php?rest_route=\/wp\/v2\/pages\/661","targetHints":{"allow":["GET"]}}],"collection":[{"href":"https:\/\/rot-weisse-husaren.de\/index.php?rest_route=\/wp\/v2\/pages"}],"about":[{"href":"https:\/\/rot-weisse-husaren.de\/index.php?rest_route=\/wp\/v2\/types\/page"}],"author":[{"embeddable":true,"href":"https:\/\/rot-weisse-husaren.de\/index.php?rest_route=\/wp\/v2\/users\/1"}],"replies":[{"embeddable":true,"href":"https:\/\/rot-weisse-husaren.de\/index.php?rest_route=%2Fwp%2Fv2%2Fcomments&post=661"}],"version-history":[{"count":2,"href":"https:\/\/rot-weisse-husaren.de\/index.php?rest_route=\/wp\/v2\/pages\/661\/revisions"}],"predecessor-version":[{"id":2138,"href":"https:\/\/rot-weisse-husaren.de\/index.php?rest_route=\/wp\/v2\/pages\/661\/revisions\/2138"}],"up":[{"embeddable":true,"href":"https:\/\/rot-weisse-husaren.de\/index.php?rest_route=\/wp\/v2\/pages\/192"}],"wp:attachment":[{"href":"https:\/\/rot-weisse-husaren.de\/index.php?rest_route=%2Fwp%2Fv2%2Fmedia&parent=661"}],"curies":[{"name":"wp","href":"https:\/\/api.w.org\/{rel}","templated":true}]}}