{"id":665,"date":"2022-11-07T20:37:27","date_gmt":"2022-11-07T20:37:27","guid":{"rendered":"https:\/\/rot-weisse-husaren.de\/?page_id=665"},"modified":"2023-04-04T09:58:18","modified_gmt":"2023-04-04T09:58:18","slug":"die-sahnehaeubchen","status":"publish","type":"page","link":"https:\/\/rot-weisse-husaren.de\/?page_id=665","title":{"rendered":"Sahneh\u00e4ubchen"},"content":{"rendered":"<p style=\"text-align: center;\">\u201eSahneh\u00e4ubchen\u201c nennt sich die Gruppe in den Rot-Wei\u00dfen-Husaren, die es sich zur Aufgabe gemacht hat, den allj\u00e4hrlichen Frauenkaffee zu organisieren. Jeweils der Donnerstag nach den gro\u00dfen Prunksitzungen ist im Veranstaltungskalender des Vereins fest f\u00fcr diese Veranstaltung reserviert. Unsere gute Stube, das Vereinslokal \u201eTaubentr\u00e4nke\u201c, bietet den richtigen Rahmen, um ein paar Stunden in gem\u00fctlicher, stimmungsgeladener Runde zu verbringen. Zehn aktive Frauen aus unserem Verein bem\u00fchen sich, in jedem Jahr ein kurzweiliges Programm zu bieten, das keine Langeweile aufkommen l\u00e4sst. Vortr\u00e4ge und musikalische Beitr\u00e4ge geh\u00f6ren dabei genauso zum Programm wie der triumphale Empfang des Prinzenpaares mit Gefolge. Wie es sich f\u00fcr einen Frauenkaffe geh\u00f6rt, werden die zahlreichen G\u00e4ste in jedem Jahr mit Kaffee, Schnittchen und W\u00fcrstchen bewirtet.<\/p>\n<p style=\"text-align: center;\">Du bist interessiert? Dann schreib uns eine\u00a0<a href=\"mailto:frauenkaffee@rot-weisse-husaren.de\"><strong>E-Mail<\/strong><\/a><\/p>\n<hr \/>\n<p style=\"text-align: center;\"><img loading=\"lazy\" decoding=\"async\" class=\"aligncenter size-full wp-image-666\" src=\"https:\/\/rot-weisse-husaren.de\/wp-content\/uploads\/2022\/11\/clip_image002.jpg\" alt=\"\" width=\"474\" height=\"317\" srcset=\"https:\/\/rot-weisse-husaren.de\/wp-content\/uploads\/2022\/11\/clip_image002.jpg 474w, https:\/\/rot-weisse-husaren.de\/wp-content\/uploads\/2022\/11\/clip_image002-300x201.jpg 300w\" sizes=\"auto, (max-width: 474px) 100vw, 474px\" \/><\/p>\n","protected":false},"excerpt":{"rendered":"<p>\u201eSahneh\u00e4ubchen\u201c nennt sich die Gruppe in den Rot-Wei\u00dfen-Husaren, die es sich zur Aufgabe gemacht hat, den allj\u00e4hrlichen Frauenkaffee zu organisieren. Jeweils der Donnerstag nach den gro\u00dfen Prunksitzungen ist im Veranstaltungskalender des Vereins fest f\u00fcr diese Veranstaltung reserviert. Unsere gute Stube, das Vereinslokal \u201eTaubentr\u00e4nke\u201c, bietet den richtigen Rahmen, um ein paar Stunden in gem\u00fctlicher, stimmungsgeladener Runde [&hellip;]<\/p>\n","protected":false},"author":1,"featured_media":0,"parent":192,"menu_order":0,"comment_status":"closed","ping_status":"closed","template":"","meta":{"footnotes":""},"class_list":["post-665","page","type-page","status-publish","hentry","entry"],"_links":{"self":[{"href":"https:\/\/rot-weisse-husaren.de\/index.php?rest_route=\/wp\/v2\/pages\/665","targetHints":{"allow":["GET"]}}],"collection":[{"href":"https:\/\/rot-weisse-husaren.de\/index.php?rest_route=\/wp\/v2\/pages"}],"about":[{"href":"https:\/\/rot-weisse-husaren.de\/index.php?rest_route=\/wp\/v2\/types\/page"}],"author":[{"embeddable":true,"href":"https:\/\/rot-weisse-husaren.de\/index.php?rest_route=\/wp\/v2\/users\/1"}],"replies":[{"embeddable":true,"href":"https:\/\/rot-weisse-husaren.de\/index.php?rest_route=%2Fwp%2Fv2%2Fcomments&post=665"}],"version-history":[{"count":3,"href":"https:\/\/rot-weisse-husaren.de\/index.php?rest_route=\/wp\/v2\/pages\/665\/revisions"}],"predecessor-version":[{"id":1639,"href":"https:\/\/rot-weisse-husaren.de\/index.php?rest_route=\/wp\/v2\/pages\/665\/revisions\/1639"}],"up":[{"embeddable":true,"href":"https:\/\/rot-weisse-husaren.de\/index.php?rest_route=\/wp\/v2\/pages\/192"}],"wp:attachment":[{"href":"https:\/\/rot-weisse-husaren.de\/index.php?rest_route=%2Fwp%2Fv2%2Fmedia&parent=665"}],"curies":[{"name":"wp","href":"https:\/\/api.w.org\/{rel}","templated":true}]}}