{"id":670,"date":"2022-11-07T20:48:55","date_gmt":"2022-11-07T20:48:55","guid":{"rendered":"https:\/\/rot-weisse-husaren.de\/?page_id=670"},"modified":"2025-04-26T09:48:27","modified_gmt":"2025-04-26T08:48:27","slug":"showballett","status":"publish","type":"page","link":"https:\/\/rot-weisse-husaren.de\/?page_id=670","title":{"rendered":"Showballett"},"content":{"rendered":"\r\n<figure class=\"wp-block-image size-large\">\r\n<figcaption class=\"wp-element-caption\">\r\n<figure id=\"attachment_2714\" aria-describedby=\"caption-attachment-2714\" style=\"width: 652px\" class=\"wp-caption aligncenter\"><img loading=\"lazy\" decoding=\"async\" class=\"wp-image-2714\" src=\"https:\/\/rot-weisse-husaren.de\/wp-content\/uploads\/2025\/04\/b30ff8b3-446e-4fa6-b697-6812d7996be5.jpeg\" alt=\"\" width=\"652\" height=\"463\" srcset=\"https:\/\/rot-weisse-husaren.de\/wp-content\/uploads\/2025\/04\/b30ff8b3-446e-4fa6-b697-6812d7996be5.jpeg 1426w, https:\/\/rot-weisse-husaren.de\/wp-content\/uploads\/2025\/04\/b30ff8b3-446e-4fa6-b697-6812d7996be5-300x213.jpeg 300w, https:\/\/rot-weisse-husaren.de\/wp-content\/uploads\/2025\/04\/b30ff8b3-446e-4fa6-b697-6812d7996be5-1024x727.jpeg 1024w, https:\/\/rot-weisse-husaren.de\/wp-content\/uploads\/2025\/04\/b30ff8b3-446e-4fa6-b697-6812d7996be5-768x545.jpeg 768w\" sizes=\"auto, (max-width: 652px) 100vw, 652px\" \/><figcaption id=\"caption-attachment-2714\" class=\"wp-caption-text\">Showtanz 2025 &#8220;Phoenix&#8221;<\/figcaption><\/figure>\r\n<\/figcaption>\r\n<\/figure>\r\n\r\n\r\n<hr class=\"wp-block-separator has-alpha-channel-opacity is-style-wide\" \/>\r\n<p style=\"text-align: center;\">Bereits 1968 ging diese Formation f\u00fcr Rot-Wei\u00df an den Start. Und das im wahrsten Sinne des Wortes. Viele Meisterschaften und Turniere konnten in diesen Jahren bestritten werden. Das Showballett, welches sich aus den tanzbegeisterten Damen des Husarenkorps formiert, ist fester Bestandteil der Rot-Wei\u00dfen Sitzungen sowie des Andernacher Karnevals und auch dar\u00fcber hinaus nicht unbekannt. Viele Leitungs- sowie komplette Generationswechsel konnten der starken Frauen-Power in all diesen Jahren nichts anhaben. Gestern wie heute begeistern sie ihr Publikum mit ihren j\u00e4hrlich wechselnden Mottos. Ob als Kobold, als Drachen, Schornsteinfeger, StarWars, uvm. zeigen sie ihre Darbietungen auf h\u00f6chstem Niveau. 2012 sprengte der &#8220;Avatar&#8221; alle Rekorde.<\/p>\r\n<p style=\"text-align: center;\">Auch im sonstigen Vereinsleben sind die Damen f\u00fcr Rot-Wei\u00df aktiv:\u00a0 Ob im Bierbrunnen beim \u201eFest der tausend Lichter\u201c, im Service des Biergartens auf dem S\u00fcdstadtfest oder bei anderen Veranstaltungen im Verein trifft man auf die helfenden H\u00e4nde dieser lustigen Truppe.<\/p>\r\n<p style=\"text-align: center;\">Der Spa\u00df steht der t\u00e4nzerischen Disziplin in nichts nach, und so wurde auch schon die ein oder andere lustige Tour im Kreise der Tanzgruppe verlebt.<\/p>\r\n<p style=\"text-align: center;\">Seit 2013 wird die Gruppe von dem Trio Marina Spurzem, Laura Steffens und Mareike Daverkausen trainiert. Gemeinsam mit ihren \u201eM\u00e4dels\u201c werden sie sicherlich auch in Zukunft immer wieder frischen Wind, gemixt mit Eleganz und Faszination, in hohem t\u00e4nzerischen K\u00f6nnen bei ihren Auftritten auf die B\u00fchnen zaubern. Marina Spurzem setzte sich 2019 zur Ruhe.<\/p>\r\n<p style=\"text-align: center;\">Wer Interesse an einer frischen und lustigen Gruppe bekommen hat und gerne einmal die B\u00fchnenluft als Showt\u00e4nzerin erleben m\u00f6chten, ist herzlich willkommen. Geprobt wird jeden Mittwoch ab 19:30 Uhr in der Sporthalle der August-Horch-Schule in Andernach.<\/p>\r\n<p style=\"text-align: center;\">Gerne k\u00f6nnt Ihr uns eine <a href=\"mailto:showballett-anfrage@rot-weisse-husaren.de\"><strong>Email<\/strong><\/a>\u00a0schreiben<\/p>\r\n<hr \/>\r\n<p><img loading=\"lazy\" decoding=\"async\" class=\"aligncenter wp-image-2713\" src=\"https:\/\/rot-weisse-husaren.de\/wp-content\/uploads\/2025\/04\/362a3f83-7cf6-40e4-9dca-a8e52b765221.jpeg\" alt=\"\" width=\"652\" height=\"540\" srcset=\"https:\/\/rot-weisse-husaren.de\/wp-content\/uploads\/2025\/04\/362a3f83-7cf6-40e4-9dca-a8e52b765221.jpeg 1600w, https:\/\/rot-weisse-husaren.de\/wp-content\/uploads\/2025\/04\/362a3f83-7cf6-40e4-9dca-a8e52b765221-300x248.jpeg 300w, https:\/\/rot-weisse-husaren.de\/wp-content\/uploads\/2025\/04\/362a3f83-7cf6-40e4-9dca-a8e52b765221-1024x848.jpeg 1024w, https:\/\/rot-weisse-husaren.de\/wp-content\/uploads\/2025\/04\/362a3f83-7cf6-40e4-9dca-a8e52b765221-768x636.jpeg 768w, https:\/\/rot-weisse-husaren.de\/wp-content\/uploads\/2025\/04\/362a3f83-7cf6-40e4-9dca-a8e52b765221-1536x1272.jpeg 1536w\" sizes=\"auto, (max-width: 652px) 100vw, 652px\" \/><\/p>\r\n<p><img loading=\"lazy\" decoding=\"async\" class=\"aligncenter wp-image-2720\" src=\"https:\/\/rot-weisse-husaren.de\/wp-content\/uploads\/2025\/04\/Drache-min-1024x683.jpg\" alt=\"\" width=\"652\" height=\"435\" srcset=\"https:\/\/rot-weisse-husaren.de\/wp-content\/uploads\/2025\/04\/Drache-min-1024x683.jpg 1024w, https:\/\/rot-weisse-husaren.de\/wp-content\/uploads\/2025\/04\/Drache-min-300x200.jpg 300w, https:\/\/rot-weisse-husaren.de\/wp-content\/uploads\/2025\/04\/Drache-min-768x512.jpg 768w, https:\/\/rot-weisse-husaren.de\/wp-content\/uploads\/2025\/04\/Drache-min-1536x1024.jpg 1536w, https:\/\/rot-weisse-husaren.de\/wp-content\/uploads\/2025\/04\/Drache-min.jpg 1599w\" sizes=\"auto, (max-width: 652px) 100vw, 652px\" \/><\/p>\r\n<p><img loading=\"lazy\" decoding=\"async\" class=\"aligncenter wp-image-1488 size-large\" src=\"https:\/\/rot-weisse-husaren.de\/wp-content\/uploads\/2023\/01\/IMG_8501-1024x683.jpg\" alt=\"\" width=\"640\" height=\"427\" srcset=\"https:\/\/rot-weisse-husaren.de\/wp-content\/uploads\/2023\/01\/IMG_8501-1024x683.jpg 1024w, https:\/\/rot-weisse-husaren.de\/wp-content\/uploads\/2023\/01\/IMG_8501-300x200.jpg 300w, https:\/\/rot-weisse-husaren.de\/wp-content\/uploads\/2023\/01\/IMG_8501-768x512.jpg 768w, https:\/\/rot-weisse-husaren.de\/wp-content\/uploads\/2023\/01\/IMG_8501-1536x1024.jpg 1536w, https:\/\/rot-weisse-husaren.de\/wp-content\/uploads\/2023\/01\/IMG_8501-2048x1365.jpg 2048w\" sizes=\"auto, (max-width: 640px) 100vw, 640px\" \/><\/p>\r\n<p><img loading=\"lazy\" decoding=\"async\" class=\"aligncenter wp-image-2721\" src=\"https:\/\/rot-weisse-husaren.de\/wp-content\/uploads\/2025\/04\/Kobolt-min.jpg\" alt=\"\" width=\"652\" height=\"433\" srcset=\"https:\/\/rot-weisse-husaren.de\/wp-content\/uploads\/2025\/04\/Kobolt-min.jpg 1136w, https:\/\/rot-weisse-husaren.de\/wp-content\/uploads\/2025\/04\/Kobolt-min-300x199.jpg 300w, https:\/\/rot-weisse-husaren.de\/wp-content\/uploads\/2025\/04\/Kobolt-min-1024x681.jpg 1024w, https:\/\/rot-weisse-husaren.de\/wp-content\/uploads\/2025\/04\/Kobolt-min-768x510.jpg 768w\" sizes=\"auto, (max-width: 652px) 100vw, 652px\" \/><\/p>\r\n<p><img loading=\"lazy\" decoding=\"async\" class=\"aligncenter wp-image-2722\" src=\"https:\/\/rot-weisse-husaren.de\/wp-content\/uploads\/2025\/04\/Nussknacker-min.jpg\" alt=\"\" width=\"652\" height=\"434\" srcset=\"https:\/\/rot-weisse-husaren.de\/wp-content\/uploads\/2025\/04\/Nussknacker-min.jpg 1136w, https:\/\/rot-weisse-husaren.de\/wp-content\/uploads\/2025\/04\/Nussknacker-min-300x200.jpg 300w, https:\/\/rot-weisse-husaren.de\/wp-content\/uploads\/2025\/04\/Nussknacker-min-1024x682.jpg 1024w, https:\/\/rot-weisse-husaren.de\/wp-content\/uploads\/2025\/04\/Nussknacker-min-768x512.jpg 768w\" sizes=\"auto, (max-width: 652px) 100vw, 652px\" \/><\/p>\r\n<p><img loading=\"lazy\" decoding=\"async\" class=\"aligncenter wp-image-2724\" src=\"https:\/\/rot-weisse-husaren.de\/wp-content\/uploads\/2025\/04\/Schornsteinfeger-min.jpg\" alt=\"\" width=\"652\" height=\"481\" srcset=\"https:\/\/rot-weisse-husaren.de\/wp-content\/uploads\/2025\/04\/Schornsteinfeger-min.jpg 800w, https:\/\/rot-weisse-husaren.de\/wp-content\/uploads\/2025\/04\/Schornsteinfeger-min-300x221.jpg 300w, https:\/\/rot-weisse-husaren.de\/wp-content\/uploads\/2025\/04\/Schornsteinfeger-min-768x566.jpg 768w\" sizes=\"auto, (max-width: 652px) 100vw, 652px\" \/><\/p>\r\n<p><img loading=\"lazy\" decoding=\"async\" class=\"aligncenter wp-image-2723\" src=\"https:\/\/rot-weisse-husaren.de\/wp-content\/uploads\/2025\/04\/Paradiesvogel-min.jpg\" alt=\"\" width=\"652\" height=\"435\" srcset=\"https:\/\/rot-weisse-husaren.de\/wp-content\/uploads\/2025\/04\/Paradiesvogel-min.jpg 1136w, https:\/\/rot-weisse-husaren.de\/wp-content\/uploads\/2025\/04\/Paradiesvogel-min-300x200.jpg 300w, https:\/\/rot-weisse-husaren.de\/wp-content\/uploads\/2025\/04\/Paradiesvogel-min-1024x683.jpg 1024w, https:\/\/rot-weisse-husaren.de\/wp-content\/uploads\/2025\/04\/Paradiesvogel-min-768x512.jpg 768w\" sizes=\"auto, (max-width: 652px) 100vw, 652px\" \/><\/p>\r\n<p><img loading=\"lazy\" decoding=\"async\" class=\"aligncenter wp-image-2719\" src=\"https:\/\/rot-weisse-husaren.de\/wp-content\/uploads\/2025\/04\/Avatar-min.jpg\" alt=\"\" width=\"652\" height=\"424\" srcset=\"https:\/\/rot-weisse-husaren.de\/wp-content\/uploads\/2025\/04\/Avatar-min.jpg 1136w, https:\/\/rot-weisse-husaren.de\/wp-content\/uploads\/2025\/04\/Avatar-min-300x195.jpg 300w, https:\/\/rot-weisse-husaren.de\/wp-content\/uploads\/2025\/04\/Avatar-min-1024x665.jpg 1024w, https:\/\/rot-weisse-husaren.de\/wp-content\/uploads\/2025\/04\/Avatar-min-768x499.jpg 768w\" sizes=\"auto, (max-width: 652px) 100vw, 652px\" \/><\/p>\r\n<p><img loading=\"lazy\" decoding=\"async\" class=\"aligncenter wp-image-2718\" src=\"https:\/\/rot-weisse-husaren.de\/wp-content\/uploads\/2025\/04\/Alt-und-Jung-min.jpg\" alt=\"\" width=\"652\" height=\"405\" srcset=\"https:\/\/rot-weisse-husaren.de\/wp-content\/uploads\/2025\/04\/Alt-und-Jung-min.jpg 960w, https:\/\/rot-weisse-husaren.de\/wp-content\/uploads\/2025\/04\/Alt-und-Jung-min-300x186.jpg 300w, https:\/\/rot-weisse-husaren.de\/wp-content\/uploads\/2025\/04\/Alt-und-Jung-min-768x477.jpg 768w\" sizes=\"auto, (max-width: 652px) 100vw, 652px\" \/><\/p>\r\n<p style=\"text-align: center;\"><img loading=\"lazy\" decoding=\"async\" class=\"aligncenter wp-image-675\" src=\"https:\/\/rot-weisse-husaren.de\/wp-content\/uploads\/2022\/11\/rwh_sitzung_2013-2.jpg\" alt=\"\" width=\"653\" height=\"424\" srcset=\"https:\/\/rot-weisse-husaren.de\/wp-content\/uploads\/2022\/11\/rwh_sitzung_2013-2.jpg 700w, https:\/\/rot-weisse-husaren.de\/wp-content\/uploads\/2022\/11\/rwh_sitzung_2013-2-300x195.jpg 300w\" sizes=\"auto, (max-width: 653px) 100vw, 653px\" \/><\/p>\r\n<p style=\"text-align: center;\"><img loading=\"lazy\" decoding=\"async\" class=\"aligncenter size-full wp-image-676\" src=\"https:\/\/rot-weisse-husaren.de\/wp-content\/uploads\/2022\/11\/RWH_Sitzung_Sa_2010_610.jpg\" alt=\"\" width=\"652\" height=\"422\" srcset=\"https:\/\/rot-weisse-husaren.de\/wp-content\/uploads\/2022\/11\/RWH_Sitzung_Sa_2010_610.jpg 652w, https:\/\/rot-weisse-husaren.de\/wp-content\/uploads\/2022\/11\/RWH_Sitzung_Sa_2010_610-300x194.jpg 300w\" sizes=\"auto, (max-width: 652px) 100vw, 652px\" \/><\/p>\r\n\r\n\r\n\r\n\r\n\r\n\r\n","protected":false},"excerpt":{"rendered":"<p>Bereits 1968 ging diese Formation f\u00fcr Rot-Wei\u00df an den Start. Und das im wahrsten Sinne des Wortes. Viele Meisterschaften und Turniere konnten in diesen Jahren bestritten werden. Das Showballett, welches sich aus den tanzbegeisterten Damen des Husarenkorps formiert, ist fester Bestandteil der Rot-Wei\u00dfen Sitzungen sowie des Andernacher Karnevals und auch dar\u00fcber hinaus nicht unbekannt. Viele [&hellip;]<\/p>\n","protected":false},"author":1,"featured_media":0,"parent":192,"menu_order":0,"comment_status":"closed","ping_status":"closed","template":"","meta":{"footnotes":""},"class_list":["post-670","page","type-page","status-publish","hentry","entry"],"_links":{"self":[{"href":"https:\/\/rot-weisse-husaren.de\/index.php?rest_route=\/wp\/v2\/pages\/670","targetHints":{"allow":["GET"]}}],"collection":[{"href":"https:\/\/rot-weisse-husaren.de\/index.php?rest_route=\/wp\/v2\/pages"}],"about":[{"href":"https:\/\/rot-weisse-husaren.de\/index.php?rest_route=\/wp\/v2\/types\/page"}],"author":[{"embeddable":true,"href":"https:\/\/rot-weisse-husaren.de\/index.php?rest_route=\/wp\/v2\/users\/1"}],"replies":[{"embeddable":true,"href":"https:\/\/rot-weisse-husaren.de\/index.php?rest_route=%2Fwp%2Fv2%2Fcomments&post=670"}],"version-history":[{"count":12,"href":"https:\/\/rot-weisse-husaren.de\/index.php?rest_route=\/wp\/v2\/pages\/670\/revisions"}],"predecessor-version":[{"id":2725,"href":"https:\/\/rot-weisse-husaren.de\/index.php?rest_route=\/wp\/v2\/pages\/670\/revisions\/2725"}],"up":[{"embeddable":true,"href":"https:\/\/rot-weisse-husaren.de\/index.php?rest_route=\/wp\/v2\/pages\/192"}],"wp:attachment":[{"href":"https:\/\/rot-weisse-husaren.de\/index.php?rest_route=%2Fwp%2Fv2%2Fmedia&parent=670"}],"curies":[{"name":"wp","href":"https:\/\/api.w.org\/{rel}","templated":true}]}}