{"id":692,"date":"2022-11-08T10:00:06","date_gmt":"2022-11-08T10:00:06","guid":{"rendered":"https:\/\/rot-weisse-husaren.de\/?page_id=692"},"modified":"2022-11-18T14:06:11","modified_gmt":"2022-11-18T14:06:11","slug":"2015-2","status":"publish","type":"page","link":"https:\/\/rot-weisse-husaren.de\/?page_id=692","title":{"rendered":"2015"},"content":{"rendered":"<figure id=\"attachment_694\" aria-describedby=\"caption-attachment-694\" style=\"width: 400px\" class=\"wp-caption aligncenter\"><img loading=\"lazy\" decoding=\"async\" class=\"wp-image-694 size-full\" src=\"https:\/\/rot-weisse-husaren.de\/wp-content\/uploads\/2022\/11\/2015-Prinzenpaar.jpg\" alt=\"\" width=\"400\" height=\"604\" srcset=\"https:\/\/rot-weisse-husaren.de\/wp-content\/uploads\/2022\/11\/2015-Prinzenpaar.jpg 400w, https:\/\/rot-weisse-husaren.de\/wp-content\/uploads\/2022\/11\/2015-Prinzenpaar-199x300.jpg 199w\" sizes=\"auto, (max-width: 400px) 100vw, 400px\" \/><figcaption id=\"caption-attachment-694\" class=\"wp-caption-text\">Prinzenpaar 2015<\/figcaption><\/figure>\n<p style=\"text-align: center;\">Prinz Michael I. (Michael Klemmer)<br \/>\n\u201eDer Pr\u00f6b von der Kost\u00fcmgrupp\u201c<\/p>\n<p style=\"text-align: center;\">Prinzessin Claudia II. (Claudia Klemmer)<br \/>\n\u201eDer strahlende Stern von S\u00fcdernach\u201c<\/p>\n<h3 style=\"text-align: center;\">Hofstaat:<\/h3>\n<p style=\"text-align: center;\">N\u00e4rrischer Kanzler Rolf (Rolf Peters)<br \/>\n&#8220;Der dicke Hauptmann von Andernach&#8221;<\/p>\n<p style=\"text-align: center;\">N\u00e4rrischer Finanzminister Ernst (Ernst Wittenberg)<br \/>\n&#8220;Der fliegende Rheinl\u00e4nder&#8221;<\/p>\n<p style=\"text-align: center;\">N\u00e4rrischer Verkehrsminister Stephan (Stephan Klemmer)<br \/>\n&#8220;Der Rot-Wei\u00dfe Floriansj\u00fcnger&#8221;<\/p>\n<p style=\"text-align: center;\">N\u00e4rrischer Hofnarr Andreas (Andreas Klemmer)<br \/>\n&#8220;Vom Tat\u00fc zum Tattaa&#8221;<\/p>\n<p style=\"text-align: center;\">Hofdame Britta (Britta Wittenberg geb. Hopp)<br \/>\n&#8220;Der liebliche Goldschimmer&#8221;<\/p>\n<p style=\"text-align: center;\">Hofdame Karin (Karin Quirin)<br \/>\n&#8220;Ett Liebelein vom Altenheim&#8221;<\/p>\n<p style=\"text-align: center;\">Pagen<br \/>\nPage Zoe (Zoe Riedel) und Page Katharina (Katharina Versch)<\/p>\n<p style=\"text-align: center;\">Adjutanten:<br \/>\nThomas Kreck (Stadtsoldaten), David Rehm (Rot-Wei\u00dfe Husaren),<br \/>\nManuela Bl\u00e4ser (Prinzengarde), Ira Br\u00e4uer (Blaue Funken)<\/p>\n<hr \/>\n<figure id=\"attachment_693\" aria-describedby=\"caption-attachment-693\" style=\"width: 300px\" class=\"wp-caption aligncenter\"><img loading=\"lazy\" decoding=\"async\" class=\"wp-image-693 size-full\" src=\"https:\/\/rot-weisse-husaren.de\/wp-content\/uploads\/2022\/11\/2015-Orden.jpg\" alt=\"\" width=\"300\" height=\"334\" srcset=\"https:\/\/rot-weisse-husaren.de\/wp-content\/uploads\/2022\/11\/2015-Orden.jpg 300w, https:\/\/rot-weisse-husaren.de\/wp-content\/uploads\/2022\/11\/2015-Orden-269x300.jpg 269w\" sizes=\"auto, (max-width: 300px) 100vw, 300px\" \/><figcaption id=\"caption-attachment-693\" class=\"wp-caption-text\">Prinzenorden 2015<\/figcaption><\/figure>\n<figure id=\"attachment_942\" aria-describedby=\"caption-attachment-942\" style=\"width: 1864px\" class=\"wp-caption aligncenter\"><a href=\"https:\/\/rot-weisse-husaren.de\/wp-content\/uploads\/2022\/11\/Prinzenpaar2015_HQ.jpeg\" target=\"_blank\" rel=\"noopener\"><img loading=\"lazy\" decoding=\"async\" class=\"wp-image-942 size-full\" src=\"https:\/\/rot-weisse-husaren.de\/wp-content\/uploads\/2022\/11\/Prinzenpaar2015_HQ.jpeg\" alt=\"\" width=\"1864\" height=\"1184\" srcset=\"https:\/\/rot-weisse-husaren.de\/wp-content\/uploads\/2022\/11\/Prinzenpaar2015_HQ.jpeg 1864w, https:\/\/rot-weisse-husaren.de\/wp-content\/uploads\/2022\/11\/Prinzenpaar2015_HQ-300x191.jpeg 300w, https:\/\/rot-weisse-husaren.de\/wp-content\/uploads\/2022\/11\/Prinzenpaar2015_HQ-1024x650.jpeg 1024w, https:\/\/rot-weisse-husaren.de\/wp-content\/uploads\/2022\/11\/Prinzenpaar2015_HQ-768x488.jpeg 768w, https:\/\/rot-weisse-husaren.de\/wp-content\/uploads\/2022\/11\/Prinzenpaar2015_HQ-1536x976.jpeg 1536w\" sizes=\"auto, (max-width: 1864px) 100vw, 1864px\" \/><\/a><figcaption id=\"caption-attachment-942\" class=\"wp-caption-text\">Hofstaat 2015, mit Adjutanten<\/figcaption><\/figure>\n","protected":false},"excerpt":{"rendered":"<p>Prinz Michael I. (Michael Klemmer) \u201eDer Pr\u00f6b von der Kost\u00fcmgrupp\u201c Prinzessin Claudia II. (Claudia Klemmer) \u201eDer strahlende Stern von S\u00fcdernach\u201c Hofstaat: N\u00e4rrischer Kanzler Rolf (Rolf Peters) &#8220;Der dicke Hauptmann von Andernach&#8221; N\u00e4rrischer Finanzminister Ernst (Ernst Wittenberg) &#8220;Der fliegende Rheinl\u00e4nder&#8221; N\u00e4rrischer Verkehrsminister Stephan (Stephan Klemmer) &#8220;Der Rot-Wei\u00dfe Floriansj\u00fcnger&#8221; N\u00e4rrischer Hofnarr Andreas (Andreas Klemmer) &#8220;Vom Tat\u00fc zum [&hellip;]<\/p>\n","protected":false},"author":1,"featured_media":0,"parent":532,"menu_order":0,"comment_status":"closed","ping_status":"closed","template":"","meta":{"footnotes":""},"class_list":["post-692","page","type-page","status-publish","hentry","entry"],"_links":{"self":[{"href":"https:\/\/rot-weisse-husaren.de\/index.php?rest_route=\/wp\/v2\/pages\/692","targetHints":{"allow":["GET"]}}],"collection":[{"href":"https:\/\/rot-weisse-husaren.de\/index.php?rest_route=\/wp\/v2\/pages"}],"about":[{"href":"https:\/\/rot-weisse-husaren.de\/index.php?rest_route=\/wp\/v2\/types\/page"}],"author":[{"embeddable":true,"href":"https:\/\/rot-weisse-husaren.de\/index.php?rest_route=\/wp\/v2\/users\/1"}],"replies":[{"embeddable":true,"href":"https:\/\/rot-weisse-husaren.de\/index.php?rest_route=%2Fwp%2Fv2%2Fcomments&post=692"}],"version-history":[{"count":8,"href":"https:\/\/rot-weisse-husaren.de\/index.php?rest_route=\/wp\/v2\/pages\/692\/revisions"}],"predecessor-version":[{"id":946,"href":"https:\/\/rot-weisse-husaren.de\/index.php?rest_route=\/wp\/v2\/pages\/692\/revisions\/946"}],"up":[{"embeddable":true,"href":"https:\/\/rot-weisse-husaren.de\/index.php?rest_route=\/wp\/v2\/pages\/532"}],"wp:attachment":[{"href":"https:\/\/rot-weisse-husaren.de\/index.php?rest_route=%2Fwp%2Fv2%2Fmedia&parent=692"}],"curies":[{"name":"wp","href":"https:\/\/api.w.org\/{rel}","templated":true}]}}