{"id":716,"date":"2022-11-08T10:30:04","date_gmt":"2022-11-08T10:30:04","guid":{"rendered":"https:\/\/rot-weisse-husaren.de\/?page_id=716"},"modified":"2022-11-08T10:44:18","modified_gmt":"2022-11-08T10:44:18","slug":"2007-2","status":"publish","type":"page","link":"https:\/\/rot-weisse-husaren.de\/?page_id=716","title":{"rendered":"2007"},"content":{"rendered":"<p><img loading=\"lazy\" decoding=\"async\" class=\"aligncenter wp-image-734 \" src=\"https:\/\/rot-weisse-husaren.de\/wp-content\/uploads\/2022\/11\/2007-Prinzenpaar_HQ_web-1.jpg\" alt=\"\" width=\"508\" height=\"723\" srcset=\"https:\/\/rot-weisse-husaren.de\/wp-content\/uploads\/2022\/11\/2007-Prinzenpaar_HQ_web-1.jpg 659w, https:\/\/rot-weisse-husaren.de\/wp-content\/uploads\/2022\/11\/2007-Prinzenpaar_HQ_web-1-211x300.jpg 211w\" sizes=\"auto, (max-width: 508px) 100vw, 508px\" \/><\/p>\n<p style=\"text-align: center;\">Prinz Dieter III. (Dieter Heuft)<br \/>\nVom Nettestrand zur Prinzenwiege<\/p>\n<p style=\"text-align: center;\">Prinzessin Hildegard II. (Hildegard Heuft)<br \/>\nVon Rot-Wei\u00df S\u00fcdernach<\/p>\n<h3><\/h3>\n<h3 style=\"text-align: center;\">Hofstaat:<\/h3>\n<p style=\"text-align: center;\">N\u00e4rrischer Kanzler Michael (Michael Steil)<br \/>\n&#8220;Der Tausendsassa von der Husarenb\u00fchne&#8221;<\/p>\n<p style=\"text-align: center;\">N\u00e4rrischer Finanzminister Christoph (Christoph Doublet)<br \/>\n&#8220;Vom Gleichschritt zum Steuertrip&#8221;<\/p>\n<p style=\"text-align: center;\">N\u00e4rrischer Verkehrsminister Markus (Markus Schmidt)<br \/>\n&#8220;Der Spediant vom Hessenland&#8221;<\/p>\n<p style=\"text-align: center;\">N\u00e4rrischer Hofnarr Marjan (Marjan Lucic)<br \/>\n&#8220;Die tanzende Frohnatur&#8221;<\/p>\n<p style=\"text-align: center;\">Hofdame Marianne (Marianne Agyeman)<br \/>\n&#8220;Der rote Feger aus dem Sch\u00e4ngelland&#8221;<\/p>\n<p style=\"text-align: center;\">Hofdame Elsbeth (Elsbeth Wengert)<br \/>\n&#8220;Die fahnenschwingende B\u00e4ckerblume&#8221;<\/p>\n<p style=\"text-align: center;\">Pagen:<br \/>\nPage Christiane (Christiane V\u00f6lkel) und Page Alexander (Alexander Zimmermann)<\/p>\n<p style=\"text-align: center;\">Adjutanten:<br \/>\nHans-Josef V\u00f6lkel (Stadtsoldaten), Michael Marci (Rot-Wei\u00dfe Husaren),<br \/>\nHaike R\u00f6ches (Prinzengarde), Lutz Schnitzend\u00f6bel (Blaue Funken)<\/p>\n<hr \/>\n<figure id=\"attachment_718\" aria-describedby=\"caption-attachment-718\" style=\"width: 300px\" class=\"wp-caption aligncenter\"><img loading=\"lazy\" decoding=\"async\" class=\"wp-image-718 size-full\" src=\"https:\/\/rot-weisse-husaren.de\/wp-content\/uploads\/2022\/11\/2007-Orden.jpg\" alt=\"\" width=\"300\" height=\"408\" srcset=\"https:\/\/rot-weisse-husaren.de\/wp-content\/uploads\/2022\/11\/2007-Orden.jpg 300w, https:\/\/rot-weisse-husaren.de\/wp-content\/uploads\/2022\/11\/2007-Orden-221x300.jpg 221w\" sizes=\"auto, (max-width: 300px) 100vw, 300px\" \/><figcaption id=\"caption-attachment-718\" class=\"wp-caption-text\">Prinzenorden 2007<\/figcaption><\/figure>\n","protected":false},"excerpt":{"rendered":"<p>Prinz Dieter III. (Dieter Heuft) Vom Nettestrand zur Prinzenwiege Prinzessin Hildegard II. (Hildegard Heuft) Von Rot-Wei\u00df S\u00fcdernach Hofstaat: N\u00e4rrischer Kanzler Michael (Michael Steil) &#8220;Der Tausendsassa von der Husarenb\u00fchne&#8221; N\u00e4rrischer Finanzminister Christoph (Christoph Doublet) &#8220;Vom Gleichschritt zum Steuertrip&#8221; N\u00e4rrischer Verkehrsminister Markus (Markus Schmidt) &#8220;Der Spediant vom Hessenland&#8221; N\u00e4rrischer Hofnarr Marjan (Marjan Lucic) &#8220;Die tanzende Frohnatur&#8221; Hofdame [&hellip;]<\/p>\n","protected":false},"author":1,"featured_media":0,"parent":532,"menu_order":0,"comment_status":"closed","ping_status":"closed","template":"","meta":{"footnotes":""},"class_list":["post-716","page","type-page","status-publish","hentry","entry"],"_links":{"self":[{"href":"https:\/\/rot-weisse-husaren.de\/index.php?rest_route=\/wp\/v2\/pages\/716","targetHints":{"allow":["GET"]}}],"collection":[{"href":"https:\/\/rot-weisse-husaren.de\/index.php?rest_route=\/wp\/v2\/pages"}],"about":[{"href":"https:\/\/rot-weisse-husaren.de\/index.php?rest_route=\/wp\/v2\/types\/page"}],"author":[{"embeddable":true,"href":"https:\/\/rot-weisse-husaren.de\/index.php?rest_route=\/wp\/v2\/users\/1"}],"replies":[{"embeddable":true,"href":"https:\/\/rot-weisse-husaren.de\/index.php?rest_route=%2Fwp%2Fv2%2Fcomments&post=716"}],"version-history":[{"count":5,"href":"https:\/\/rot-weisse-husaren.de\/index.php?rest_route=\/wp\/v2\/pages\/716\/revisions"}],"predecessor-version":[{"id":736,"href":"https:\/\/rot-weisse-husaren.de\/index.php?rest_route=\/wp\/v2\/pages\/716\/revisions\/736"}],"up":[{"embeddable":true,"href":"https:\/\/rot-weisse-husaren.de\/index.php?rest_route=\/wp\/v2\/pages\/532"}],"wp:attachment":[{"href":"https:\/\/rot-weisse-husaren.de\/index.php?rest_route=%2Fwp%2Fv2%2Fmedia&parent=716"}],"curies":[{"name":"wp","href":"https:\/\/api.w.org\/{rel}","templated":true}]}}