{"id":722,"date":"2022-11-08T10:32:17","date_gmt":"2022-11-08T10:32:17","guid":{"rendered":"https:\/\/rot-weisse-husaren.de\/?page_id=722"},"modified":"2022-11-08T10:45:49","modified_gmt":"2022-11-08T10:45:49","slug":"2003-2","status":"publish","type":"page","link":"https:\/\/rot-weisse-husaren.de\/?page_id=722","title":{"rendered":"2003"},"content":{"rendered":"<figure id=\"attachment_728\" aria-describedby=\"caption-attachment-728\" style=\"width: 400px\" class=\"wp-caption aligncenter\"><img loading=\"lazy\" decoding=\"async\" class=\"wp-image-728 size-full\" src=\"https:\/\/rot-weisse-husaren.de\/wp-content\/uploads\/2022\/11\/2003-Prinzenpaar.jpg\" alt=\"\" width=\"400\" height=\"534\" srcset=\"https:\/\/rot-weisse-husaren.de\/wp-content\/uploads\/2022\/11\/2003-Prinzenpaar.jpg 400w, https:\/\/rot-weisse-husaren.de\/wp-content\/uploads\/2022\/11\/2003-Prinzenpaar-225x300.jpg 225w\" sizes=\"auto, (max-width: 400px) 100vw, 400px\" \/><figcaption id=\"caption-attachment-728\" class=\"wp-caption-text\">Prinzenpaar 2003<\/figcaption><\/figure>\n<p style=\"text-align: center;\">Prinz Gero I. (Gero Gutjahr)<br \/>\n\u201eVom Schusterjung zum B\u00e4ckerjung\u201c<\/p>\n<p style=\"text-align: center;\">Prinzessin Claudia I. (Claudia Bersch)<br \/>\n\u201eDie feurige Husarin\u201c<\/p>\n<h3 style=\"text-align: center;\">Hofstaat:<\/h3>\n<p style=\"text-align: center;\">N\u00e4rrischer Kanzler Manfred (Manfred Schmid)<br \/>\n\u201evom Main zum Rhein\u201c<\/p>\n<p style=\"text-align: center;\">N\u00e4rrischer Finanzminister Marcus (Marcus Sch\u00fcpping)<br \/>\n&#8220;der flotte Standartentr\u00e4ger von der Hochstra\u00dfe&#8221;<\/p>\n<p style=\"text-align: center;\">N\u00e4rrischer Verkehrsminister Manni (Manfred Schr\u00f6ter)<br \/>\n\u201evon der Note zum Bass\u201c<\/p>\n<p style=\"text-align: center;\">Hofnarr J\u00fcrgen (J\u00fcrgen Dahm)<br \/>\n&#8220;Yogi der Strahlemann&#8221;<\/p>\n<p style=\"text-align: center;\">Hofdame Sandra (Sandra Kisow)<br \/>\n\u201evon der schnellen Tastatur\u201c<\/p>\n<p style=\"text-align: center;\">Hofdame Bianca (Bianca Gutjahr)<br \/>\n&#8220;die tanzende Sommersprosse&#8221;<\/p>\n<p style=\"text-align: center;\">Pagen:<br \/>\nPage Lisa (Lisa Drews) und Page Ronny (Ronny Agyeman)<\/p>\n<p style=\"text-align: center;\">Adjutanten:<br \/>\nAngelo Carrus (Stadtsoldaten), Claudia Mainka (Rot-Wei\u00dfe Husaren),<br \/>\nSylvia Wandtke (Prinzengarde), Peter Schr\u00f6mges (Blaue Funken)<\/p>\n<hr \/>\n<figure id=\"attachment_727\" aria-describedby=\"caption-attachment-727\" style=\"width: 300px\" class=\"wp-caption aligncenter\"><img loading=\"lazy\" decoding=\"async\" class=\"wp-image-727 size-full\" src=\"https:\/\/rot-weisse-husaren.de\/wp-content\/uploads\/2022\/11\/2003-Orden.jpg\" alt=\"\" width=\"300\" height=\"379\" srcset=\"https:\/\/rot-weisse-husaren.de\/wp-content\/uploads\/2022\/11\/2003-Orden.jpg 300w, https:\/\/rot-weisse-husaren.de\/wp-content\/uploads\/2022\/11\/2003-Orden-237x300.jpg 237w\" sizes=\"auto, (max-width: 300px) 100vw, 300px\" \/><figcaption id=\"caption-attachment-727\" class=\"wp-caption-text\">Prinzenorden 2003<\/figcaption><\/figure>\n<figure id=\"attachment_730\" aria-describedby=\"caption-attachment-730\" style=\"width: 640px\" class=\"wp-caption aligncenter\"><a href=\"https:\/\/rot-weisse-husaren.de\/wp-content\/uploads\/2022\/11\/2003-Prinzenpaar_HQ_web.jpg\" target=\"_blank\" rel=\"noopener\"><img loading=\"lazy\" decoding=\"async\" class=\"wp-image-730 size-large\" src=\"https:\/\/rot-weisse-husaren.de\/wp-content\/uploads\/2022\/11\/2003-Prinzenpaar_HQ_web-1024x725.jpg\" alt=\"\" width=\"640\" height=\"453\" srcset=\"https:\/\/rot-weisse-husaren.de\/wp-content\/uploads\/2022\/11\/2003-Prinzenpaar_HQ_web-1024x725.jpg 1024w, https:\/\/rot-weisse-husaren.de\/wp-content\/uploads\/2022\/11\/2003-Prinzenpaar_HQ_web-300x213.jpg 300w, https:\/\/rot-weisse-husaren.de\/wp-content\/uploads\/2022\/11\/2003-Prinzenpaar_HQ_web-768x544.jpg 768w, https:\/\/rot-weisse-husaren.de\/wp-content\/uploads\/2022\/11\/2003-Prinzenpaar_HQ_web.jpg 1252w\" sizes=\"auto, (max-width: 640px) 100vw, 640px\" \/><\/a><figcaption id=\"caption-attachment-730\" class=\"wp-caption-text\">Hofstaat mit Adjutanten 2003<\/figcaption><\/figure>\n","protected":false},"excerpt":{"rendered":"<p>Prinz Gero I. (Gero Gutjahr) \u201eVom Schusterjung zum B\u00e4ckerjung\u201c Prinzessin Claudia I. (Claudia Bersch) \u201eDie feurige Husarin\u201c Hofstaat: N\u00e4rrischer Kanzler Manfred (Manfred Schmid) \u201evom Main zum Rhein\u201c N\u00e4rrischer Finanzminister Marcus (Marcus Sch\u00fcpping) &#8220;der flotte Standartentr\u00e4ger von der Hochstra\u00dfe&#8221; N\u00e4rrischer Verkehrsminister Manni (Manfred Schr\u00f6ter) \u201evon der Note zum Bass\u201c Hofnarr J\u00fcrgen (J\u00fcrgen Dahm) &#8220;Yogi der Strahlemann&#8221; [&hellip;]<\/p>\n","protected":false},"author":1,"featured_media":0,"parent":532,"menu_order":0,"comment_status":"closed","ping_status":"closed","template":"","meta":{"footnotes":""},"class_list":["post-722","page","type-page","status-publish","hentry","entry"],"_links":{"self":[{"href":"https:\/\/rot-weisse-husaren.de\/index.php?rest_route=\/wp\/v2\/pages\/722","targetHints":{"allow":["GET"]}}],"collection":[{"href":"https:\/\/rot-weisse-husaren.de\/index.php?rest_route=\/wp\/v2\/pages"}],"about":[{"href":"https:\/\/rot-weisse-husaren.de\/index.php?rest_route=\/wp\/v2\/types\/page"}],"author":[{"embeddable":true,"href":"https:\/\/rot-weisse-husaren.de\/index.php?rest_route=\/wp\/v2\/users\/1"}],"replies":[{"embeddable":true,"href":"https:\/\/rot-weisse-husaren.de\/index.php?rest_route=%2Fwp%2Fv2%2Fcomments&post=722"}],"version-history":[{"count":8,"href":"https:\/\/rot-weisse-husaren.de\/index.php?rest_route=\/wp\/v2\/pages\/722\/revisions"}],"predecessor-version":[{"id":738,"href":"https:\/\/rot-weisse-husaren.de\/index.php?rest_route=\/wp\/v2\/pages\/722\/revisions\/738"}],"up":[{"embeddable":true,"href":"https:\/\/rot-weisse-husaren.de\/index.php?rest_route=\/wp\/v2\/pages\/532"}],"wp:attachment":[{"href":"https:\/\/rot-weisse-husaren.de\/index.php?rest_route=%2Fwp%2Fv2%2Fmedia&parent=722"}],"curies":[{"name":"wp","href":"https:\/\/api.w.org\/{rel}","templated":true}]}}