{"id":879,"date":"2022-11-10T10:48:36","date_gmt":"2022-11-10T10:48:36","guid":{"rendered":"https:\/\/rot-weisse-husaren.de\/?page_id=879"},"modified":"2022-11-10T11:00:51","modified_gmt":"2022-11-10T11:00:51","slug":"1962-2","status":"publish","type":"page","link":"https:\/\/rot-weisse-husaren.de\/?page_id=879","title":{"rendered":"1962"},"content":{"rendered":"<figure id=\"attachment_883\" aria-describedby=\"caption-attachment-883\" style=\"width: 400px\" class=\"wp-caption aligncenter\"><img loading=\"lazy\" decoding=\"async\" class=\"size-full wp-image-883\" src=\"https:\/\/rot-weisse-husaren.de\/wp-content\/uploads\/2022\/11\/1962-Prinzenpaar.jpg\" alt=\"\" width=\"400\" height=\"561\" srcset=\"https:\/\/rot-weisse-husaren.de\/wp-content\/uploads\/2022\/11\/1962-Prinzenpaar.jpg 400w, https:\/\/rot-weisse-husaren.de\/wp-content\/uploads\/2022\/11\/1962-Prinzenpaar-214x300.jpg 214w\" sizes=\"auto, (max-width: 400px) 100vw, 400px\" \/><figcaption id=\"caption-attachment-883\" class=\"wp-caption-text\">Prinzenpaar 1962<\/figcaption><\/figure>\n<p style=\"text-align: center;\">Prinz Heinrich II. (Heinrich Latterich)<br \/>\n\u201eVon der Farbenpracht\u201c<\/p>\n<p style=\"text-align: center;\">Prinzessin Hanna I. (Hanna Kr\u00e4mer)<strong><br \/>\n<\/strong>\u201eVon Rem\u00e4rk\u201c<\/p>\n<p style=\"text-align: center;\"><strong>Hofstaat:<\/strong><\/p>\n<p style=\"text-align: center;\">N\u00e4rrischer Kanzler Peter (Peter Lempenscherf)<\/p>\n<p style=\"text-align: center;\">N\u00e4rrischer Schatzmeister Peter (Peter Mentges)<\/p>\n<p style=\"text-align: center;\">N\u00e4rrischer Minister Manfred (Manfred Bladowski)<\/p>\n<p style=\"text-align: center;\">N\u00e4rrischer Hofnarr Helmut (Helmut B\u00f6hmer)<\/p>\n<p style=\"text-align: center;\">Hofdame Helga (Helga Thalwitzer-Roth)<\/p>\n<p style=\"text-align: center;\">Hofdame Birgit (Birgit Schumacher-Welling)<\/p>\n<p style=\"text-align: center;\">Adjutanten:<br \/>\nAnton Kossmann (Prinzengarde), Jupp Unger Sen. (Stadtsoldaten),<br \/>\nMathias Maus (Blaue Funken), Heinrich Rommersbach (Rot-Wei\u00dfe Husaren)<\/p>\n<hr \/>\n<figure id=\"attachment_882\" aria-describedby=\"caption-attachment-882\" style=\"width: 300px\" class=\"wp-caption aligncenter\"><img loading=\"lazy\" decoding=\"async\" class=\"size-full wp-image-882\" src=\"https:\/\/rot-weisse-husaren.de\/wp-content\/uploads\/2022\/11\/1962-Orden.jpg\" alt=\"\" width=\"300\" height=\"344\" srcset=\"https:\/\/rot-weisse-husaren.de\/wp-content\/uploads\/2022\/11\/1962-Orden.jpg 300w, https:\/\/rot-weisse-husaren.de\/wp-content\/uploads\/2022\/11\/1962-Orden-262x300.jpg 262w\" sizes=\"auto, (max-width: 300px) 100vw, 300px\" \/><figcaption id=\"caption-attachment-882\" class=\"wp-caption-text\">Prinzenorden 1962<\/figcaption><\/figure>\n","protected":false},"excerpt":{"rendered":"<p>Prinz Heinrich II. (Heinrich Latterich) \u201eVon der Farbenpracht\u201c Prinzessin Hanna I. (Hanna Kr\u00e4mer) \u201eVon Rem\u00e4rk\u201c Hofstaat: N\u00e4rrischer Kanzler Peter (Peter Lempenscherf) N\u00e4rrischer Schatzmeister Peter (Peter Mentges) N\u00e4rrischer Minister Manfred (Manfred Bladowski) N\u00e4rrischer Hofnarr Helmut (Helmut B\u00f6hmer) Hofdame Helga (Helga Thalwitzer-Roth) Hofdame Birgit (Birgit Schumacher-Welling) Adjutanten: Anton Kossmann (Prinzengarde), Jupp Unger Sen. (Stadtsoldaten), Mathias Maus (Blaue [&hellip;]<\/p>\n","protected":false},"author":1,"featured_media":0,"parent":532,"menu_order":0,"comment_status":"closed","ping_status":"closed","template":"","meta":{"footnotes":""},"class_list":["post-879","page","type-page","status-publish","hentry","entry"],"_links":{"self":[{"href":"https:\/\/rot-weisse-husaren.de\/index.php?rest_route=\/wp\/v2\/pages\/879","targetHints":{"allow":["GET"]}}],"collection":[{"href":"https:\/\/rot-weisse-husaren.de\/index.php?rest_route=\/wp\/v2\/pages"}],"about":[{"href":"https:\/\/rot-weisse-husaren.de\/index.php?rest_route=\/wp\/v2\/types\/page"}],"author":[{"embeddable":true,"href":"https:\/\/rot-weisse-husaren.de\/index.php?rest_route=\/wp\/v2\/users\/1"}],"replies":[{"embeddable":true,"href":"https:\/\/rot-weisse-husaren.de\/index.php?rest_route=%2Fwp%2Fv2%2Fcomments&post=879"}],"version-history":[{"count":4,"href":"https:\/\/rot-weisse-husaren.de\/index.php?rest_route=\/wp\/v2\/pages\/879\/revisions"}],"predecessor-version":[{"id":899,"href":"https:\/\/rot-weisse-husaren.de\/index.php?rest_route=\/wp\/v2\/pages\/879\/revisions\/899"}],"up":[{"embeddable":true,"href":"https:\/\/rot-weisse-husaren.de\/index.php?rest_route=\/wp\/v2\/pages\/532"}],"wp:attachment":[{"href":"https:\/\/rot-weisse-husaren.de\/index.php?rest_route=%2Fwp%2Fv2%2Fmedia&parent=879"}],"curies":[{"name":"wp","href":"https:\/\/api.w.org\/{rel}","templated":true}]}}